{"id":276,"date":"2015-04-17T00:00:00","date_gmt":"2015-04-16T23:00:00","guid":{"rendered":"http:\/\/www.grappa.no\/albums\/uncategorized\/inger-lise-stulien-berre-deg\/"},"modified":"2016-04-19T19:23:26","modified_gmt":"2016-04-19T18:23:26","slug":"inger-lise-stulien-berre-deg","status":"publish","type":"product","link":"https:\/\/grappa.no\/no\/albums\/grappa\/inger-lise-stulien-berre-deg\/","title":{"rendered":"Inger Lise Stulien &#8211; Berre Deg"},"content":{"rendered":"<p><\/p>\n<p>Inger Lise Stulien &#8211; Berre deg<\/p>\n<p>Song og tradisjon er sentralt i Inger Lise Stulien sitt liv. Ho skapar n\u00e6rleik og kj\u00e6rleik i songane ved \u00e5 syngje p\u00e5 dialekt og nynorsk, m\u00e5lforma som ligg hennar hjarte nerast. No er ho klar med sitt nye album; Berre deg.<\/p>\n<p>\u201dBerre deg\u201d inneheld songar der alle tekstene er skrive av Inger Lise sj\u00f8lv. Melodiane er komponerte av Inger Lise og hennar faste gitarist gjennom 12 \u00e5r, Knut Kjetil M\u00f8en. Det musikalske landskapet p\u00e5 Inger Lise sitt album ligg i countrysjangaren, med innslag av countryrock, folk, roots, vise, pop og er folkeleg.<\/p>\n<p>Inger Lise let seg inspirera av \u00e5rstidene, og denne gongen av v\u00e5ren. Det kjem tydeleg fram i tekstene ho skriv. Fleire av tekstene har sitt utspring fr\u00e5 eige levd liv. Medan andre tekster baserer seg p\u00e5 erfaringar som vener og kjende deler med henne, p\u00e5 godt og vondt. P\u00e5 tittell\u00e5ten \u00abBerre deg\u00bb g\u00e5r Inger Lise i duett med Thom Hell. Andre duettpartnarar p\u00e5 albumet er Trygve Skaug og Stein Roger Sordal.<\/p>\n<p><!--more--><\/p>\n<p>Song og tradisjon er sentralt i Inger Lise Stulien sitt liv. Ho skapar n\u00e6rleik og kj\u00e6rleik i songane ved \u00e5 syngje p\u00e5 dialekt og nynorsk, m\u00e5lforma som ligg hennar hjarte nerast. No er ho klar med sitt nye album; Berre deg.<\/p>\n<h4>Inspirasjon<\/h4>\n<p>Inger Lise let seg inspirera av \u00e5rstidene, og denne gongen av v\u00e5ren. Det kjem tydeleg fram i tekstene ho skriv. Fleire av tekstene har sitt utspring fr\u00e5 eige levd liv. Medan andre tekster baserer seg p\u00e5 erfaringar som vener og kjende deler med henne, p\u00e5 godt og vondt. Songane spenner fr\u00e5 \u00e5 vere lettstemte og glade til melankolske, vakre kj\u00e6rleikssongar. For andre av l\u00e5tene er tema sorg, sakn, smerte og vemod. B\u00e5de tekster og melodiar har ei varm undertone der takksemd og gleda st\u00e5r sentralt.<br \/>\nSongane speglar s\u00e5vel dei gode som dei s\u00e5re kontrastane vi kan kjenne p\u00e5. P\u00e5 tittell\u00e5ten \u00abBerre deg\u00bb g\u00e5r Inger Lise i duett med Thom Hell. Andre duettpartnarar p\u00e5 albumet er Trygve Skaug og Stein Roger Sordal. Produksjonen er innspelt i Kongshavn Studio, med Bj\u00f8rn Ole Rasch som produsent og arrang\u00f8r. Innspelinga byrja i fjor v\u00e5r, og er klar for utgjeving denne v\u00e5ren.<\/p>\n<h4>Hyllest til barndomen<\/h4>\n<p>Inger Lise Stulien er i fr\u00e5 bygda Byremo i Audnedal kommune, Vest Agder fylke,men no busett i nedre Setesdal. Inger Lise har f\u00e5tt \u00abM\u00e5lblomen\u00bb av Noregs M\u00e5llag, for hennar formidling av den nynorske songkulturen. Songen har alltid vore ein viktig del av hennar liv. Fyrste gong ho song p\u00e5 S\u00f8rlandssendinga var ho berre fire \u00e5r gamal. Ho er yngst av ein syskenflokk p\u00e5 \u00e5tte, der far hennar spelte trekkspel og ho og  syskena var med rundt og underheldt med han p\u00e5 ulike tilstelningar. Far hennar p\u00e5 over 90 \u00e5r, er no med henne og gjer ein trekkspelsolo p\u00e5 ein song ho har skrive som<br \/>\nein hyllest til hennar gode barndom.<\/p>\n<h4>Inger Lise Stulien<\/h4>\n<p>Musikken har f\u00f8lgd henne heile livet. Ho er utdanna l\u00e6rar og nyttar musikken aktivt i undervisninga. Ho gjer mykje konsertar s\u00e6rleg rundt p\u00e5 S\u00f8rlandet, men har og hatt konsertar p\u00e5 Svalbard og i Kirkenes med ulike konsept. Ho har turnert og opptredd saman med fleire andre artistar som bla. Bj\u00f8ro H\u00e5land, Stella Parton, John Brack, Kirsten Br\u00e5ten Berg, Kim Andr\u00e8 Rysstad, Torstein S\u00f8dal og Jan Engervik. Ho har gjort fleire duettar som er utgjeve p\u00e5 tidlegare plater bl.a med Olav Stedje og Sveinung H\u00f8lmebakk (Nordic Tenors), samt har ho gjort ei innspeling saman med Alexander Rybak p\u00e5 fele. Stulien gjorde ein duett saman med Bobby Bare under Breim countrytreff p\u00e5 hovudscenen der, for \u00e5 nemna noko. \u201dBerre deg\u201d er det fjerde soloalbumet til Inger Lise, utgjeve av eit plateselskap. Ho har i tillegg fleire utgjevingar bak seg fr\u00e5 eigne distribueringar. Ho har oppn\u00e5dd b\u00e5de A- og B listing av tidlegare songar p\u00e5 NRK P1. Ho har f\u00e5tt terningkast fem av fleire riksdekkjande aviser for plata \u201dHeim te jol\u201d, utgjeve i 2011.<\/p>\n<p><\/p>","protected":false},"excerpt":{"rendered":"<p>P\u00e5 tittelsporet \u00abBerre deg\u00bb g\u00e5r Inger Lise i duett med Thom Hell. Andre duettpartnarar p\u00e5 albumet er Trygve Skaug og Stein Roger Sordal.<\/p>\n","protected":false},"featured_media":27157,"comment_status":"closed","ping_status":"open","template":"","meta":[],"product_brand":[],"product_cat":[6],"product_tag":[],"class_list":{"0":"post-276","1":"product","2":"type-product","3":"status-publish","4":"has-post-thumbnail","6":"product_cat-grappa","7":"product_shipping_class-cddvd-shipping","8":"uni_artist_tag-alf-trygve-winge","9":"uni_artist_tag-annbjorg-lien","10":"uni_artist_tag-arthur-stulien","11":"uni_artist_tag-bjorn-ole-rasch","12":"uni_artist_tag-dag-erik-oksvold","13":"uni_artist_tag-grethe-stulien-lauen","14":"uni_artist_tag-hilde-nordbakken","15":"uni_artist_tag-inger-lise-stulien","16":"uni_artist_tag-knut-k-moen","17":"uni_artist_tag-oystein-lauen","18":"uni_artist_tag-per-elias-drablos","19":"uni_artist_tag-per-hillestad","20":"uni_artist_tag-sebastian-gruchot","21":"uni_artist_tag-stein-roger-sordal","22":"uni_artist_tag-thom-hell","23":"uni_artist_tag-trond-arntzen","24":"uni_artist_tag-trygve-skaug","25":"uni_artist_tag-vidar-bo","26":"uni_main_artist_tag-inger-lise-stulien","27":"uni_artist_genre-country","28":"uni_artist_genre-folk","29":"uni_artist_genre-pop","31":"first","32":"instock","33":"taxable","34":"shipping-taxable","35":"purchasable","36":"product-type-simple"},"_links":{"self":[{"href":"https:\/\/grappa.no\/no\/wp-json\/wp\/v2\/product\/276","targetHints":{"allow":["GET"]}}],"collection":[{"href":"https:\/\/grappa.no\/no\/wp-json\/wp\/v2\/product"}],"about":[{"href":"https:\/\/grappa.no\/no\/wp-json\/wp\/v2\/types\/product"}],"replies":[{"embeddable":true,"href":"https:\/\/grappa.no\/no\/wp-json\/wp\/v2\/comments?post=276"}],"wp:featuredmedia":[{"embeddable":true,"href":"https:\/\/grappa.no\/no\/wp-json\/wp\/v2\/media\/27157"}],"wp:attachment":[{"href":"https:\/\/grappa.no\/no\/wp-json\/wp\/v2\/media?parent=276"}],"wp:term":[{"taxonomy":"product_brand","embeddable":true,"href":"https:\/\/grappa.no\/no\/wp-json\/wp\/v2\/product_brand?post=276"},{"taxonomy":"product_cat","embeddable":true,"href":"https:\/\/grappa.no\/no\/wp-json\/wp\/v2\/product_cat?post=276"},{"taxonomy":"product_tag","embeddable":true,"href":"https:\/\/grappa.no\/no\/wp-json\/wp\/v2\/product_tag?post=276"}],"curies":[{"name":"wp","href":"https:\/\/api.w.org\/{rel}","templated":true}]}}