{"id":272,"date":"2015-03-06T00:00:00","date_gmt":"2015-03-05T23:00:00","guid":{"rendered":"http:\/\/www.grappa.no\/albums\/uncategorized\/gjems-stolefjell-jacobsen-og-skoglund-blatt-rom\/"},"modified":"2018-10-12T06:39:55","modified_gmt":"2018-10-12T05:39:55","slug":"gjems-stolefjell-jacobsen-og-skoglund-blatt-rom","status":"publish","type":"product","link":"https:\/\/grappa.no\/no\/albums\/blue-mood-records\/gjems-stolefjell-jacobsen-og-skoglund-blatt-rom\/","title":{"rendered":"Gjems, St\u00f8lefjell, Jacobsen og Skoglund &#8211; Bl\u00e5tt Rom"},"content":{"rendered":"<p><\/p>\n<p>Gjems, St\u00f8lefjell, Jacobsen, Skoglund &#8211; Bl\u00e5tt Rom<\/p>\n<p>Blues er folkemusikk som puster. Musikk som fyller rommet, men samtidig lar lufta klinge med. H\u00f8sten 2014 tilbrakte Richard Gjems, \u00d8yvind St\u00f8lefjell, Ronnie Jacobsen og Robert Skoglund en helg i Sanden Studio i Kristiansand. Studioets formidable rom innb\u00f8d til forbr\u00f8dring og kontemplasjon over en felles bluesarv. Samtlige innspillinger p\u00e5 albumet er gjort live, i ett og samme rom, med sm\u00e5 amper, uten headsett. Musikken puster. Lever igjen. L\u00e5ter selvsikkert og vitalt. Dette er mest sannsynlig \u00e5rets mest kompromissl\u00f8se bluesutgivelse.<\/p>\n<p><!--more--><\/p>\n<p>Et stort, bl\u00e5tt rom<\/p>\n<h4>Liveinnspillinger<\/h4>\n<p>De fire markante musikkprofilene spiller opp mot hverandre s\u00e5 vel som de klanglige omgivelsene. Det hele iscenesatt med kirurgisk presisjon av lydtrollmann og tekniker Ulf Holand. Samtlige innspillinger p\u00e5 albumet er gjort live, i ett og samme rom, med sm\u00e5 amper, uten headsett. Kuttene har en avdempet subtilitet og dyp idiomatisk forst\u00e5else som gj\u00f8r dem til noe mer enn skoleflinke stil\u00f8velser. Musikken puster. Lever igjen. L\u00e5ter selvsikkert og vitalt. Omgitt av et stort, tredimensjonalt rom, framst\u00e5r det hele som et impresjonistisk ekko av snart 70 \u00e5r gamle lydb\u00f8lger \u2013 ikke en annenh\u00e5nds bl\u00e5kopi.<\/p>\n<h4>Folkemusikk som puster<\/h4>\n<p>Blues er folkemusikk som puster. Musikk som fyller rommet, men samtidig lar lufta klinge med. Lytt til de klassiske innspillingene med Muddy Waters, Howlin\u2019 Wolf, Little Walter eller Jimmy Rogers. Intrikat ensemblespill veves rundt et vokalt midtpunkt som draperes i dr\u00f8mmende lydbilder av klang og ekko. B\u00f8lger som sl\u00e5s tilbake i sm\u00e5 regnskurer av gjentagende lyd. Labler som Chess, Cobra, VeeJay hadde alle sine klanglige signaturer, produksjonsidealer og foretrukne studioer.<\/p>\n<p>\u201dJeg kan med h\u00e5nden p\u00e5 hjertet si at jeg aldri har spilt i en setting der kjemi-f\u00f8lselsen har v\u00e6rt mer til stede enn den har v\u00e6rt her. Dette tror jeg er hovedgrunnen til at nettopp vi fire har funnet sammen, og jeg er overbevist om at dette har gitt prosjektet en ekstra dimensjon hva ang\u00e5r kvalitet\u201d, sier Ronnie Jacobsen. Sammen utgj\u00f8r konstellasjonen Gjems\/St\u00f8lefjell\/Jacobsen\/Skoglund de fire veggene i et rom. Et stort, bl\u00e5tt rom.<\/p>\n<h4><\/h4>\n<\/p>\n<p><\/p>","protected":false},"excerpt":{"rendered":"<p>L\u00e5ter selvsikkert og vitalt. Omgitt av et stort, tredimensjonalt rom, framst\u00e5r det hele som et impresjonistisk ekko av snart 70 \u00e5r gamle lydb\u00f8lger \u2013 ikke en annenh\u00e5nds bl\u00e5kopi.<\/p>\n","protected":false},"featured_media":26896,"comment_status":"closed","ping_status":"open","template":"","meta":[],"product_brand":[],"product_cat":[51],"product_tag":[],"class_list":{"0":"post-272","1":"product","2":"type-product","3":"status-publish","4":"has-post-thumbnail","6":"product_cat-blue-mood-records","7":"product_shipping_class-cddvd-shipping","8":"uni_artist_tag-big-maceo-merriweather","9":"uni_artist_tag-aaron-thibeaux","10":"uni_artist_tag-albert-luandrew","11":"uni_artist_tag-elmore-james-brooks","12":"uni_artist_tag-gjems","13":"uni_artist_tag-jacobsen-skoglund","14":"uni_artist_tag-james-a-lane","15":"uni_artist_tag-mckinley-morganfield","16":"uni_artist_tag-oyvind-stolefjell","17":"uni_artist_tag-richard-gjems","18":"uni_artist_tag-robert-skoglund","19":"uni_artist_tag-ronnie-jacobsen","20":"uni_artist_tag-stolefjell","21":"uni_artist_tag-walter-jacobs","22":"uni_artist_genre-blues","24":"first","25":"instock","26":"taxable","27":"shipping-taxable","28":"purchasable","29":"product-type-simple"},"_links":{"self":[{"href":"https:\/\/grappa.no\/no\/wp-json\/wp\/v2\/product\/272","targetHints":{"allow":["GET"]}}],"collection":[{"href":"https:\/\/grappa.no\/no\/wp-json\/wp\/v2\/product"}],"about":[{"href":"https:\/\/grappa.no\/no\/wp-json\/wp\/v2\/types\/product"}],"replies":[{"embeddable":true,"href":"https:\/\/grappa.no\/no\/wp-json\/wp\/v2\/comments?post=272"}],"wp:featuredmedia":[{"embeddable":true,"href":"https:\/\/grappa.no\/no\/wp-json\/wp\/v2\/media\/26896"}],"wp:attachment":[{"href":"https:\/\/grappa.no\/no\/wp-json\/wp\/v2\/media?parent=272"}],"wp:term":[{"taxonomy":"product_brand","embeddable":true,"href":"https:\/\/grappa.no\/no\/wp-json\/wp\/v2\/product_brand?post=272"},{"taxonomy":"product_cat","embeddable":true,"href":"https:\/\/grappa.no\/no\/wp-json\/wp\/v2\/product_cat?post=272"},{"taxonomy":"product_tag","embeddable":true,"href":"https:\/\/grappa.no\/no\/wp-json\/wp\/v2\/product_tag?post=272"}],"curies":[{"name":"wp","href":"https:\/\/api.w.org\/{rel}","templated":true}]}}