{"id":26221,"date":"2016-02-05T00:00:00","date_gmt":"2016-02-04T23:00:00","guid":{"rendered":"http:\/\/www.grappa.no\/no\/albums\/ukategorisert\/anne-marie-giortz-captial-punishment-for-cars\/"},"modified":"2017-02-23T09:48:06","modified_gmt":"2017-02-23T08:48:06","slug":"capital-punishment-for-cars","status":"publish","type":"product","link":"https:\/\/grappa.no\/no\/albums\/grappa\/capital-punishment-for-cars\/","title":{"rendered":"Capital Punishment for Cars"},"content":{"rendered":"<p><\/p>\n<p>6 \u00e5r etter den kritikerroste \u201dP\u00e5 egne vegne\u201d kommer n\u00e5 \u201dAb &amp; Zu\u201d og \u201dTrio de Janeiro\u201d vokalisten Anne-Marie Gi\u00f8rtz med en ny solo plate<\/p>\n<p>Tekster om lyse og m\u00f8rke sider av livet blir framf\u00f8rt med lavm\u00e6lt intensitet av Gi\u00f8rtz. Den musikalske innpakningen er kompromissl\u00f8s og dynamisk i sin s\u00f8ken etter \u00e5 gi tekstene den rette stemningen.Tekstene er i hovedsak skrevet av den engelske poeten Fran Landesman, musikken er komponert av Gi\u00f8rtz selv, men hun har ogs\u00e5 med noen komposisjoner av jazzmusikeren og teaterkomponisten Guttorm Guttormsen.\u00a0<br \/>\n\u00a0<br \/>\nMusikerne Gi\u00f8rtz har med seg er multi-instrumentalist percussionisten Peter Baden, lydmaler og gitarist Eivind Aarset, \u00a0som ogs\u00e5 er produsent for platen.Platen er spilt inn av B\u00e5rd Ingebregtsen og Johnny Skalleberg i Amper tone, og mikset av B\u00e5rd Ingebregtsen.<\/p>\n<p><!--more--><\/p>\n<p>Trio de Janeiro- og Ab un Zu-vokalist Anne-Marie Gi\u00f8rtz slipper sitt andre soloalbum, 6 \u00e5r etter den kritikerroste \u201cP\u00e5 egne vegne\u201d<\/p>\n<h4>Captial Punishment for Cars<\/h4>\n<p>Anne-Marie Gi\u00f8rtz har med seg multi-instrumentalist og perkusjonist Peter Baden og lydmaler, gitarist og ektemann Eivind Aarset, som ogs\u00e5 er produsent for platen. Gi\u00f8rtz og Aarset har jobbet sammen i en rekke prosjekter tidligere, ved siden av \u00e5 v\u00e6re gift og ha to barn sammen. Deres evne til \u00e5 samarbeide, utforske og leke med musikalske uttrykk har skapt et unikt album p\u00e5 tvers av sjangergrenser, godt innrammet av Badens rytmiske univers.<\/p>\n<h4>D\u00f8dsstraff for biler som kj\u00f8rer over dyr<\/h4>\n<p>Tekster om lyse og m\u00f8rke sider av livet blir framf\u00f8rt med lavm\u00e6lt intensitet av Gi\u00f8rtz. Den musikalske innpakningen er kompromissl\u00f8s og dynamisk i sin s\u00f8ken etter \u00e5 gi tekstene den rette stemningen.<\/p>\n<p>De engelske tekstene er i hovedsak skrevet av den engelske poeten Fran Landesman, musikken er komponert av Gi\u00f8rtz selv, men hun har ogs\u00e5 med noen komposisjoner av jazzmusikeren og teaterkomponisten Guttorm Guttormsen. Tittelsporet er signert sistnevnte, og p\u00e5 tross av at teksten er skrevet p\u00e5 80-tallet, er budskapet h\u00f8yaktuelt i en av dagens heteste debattemaer: biler. \u201cCapital Punishment for Cars\u201d handler fors\u00e5vidt ikke om eksos, dieselmotorer eller datokj\u00f8ring, men er en humoristisk tekst om at det burde v\u00e6re d\u00f8dsstraff for biler som kj\u00f8rer over dyr.<\/p>\n<h4>Historier<\/h4>\n<p>Gi\u00f8rtz har ogs\u00e5 skrevet tekstene til to av l\u00e5tene selv, med utgangspunkt i f\u00f8lselsene hun bearbeidet rundt den alvorlige sykdommen til en n\u00e6r venninne. Resultatet ble to usedvanlig vakre pianoballader, den ene hyller livet og den andre annerkjenner at det alltid vil ta slutt. \u00a0 <\/p>\n<p>\u201cCapital Punishment for Cars\u201d er en samling av forskjellige historier, observasjoner og f\u00f8lelsesbeskrivelser, alle med Gi\u00f8rtz sin unike evne til \u00e5 tolke og formidle undertekster. Gjennom sin brede erfaring ogs\u00e5 utenfor musikken, deriblant som landslagsspiller p\u00e5 Norges golflag, hovedinstrukt\u00f8r i medisinsk qigong og mange\u00e5rige karriere som flyvertinne, sitter Gi\u00f8rtz p\u00e5 uvanlig mange erfaringer som vises gjennom en spesielt god formidlingsevne. <\/p>\n<p>Platen er spilt inn av B\u00e5rd Ingebregtsen og Johnny Skalleberg i Amper tone, og mikset av B\u00e5rd Ingebregtsen.<\/p>\n<p><\/p>","protected":false},"excerpt":{"rendered":"<p>6 \u00e5r etter den kritiker roste \u201dP\u00e5 egne vegne\u201d kommer n\u00e5 \u201dAb &amp; Zu\u201d og \u201dTrio de Janeiro\u201d vokalisten Anne \u2013 Marie Gi\u00f8rtz med en ny solo plate<\/p>\n","protected":false},"featured_media":27182,"comment_status":"closed","ping_status":"open","template":"","meta":[],"product_brand":[],"product_cat":[6],"product_tag":[],"class_list":{"0":"post-26221","1":"product","2":"type-product","3":"status-publish","4":"has-post-thumbnail","6":"product_cat-grappa","7":"product_shipping_class-cddvd-shipping","8":"uni_artist_tag-anne-marie-giortz","9":"uni_artist_tag-bard-ingebrigtsen","10":"uni_artist_tag-eivind-aarset","11":"uni_artist_tag-guttorm-guttormsen","12":"uni_artist_tag-peter-baden","13":"uni_main_artist_tag-anne-marie-giortz","14":"uni_artist_genre-alternative","15":"uni_artist_genre-jazz","16":"uni_artist_genre-pop","18":"first","19":"instock","20":"taxable","21":"shipping-taxable","22":"purchasable","23":"product-type-simple"},"_links":{"self":[{"href":"https:\/\/grappa.no\/no\/wp-json\/wp\/v2\/product\/26221","targetHints":{"allow":["GET"]}}],"collection":[{"href":"https:\/\/grappa.no\/no\/wp-json\/wp\/v2\/product"}],"about":[{"href":"https:\/\/grappa.no\/no\/wp-json\/wp\/v2\/types\/product"}],"replies":[{"embeddable":true,"href":"https:\/\/grappa.no\/no\/wp-json\/wp\/v2\/comments?post=26221"}],"wp:featuredmedia":[{"embeddable":true,"href":"https:\/\/grappa.no\/no\/wp-json\/wp\/v2\/media\/27182"}],"wp:attachment":[{"href":"https:\/\/grappa.no\/no\/wp-json\/wp\/v2\/media?parent=26221"}],"wp:term":[{"taxonomy":"product_brand","embeddable":true,"href":"https:\/\/grappa.no\/no\/wp-json\/wp\/v2\/product_brand?post=26221"},{"taxonomy":"product_cat","embeddable":true,"href":"https:\/\/grappa.no\/no\/wp-json\/wp\/v2\/product_cat?post=26221"},{"taxonomy":"product_tag","embeddable":true,"href":"https:\/\/grappa.no\/no\/wp-json\/wp\/v2\/product_tag?post=26221"}],"curies":[{"name":"wp","href":"https:\/\/api.w.org\/{rel}","templated":true}]}}