{"id":26216,"date":"2016-01-22T00:00:00","date_gmt":"2016-01-21T23:00:00","guid":{"rendered":"http:\/\/www.grappa.no\/no\/albums\/ukategorisert\/ja-vi-elsker\/"},"modified":"2019-02-22T16:08:10","modified_gmt":"2019-02-22T15:08:10","slug":"ja-vi-elsker","status":"publish","type":"product","link":"https:\/\/grappa.no\/no\/albums\/simax-classics\/ja-vi-elsker\/","title":{"rendered":"Ja, vi elsker"},"content":{"rendered":"<p><\/p>\n<p>&#8216;Ja, vi elsker&#8217;<\/p>\n<p>Det er v\u00e5r nasjonalsang \u2013 vi kjenner hvert ord og hver tone i v\u00e5re hjerter. N\u00e5r Reza Aghamir tar nasjonalsangen for seg, viser han oss at det ligger flere val\u00f8rer i Bj\u00f8rnsons tekst og Nordraaks melodi. Hva gj\u00f8r hjertet n\u00e5? Kongeparet er blant de f\u00f8rste som f\u00e5r denne opplevelsen. 17. januar gj\u00f8r Reza e iRagazzi og Kringkastingsorkestret urfremf\u00f8ringen under festforestillingen \u2018Kongepar i 25 \u00e5r\u2019 i Universitetets Aula. Konserten sendes samme kveld i NRK1 og TV2. Vi gir ut et h\u00e5ndlaget nummerert opplag p\u00e5 300 EP-vinyl \u2013 og inviterer alle til \u00e5 v\u00e6re med \u00e5 prege forsiden p\u00e5 100 av dem! Reza e iRagazzi spenner opp det virkelig store lerretet sammen med Kringkastingsorkesteret i en versjon av &#8216;Ja, vi elsker&#8217; som ingen er uber\u00f8rt av. Designer Martin Kvamme har laget et sterkt symbol for utgivelsen, og p\u00e5 Fellesverkstedet har artist, designer og plateselskap st\u00e5tt sammen og silketrykket 300 covere. Mandag 18. januar er vi ute med flere sm\u00e5 pop-up verksteder rundt om i Oslo og ber folk hjelpe oss med \u00e5 gj\u00f8re 100 av dem helt unike; ved rett og slett \u00e5 skrive tittelen p\u00e5 forsiden selv, etter \u00e5 ha h\u00f8rt sangen!<\/p>\n<p><!--more--><\/p>\n<p>&#8216;Ja, vi elsker&#8217; \u2013 vi kjenner hvert ord og hver tone i v\u00e5re hjerter. N\u00e5r Reza Aghamir tar nasjonalsangen for seg, viser han oss at det ligger flere val\u00f8rer i Bj\u00f8rnsons tekst og Nordraaks melodi. Hva gj\u00f8r hjertet n\u00e5?<\/p>\n<h4>300 unike h\u00e5ndlagde covere<\/h4>\n<p>Designer Martin Kvamme har laget et sterkt symbol for utgivelsen, og p\u00e5 Fellesverkstedet har artist, designer og plateselskap st\u00e5tt sammen og silketrykket 300 covere. Mandag 18. januar er vi ute med flere sm\u00e5 pop-up verksteder rundt om i Oslo og ber folk hjelpe oss med \u00e5 gj\u00f8re 100 av dem helt unike; ved rett og slett \u00e5 skrive tittelen p\u00e5 forsiden selv, etter \u00e5 ha h\u00f8rt sangen!<\/p>\n<h4>Det ligger mere i &#8216;Ja, vi elsker&#8217;<\/h4>\n<p>Reza e iRagazzi spenner opp det virkelig store lerretet sammen med Kringkastingsorkesteret i en versjon av &#8216;Ja, vi elsker&#8217; som ingen er uber\u00f8rt av. Her er nasjonalsangen tolket i det skapende sinnet til en mann som 15 \u00e5r gammel selv kom som flyktning til Norge, fra Khomeinis Iran. Da sorgen etter 22. juli 2011 m\u00e5tte bearbeides var det nasjonalsangen som kom til Reza, i form av en lamentasjon \u2013 en klagesang. Melodien er uforandret, ordene likes\u00e5. Det er som om Reza med sitt verk finner uttrykk for fellesskapets dyptf\u00f8lte smerte \u2013 gjennom noe som er oss s\u00e5 kj\u00e6rt<\/p>\n<h4>Side B<\/h4>\n<p>&#8216;Intermezzo&#8217; er kjent som et uendelig vakkert instrumentalt mellomspill fra Mascagnis opera &#8216;Cavalleria Rusticana&#8217;. I Reza e iRagazzis versjon er det selvf\u00f8lgelig ogs\u00e5 sang \u2013 teksten er fra den tradisjonelle hymnen til Ave Maria. Norges fremste mannlige operasangere er i storslag; det er s\u00e5 man skulle \u00f8nske at det var et spor til p\u00e5 denne siden \u2026<\/p>\n<p><\/p>","protected":false},"excerpt":{"rendered":"<p>Reza e iRagazzi spenner opp det virkelig store lerretet sammen med Kringkastingsorkesteret i en versjon av &#8216;Ja, vi elsker&#8217; som ingen er uber\u00f8rt av. EP-utgivelse med samleverdi.<\/p>\n","protected":false},"featured_media":27854,"comment_status":"closed","ping_status":"open","template":"","meta":[],"product_brand":[],"product_cat":[180],"product_tag":[],"class_list":{"0":"post-26216","1":"product","2":"type-product","3":"status-publish","4":"has-post-thumbnail","6":"product_cat-simax-classics","7":"product_shipping_class-vinyl-shipping","8":"uni_artist_tag-georges-bizet","9":"uni_artist_tag-iver-sandoy","10":"uni_artist_tag-norwegian-radio-orchestra","11":"uni_artist_tag-pietro-mascagni","12":"uni_artist_tag-reza-aghamir","13":"uni_artist_tag-reza-e-iragazzi","14":"uni_artist_tag-rikard-nordraak","15":"uni_artist_tag-yngve-soberg","16":"uni_main_artist_tag-reza-e-iragazzi","17":"uni_artist_genre-choir","18":"uni_artist_genre-film-music","19":"uni_artist_genre-opera","20":"uni_artist_genre-orchestral","22":"first","23":"instock","24":"taxable","25":"shipping-taxable","26":"purchasable","27":"product-type-simple"},"_links":{"self":[{"href":"https:\/\/grappa.no\/no\/wp-json\/wp\/v2\/product\/26216","targetHints":{"allow":["GET"]}}],"collection":[{"href":"https:\/\/grappa.no\/no\/wp-json\/wp\/v2\/product"}],"about":[{"href":"https:\/\/grappa.no\/no\/wp-json\/wp\/v2\/types\/product"}],"replies":[{"embeddable":true,"href":"https:\/\/grappa.no\/no\/wp-json\/wp\/v2\/comments?post=26216"}],"wp:featuredmedia":[{"embeddable":true,"href":"https:\/\/grappa.no\/no\/wp-json\/wp\/v2\/media\/27854"}],"wp:attachment":[{"href":"https:\/\/grappa.no\/no\/wp-json\/wp\/v2\/media?parent=26216"}],"wp:term":[{"taxonomy":"product_brand","embeddable":true,"href":"https:\/\/grappa.no\/no\/wp-json\/wp\/v2\/product_brand?post=26216"},{"taxonomy":"product_cat","embeddable":true,"href":"https:\/\/grappa.no\/no\/wp-json\/wp\/v2\/product_cat?post=26216"},{"taxonomy":"product_tag","embeddable":true,"href":"https:\/\/grappa.no\/no\/wp-json\/wp\/v2\/product_tag?post=26216"}],"curies":[{"name":"wp","href":"https:\/\/api.w.org\/{rel}","templated":true}]}}