{"id":25759,"date":"2016-02-19T00:00:00","date_gmt":"2016-02-18T23:00:00","guid":{"rendered":"http:\/\/www.grappa.no\/no\/albums\/ukategorisert\/stifinner\/"},"modified":"2017-06-15T14:32:31","modified_gmt":"2017-06-15T13:32:31","slug":"stifinner","status":"publish","type":"product","link":"https:\/\/grappa.no\/no\/albums\/heilo\/stifinner\/","title":{"rendered":"Stifinner"},"content":{"rendered":"<p><\/p>\n<p>Nytt soloalbum fra Tone Hulb\u00e6kmo<\/p>\n<p>Tone Hulb\u00e6kmos nye soloalbum \u00abStifinner\u00bb presenterer en personlig musikalsk verden som b\u00e5de er moderne og tidl\u00f8s. Med elementer av blant annet folkemusikktradisjoner, middelalder og blues, har Hulb\u00e6kmo med \u00abStifinner\u00bb skapt et sjangeroverskridende album, hvor hennes inspirasjon fra mange av hennes samarbeidsprosjekter verden over kommer frem \u2013 godt hjulpet av et knippe sterke musikere i ryggen med hvert sitt personlige uttrykk.<\/p>\n<p>Hovedinstrumentet p\u00e5 platen er den norske harpen. Harpetradisjonen i Norge var en folkelig utd\u00f8dd tradisjon, og Tove Hulb\u00e6kmo var selv den f\u00f8rste til \u00e5 ta opp igjen denne tradisjonen allerede p\u00e5 debutalbumet \u00abK\u00e5mmo no\u00bb i 1993 \u2013 et album hun for\u00f8vrig fikk sin f\u00f8rste av tre Spellemannpriser for. P\u00e5 \u00abStifinner\u00bb brukes harpen som et moderne instrument innen ulike sjangere, som soloinstrument, som akkompagnement og som bandinstrument. I tillegg har ogs\u00e5 Hulb\u00e6kmo valgt \u00e5 g\u00e5 nye og spennende veier med sin egen stemme, der hun utforsker nye uttrykk innen rap, \u00absyngesnakking\u00bb, spoken word, deklamasjon \u2013 i tillegg til mer vanlig \u00absang\u00bb. En sjelden og vellykket sammensmelting av inspirasjoner og musikalske uttrykk.<\/p>\n<p><!--more--><\/p>\n<p>Tone Hulb\u00e6kmo gir ut sitt nye soloalbum; Stifinner. Her f\u00e5r man elementer av blant annet folkemusikktradisjoner, middelalder og blues. \u00abStifinner\u00bb har blitt et sjangeroverskridende album, hvor ogs\u00e5 Hulb\u00e6kmos inspirasjon fra mange av hennes samarbeidsprosjekter verden over kommer frem.<\/p>\n<h4>Den norske harpetradisjonen<\/h4>\n<p>Hovedinstrumentet p\u00e5 platen er den norske harpa. Harpetradisjonen i Norge var en folkelig utd\u00f8dd tradisjon. Tove Hulb\u00e6kmo var selv den f\u00f8rste til \u00e5 ta opp igjen denne tradisjonen allerede p\u00e5 debutalbumet \u00abK\u00e5mmo no\u00bb i 1993, et album hun for\u00f8vrig fikk sin f\u00f8rste av tre Spellemannpriser for. Siden har hun utviklet sin helt egen stil og tradisjon p\u00e5 instrumentet. Hun har brukt harpa p\u00e5 utallige plater og konserter, men aldri har den st\u00e5tt s\u00e5 sentralt som den gj\u00f8r p\u00e5 dette albumet. Mange av komposisjonene og bearbeidelsene er bygd nettopp rundt dette vakre instrumentet. Her brukes harpa som et moderne instrument innen ulike sjangere, som soloinstrument, som akkompagnement og som bandinstrument.<\/p>\n<h4>Nye vokaluttrykk<\/h4>\n<p>P\u00e5 \u00abStifinner\u00bb har Hulb\u00e6kmo valgt \u00e5 g\u00e5 nye og spennende veier med sin egen stemme. Hun utforsker nye uttrykk innen rap, \u00absyngesnakking\u00bb, spoken word, deklamasjon \u2013 i tillegg til mer vanlig \u00absang\u00bb. Hulb\u00e6kmo, som selv har produsert albumet, har et sv\u00e6rt dyktig band i ryggen denne gangen. Bandet best\u00e5r av sterke musikere med eget personlig uttrykk og spesielle instrumenter \u2013 og alle har satt sitt eget preg p\u00e5 resultatet.<\/p>\n<h4>Bandet best\u00e5r av:<\/h4>\n<p>Tone Hulb\u00e6kmo (vokal, norsk harpe, lyre, tr\u00f8orgel), Hans Fredrik Jacobsen (gitar, fl\u00f8yter, torader, oud, kor), Alf Hulb\u00e6kmo (keyboard, piano, munnspill, kor), Ellen Brekken (kontrabass), Hans Hulb\u00e6kmo (slagverk, perkusjon, munnharpe, sag, kor), Heida Johannesdottir Mobeck (tuba med elektronikk, kor) og Rob Waring (marimba)<\/p>\n<p><\/p>","protected":false},"excerpt":{"rendered":"<p>Tone Hulb\u00e6kmos siste album \u00abStifinner\u00bb er en sjelden og vellykket sammensmelting av ulike musikalske sjangere og uttrykk.<\/p>\n","protected":false},"featured_media":27340,"comment_status":"closed","ping_status":"open","template":"","meta":[],"product_brand":[],"product_cat":[35],"product_tag":[],"class_list":{"0":"post-25759","1":"product","2":"type-product","3":"status-publish","4":"has-post-thumbnail","6":"product_cat-heilo","7":"product_shipping_class-cddvd-shipping","8":"uni_artist_tag-alf-hulbaekmo","9":"uni_artist_tag-ellen-brekken","10":"uni_artist_tag-hans-fredrik-jacobsen","11":"uni_artist_tag-hans-hulbaekmo","12":"uni_artist_tag-heida-karine-johannesdottir-mobeck","13":"uni_artist_tag-rob-waring","14":"uni_artist_tag-tone-hulbaekmo","15":"uni_artist_tag-trad","16":"uni_main_artist_tag-tone-hulbaekmo","17":"uni_artist_genre-folk-music","19":"first","20":"instock","21":"taxable","22":"shipping-taxable","23":"purchasable","24":"product-type-simple"},"_links":{"self":[{"href":"https:\/\/grappa.no\/no\/wp-json\/wp\/v2\/product\/25759","targetHints":{"allow":["GET"]}}],"collection":[{"href":"https:\/\/grappa.no\/no\/wp-json\/wp\/v2\/product"}],"about":[{"href":"https:\/\/grappa.no\/no\/wp-json\/wp\/v2\/types\/product"}],"replies":[{"embeddable":true,"href":"https:\/\/grappa.no\/no\/wp-json\/wp\/v2\/comments?post=25759"}],"wp:featuredmedia":[{"embeddable":true,"href":"https:\/\/grappa.no\/no\/wp-json\/wp\/v2\/media\/27340"}],"wp:attachment":[{"href":"https:\/\/grappa.no\/no\/wp-json\/wp\/v2\/media?parent=25759"}],"wp:term":[{"taxonomy":"product_brand","embeddable":true,"href":"https:\/\/grappa.no\/no\/wp-json\/wp\/v2\/product_brand?post=25759"},{"taxonomy":"product_cat","embeddable":true,"href":"https:\/\/grappa.no\/no\/wp-json\/wp\/v2\/product_cat?post=25759"},{"taxonomy":"product_tag","embeddable":true,"href":"https:\/\/grappa.no\/no\/wp-json\/wp\/v2\/product_tag?post=25759"}],"curies":[{"name":"wp","href":"https:\/\/api.w.org\/{rel}","templated":true}]}}