{"id":25740,"date":"2010-06-07T00:00:00","date_gmt":"2010-06-06T23:00:00","guid":{"rendered":"http:\/\/www.grappa.no\/albums\/uncategorized\/alde\/"},"modified":"2016-11-18T16:38:42","modified_gmt":"2016-11-18T15:38:42","slug":"alde","status":"publish","type":"product","link":"https:\/\/grappa.no\/no\/albums\/heilo\/alde\/","title":{"rendered":"Alde"},"content":{"rendered":"<p><\/p>\n<p>Benedicte Maurseth &#8211; Alde<\/p>\n<p>I januar 2009 satte Det Norske Teatret opp premieren p\u00e5 Andvake, teaterforestillinga basert p\u00e5 Jon Fosses roman. Rikskonsertene hadde spurd folkemusikar Benedicte Maurseth om \u00e5 komponera musikken til forestillinga, og dei gode kritikkane l\u00e8t seg ikkje venta p\u00e5. Musikken til denne forestillinga, samt nye komposisjonar etter endt premiere er n\u00e5 \u00e5 h\u00f8yre p\u00e5 Benedicte sin fyrste solo-CD, nemleg Alde.<br \/>\nOg ho gjer det verkeleg solo &#8211; slik tradisjonen har vore i norsk folkemusikk i \u00e5rhundrer \u2013 og i desse samspelstider er dette verkeleg \u201dtilbake til r\u00f8ttene\u201d p\u00e5 eit vis, der ho nytter gamle sl\u00e5tteformer som utgangspunkt for sine komposisjonar, samstundes som ho ynskjer \u00e5 ta solotradisjonen for hardingfela med inn i nye far av klangar og fargar. All musikk er komponert og arrangert av Benedicte sj\u00f8lv, og ho spelar og syng denne gong utan gjester p\u00e5 hardingfele, viola d\u2019amore og vokal.<\/p>\n<p>&quot;Eg trur det har noko med det dei som har levd f\u00f8re meg, og som eg kjem fr\u00e5, har \u00e5 seia meg. Det er ogs\u00e5 lyden av deira liv eg h\u00f8yrer, som det \u00f2g er lyden av mitt liv. For meg, slik kjennest det ut, er det hardingfelemusikken som best tek vare p\u00e5 mine d\u00f8de, til d\u00f8mes slik den l\u00e8t seg h\u00f8yra p\u00e5 Benedicte Maurseths cd Alde. &quot; &#8211; Jon Fosse<\/p>\n<p><!--more--><\/p>\n<p>Eg trur det har noko med det dei som har levd f\u00f8re meg, og som eg kjem fr\u00e5, har \u00e5 seia meg. Det er ogs\u00e5 lyden av deira liv eg h\u00f8yrer, som det \u00f2g er lyden av mitt liv. For meg, slik kjennest det ut, er det hardingfelemusikken som best tek vare p\u00e5 mine d\u00f8de, til d\u00f8mes slik den l\u00e8t seg h\u00f8yra p\u00e5 Benedicte Maurseths cd Alde.<br \/>\n&#8211; Jon fosse<\/p>\n<h4>Ein allsidig og mangslungen kunstnar<\/h4>\n<p>Benedicte Maurseth (f.1983), fr\u00e5 Eidfjord i Hardanger, er i dag busatt i Bergen som frilansmusiker. Ho byrja \u00e5 spele hardingfele fr\u00e5 ho var sju \u00e5r gamal hj\u00e5 sin meister Knut Hamre og tradisjonsmusikken fr\u00e5 Hardanger er hennar spesialfelt som ho ogs\u00e5 har studert ved Ole Bull Akademiet. I dei seinare \u00e5rene har ho ogs\u00e5 arbeida som songer og sj\u00f8lv om det er den solistiske musikken som st\u00e5r hennar hjarte n\u00e6rmast, arbeider ho ogs\u00e5 med mange av dei fremste kunstnarar p\u00e5 tvers av sjangrer, s\u00e6rleg innan tidlegmusikken, men ogs\u00e5 mykje saman med forfattarar og skodespelarar \u2013 til d\u00f8mes; Jon Fosse, Svein Tindberg, \u00a0Anne Marit Jacobsen, Knut Hamre, Nils \u00d8kland, Berit Opheim og Gabriel Fliflet, for \u00e5 nemne nokon<br \/>\nMaurseth har hatt ei djup interesse for barokkinstrument og har i fleire \u00e5r arbeida med gamle 1700-talls hardingfeler, ho brukar tarmstrenger og barokkbogar og har i den siste tida ogs\u00e5 byrja \u00e5 utforske viola d\u00b4amore. Ho har turnera mykje for Rikskonsertene kring heile Noreg og helde ei rekkje solo konsertar p\u00e5 festivalar i USA, Canada, Belgia, Island, Tyskland m.m.<\/p>\n<p>Maurseth er ein allsidig og mangslungen  kunstnar som arbeider p\u00e5 tvers av kunstnariske sjangrar og landegrenser, og har tidlegare utgjeve  to kritikarroste CD-er; Rosa i botnen (2006) og Fodne ho svara stilt (2008).<\/p>\n<h4><\/h4>\n<p><h4><\/h4>\n<\/p>\n<p><\/p>","protected":false},"excerpt":{"rendered":"<p>All musikk er komponert og arrangert av Benedicte Maurseth kor ho sj\u00f8lv st\u00e5r for ut\u00f8vinga p\u00e5 hardingfele, viola d\u2019amore og vokal.<\/p>\n","protected":false},"featured_media":27293,"comment_status":"closed","ping_status":"open","template":"","meta":[],"product_brand":[],"product_cat":[35],"product_tag":[],"class_list":{"0":"post-25740","1":"product","2":"type-product","3":"status-publish","4":"has-post-thumbnail","6":"product_cat-heilo","7":"product_shipping_class-cddvd-shipping","8":"uni_artist_tag-audun-strype","9":"uni_artist_tag-benedicte-maurseth","10":"uni_main_artist_tag-benedicte-maurseth","11":"uni_artist_genre-folk-music","13":"first","14":"instock","15":"taxable","16":"shipping-taxable","17":"purchasable","18":"product-type-simple"},"_links":{"self":[{"href":"https:\/\/grappa.no\/no\/wp-json\/wp\/v2\/product\/25740","targetHints":{"allow":["GET"]}}],"collection":[{"href":"https:\/\/grappa.no\/no\/wp-json\/wp\/v2\/product"}],"about":[{"href":"https:\/\/grappa.no\/no\/wp-json\/wp\/v2\/types\/product"}],"replies":[{"embeddable":true,"href":"https:\/\/grappa.no\/no\/wp-json\/wp\/v2\/comments?post=25740"}],"wp:featuredmedia":[{"embeddable":true,"href":"https:\/\/grappa.no\/no\/wp-json\/wp\/v2\/media\/27293"}],"wp:attachment":[{"href":"https:\/\/grappa.no\/no\/wp-json\/wp\/v2\/media?parent=25740"}],"wp:term":[{"taxonomy":"product_brand","embeddable":true,"href":"https:\/\/grappa.no\/no\/wp-json\/wp\/v2\/product_brand?post=25740"},{"taxonomy":"product_cat","embeddable":true,"href":"https:\/\/grappa.no\/no\/wp-json\/wp\/v2\/product_cat?post=25740"},{"taxonomy":"product_tag","embeddable":true,"href":"https:\/\/grappa.no\/no\/wp-json\/wp\/v2\/product_tag?post=25740"}],"curies":[{"name":"wp","href":"https:\/\/api.w.org\/{rel}","templated":true}]}}