{"id":25738,"date":"2016-02-05T00:00:00","date_gmt":"2016-02-04T23:00:00","guid":{"rendered":"http:\/\/www.grappa.no\/no\/albums\/ukategorisert\/sanger-om-tilhorighet\/"},"modified":"2016-04-19T19:25:15","modified_gmt":"2016-04-19T18:25:15","slug":"sanger-om-tilhorighet","status":"publish","type":"product","link":"https:\/\/grappa.no\/no\/albums\/grappa\/sanger-om-tilhorighet\/","title":{"rendered":"Sanger om tilh\u00f8righet"},"content":{"rendered":"<p><\/p>\n<p>Oratorium fra Ketil Bj\u00f8rnstad<\/p>\n<p>15 \u00e5r etter \u00abHimmelrand &#8211; Tusen\u00e5rsoratoriet\u00bb, som Ketil Bj\u00f8rnstad skrev sammen med Stein Mehren, kommer et nytt moderne oratorium fra Bj\u00f8rnstads h\u00e5nd. Denne gangen st\u00e5r han selv bak b\u00e5de tekst og musikk.\u00abSanger om tilh\u00f8righet\u00bb ble bestilt av Olavsfestspillene og ble urfremf\u00f8rt under en helt spesiell konsert i Nidarosdomen 27. juli 2014. Etter konserten skrev Adresseavisens anmelder i en rosende anmeldelse: \u00ab Med denne uroppf\u00f8ringen ble \u00e5pningskonserten til Olavsfestdagene klart markert, Ketil Bj\u00f8rnstad stod frem som en moden oratoriekomponist.\u00bb<\/p>\n<p>Emnet Bj\u00f8rnstads storverk sirkler rundt er \u00abtilh\u00f8righet\u00bb. Hva er tilh\u00f8righet? Hvordan p\u00e5virkes vi av naturen, av samfunnet, av menneskene vi omg\u00e5s? Hvilke tanker gj\u00f8r vi oss om fortiden, og hvilke h\u00e5p og dr\u00f8mmer har vi for fremtiden?<\/p>\n<p>Bj\u00f8rnstad sier selv om verket: \u00abDet er femten \u00e5r siden jeg skrev \u00abTusen\u00e5rsoratoriet\u00bb sammen med Stein Mehren. Det var en vanskelig tid p\u00e5 kloden, med mye angst og uro for fremtiden. Siden den gang er ikke verden blitt et tryggere sted. Snarere tvert imot. I b\u00e5de tekst og musikk \u00f8nsker jeg \u00e5 reflektere over det som kanskje f\u00f8les viktigst i v\u00e5re liv, uansett hvor vi befinner oss p\u00e5 denne planeten: \u00e5 ha tilh\u00f8righet til noe eller noen.\u00bb<\/p>\n<p><!--more--><\/p>\n<p>15 \u00e5r etter \u00abHimmelrand &#8211; Tusen\u00e5rsoratoriet\u00bb, som Ketil Bj\u00f8rnstad skrev sammen med Stein Mehren, kommer et nytt moderne oratorium fra Bj\u00f8rnstads h\u00e5nd. Denne gangen st\u00e5r han selv bak b\u00e5de tekst og musikk.<\/p>\n<h4>Tilh\u00f8righet<\/h4>\n<p>Emnet Bj\u00f8rnstads storverk sirkler rundt er \u00abtilh\u00f8righet\u00bb. Hva er tilh\u00f8righet? Hvordan p\u00e5virkes vi av naturen, av samfunnet, av menneskene vi omg\u00e5s? Hvilke tanker gj\u00f8r vi oss om fortiden, og hvilke h\u00e5p og dr\u00f8mmer har vi for fremtiden?<\/p>\n<p>Bj\u00f8rnstad sier selv om verket: \u00abDet er femten \u00e5r siden jeg skrev \u00abTusen\u00e5rsoratoriet\u00bb sammen med Stein Mehren. Det var en vanskelig tid p\u00e5 kloden, med mye angst og uro for fremtiden. Siden den gang er ikke verden blitt et tryggere sted. Snarere tvert imot. I b\u00e5de tekst og musikk \u00f8nsker jeg \u00e5 reflektere over det som kanskje f\u00f8les viktigst i v\u00e5re liv, uansett hvor vi befinner oss p\u00e5 denne planeten: \u00e5 ha tilh\u00f8righet til noe eller noen.\u00bb<\/p>\n<p>Nidarosdomens Oratoriekor under ledelse av Petra Bj\u00f8rkhaug synger alle korsatsene p\u00e5 albumet, og ogs\u00e5 denne gangen viser Bj\u00f8rnstad sin imponerende teft n\u00e5r det gjelder \u00e5 velge musikalske samarbeidspartnere. H\u00e5kon Kornstad (saksofon og vokal), Tora Augestad (vokal), Anja Lechner (cello), og Birger Mistereggen (perkusjon) bidrar i tillegg til opphavsmannen hver p\u00e5 sitt vis \u00e5 gi verket vinger og liv.<\/p>\n<h4>Fremragende ut\u00f8vere<\/h4>\n<p>Tora Augestad sjonglerer flere karrierer som sopran, dirigent og skuespiller. Hun var i 2015 nominert til Nordisk R\u00e5ds Musikkpris. Hun sang i Det Norske Solistkor fra 2000-2005 og vokalgruppen Pitsj fra 1999-2006. Hun er vokalist i ensemblet Music For A While som har gitt ut tre kritikerroste album p\u00e5 Grappa. Augestad flyttet til Berlin v\u00e5ren 2007 og arbeider for tiden med noen av Europas fremste ensembler for moderne musikk blant annet Ensemble Modern og Klangforum Wien. Siden 2009 har Augestad arbeidet med den sveitsiske stjerneregiss\u00f8ren Christoph Marthaler.<br \/>\nH\u00e5kon Kornstad hadde en bemerkelsesverdig karriere som jazzsaksofonist bak seg da han under et opphold i New York i 2009 ble interessert i opera, og begynte \u00e5 ta timer hos sangl\u00e6rere i byen. Fra h\u00f8sten 2011 har han v\u00e6rt student ved Operah\u00f8gskolen (KHiO), og debuterte i Den Norske Opera i februar 2012 som Il Podesta i en studentoppsetning av La Finta Giardiniera av W. A. Mozart.<\/p>\n<p>Den tyske cellisten Anja Lechner studerte under Jan Polasek, Heinrich Schiff og Janos Starker. Hun var med p\u00e5 \u00e5 starte den n\u00e5 oppl\u00f8ste Rosamunde Kvartetten i 1992. Kvartetten fikk stort internasjonalt gjennomslag, turn\u00e9rte flittig og ga ut en rekke kritikerroste plater p\u00e5 ECM. Lechner har ogs\u00e5 lenge jobbet med improvisasjon \u2013 i forskjellige kontekster og tradisjoner. Hennes interesse for Tango Nuevo har ledet til et n\u00e6rt samarbeid med bandoneonisten Dino Saluzzi. Hun har ogs\u00e5 samrbeidet med Misha Alperin, Mark Feldman, og bidro ogs\u00e5 p\u00e5 Bj\u00f8rnstads ECM album \u201cLa Notte\u201d.<\/p>\n<p>Perkusjonist Birger Mistereggen er utdannet ved Norges Musikkh\u00f8yskole (1992), med spesialisering i norsk folkemusikk (2001), og i lengre tid spilt i Ophelia Ragtime Orchestra og n\u00e5 ansatt i Kringkastingsorkesteret.  I samarbeid med Trio Medi\u00e6val har han medvirket til plateutgivelsen \u00abFolk Songs\u00bb (ECM &#8211; 2005). I perioden 2008-2009 var han trommeslager og assosiert medlem av Vamp og bidro p\u00e5 albumet St. Mandag og den p\u00e5f\u00f8lgende turneen. <\/p>\n<p>Nidarosdomens Oratoriekor omtaler seg selv som\u00a0 koret for de store anledninger. Med sine 90 sangere fyller de katedralen med mektige monumentalverk innen kirkemusikk. Koret samarbeider jevnlig med institusjoner som Trondheim Symfoniorkester og Olavsfestdagene. Domkantor  Petra Bj\u00f8rkhaug er\u00a0 utdannet musikkpedagog og kantor ved Tr\u00f8ndelag\u00a0  Musikkonservatorium i perioden 1983-1993. Hun er ansatt som domkantor i Nidaros dom- kirke og V\u00e5r Frue menighet, og har undervist i orgelimprovisasjon, liturgisk spill og metodikk ved institutt for musikk p\u00e5 NTNU.<\/p>\n<h4>Ketil Bj\u00f8rnstad<\/h4>\n<p>Komponist og pianist Ketil Bj\u00f8rnstad\u00a0 m\u00e5 v\u00e6re en av Norges mest produktive kunstnere. Han har en imponerende merittliste og er prisbel\u00f8nt b\u00e5de\u00a0 som forfatter og som musiker. Han har et stort publikum b\u00e5de her hjemme og ute i verden. S\u00e5 langt har han rukket \u00e5 utgi mer enn 40 bokutgivelser, og over 60 plater i forskjellige sjangere.<\/p>\n<p>Konsertopptaket fra Nidarosdomen ble gjort av NRK, og ble senere mikset av Jan Erik Kongshaug i Rainbow Studio. Albumet er produsert av Ketil Bj\u00f8rnstad.<\/p>\n<p><\/p>","protected":false},"excerpt":{"rendered":"<p>Bj\u00f8rnstads storverk sirkler rundt  \u00abtilh\u00f8righet\u00bb. Hva er tilh\u00f8righet? Hvordan p\u00e5virkes vi av naturen, av samfunnet, av menneskene vi omg\u00e5s? Hvilke tanker gj\u00f8r vi oss om fortiden, og hvilke h\u00e5p og dr\u00f8mmer har vi for fremtiden?<\/p>\n","protected":false},"featured_media":27197,"comment_status":"closed","ping_status":"open","template":"","meta":[],"product_brand":[],"product_cat":[6],"product_tag":[],"class_list":{"0":"post-25738","1":"product","2":"type-product","3":"status-publish","4":"has-post-thumbnail","6":"product_cat-grappa","7":"product_shipping_class-cddvd-shipping","8":"uni_artist_tag-anja-lechner","9":"uni_artist_tag-birger-mistereggen","10":"uni_artist_tag-hakon-kornstad","11":"uni_artist_tag-ketil-bjornstad","12":"uni_artist_tag-nidaros-oratoriekor","13":"uni_artist_tag-petra-bjorkhaug","14":"uni_artist_tag-tora-augestad","15":"uni_main_artist_tag-ketil-bjornstad","16":"uni_artist_genre-chamber-music","17":"uni_artist_genre-choir","18":"uni_artist_genre-jazz","20":"first","21":"instock","22":"taxable","23":"shipping-taxable","24":"purchasable","25":"product-type-simple"},"_links":{"self":[{"href":"https:\/\/grappa.no\/no\/wp-json\/wp\/v2\/product\/25738","targetHints":{"allow":["GET"]}}],"collection":[{"href":"https:\/\/grappa.no\/no\/wp-json\/wp\/v2\/product"}],"about":[{"href":"https:\/\/grappa.no\/no\/wp-json\/wp\/v2\/types\/product"}],"replies":[{"embeddable":true,"href":"https:\/\/grappa.no\/no\/wp-json\/wp\/v2\/comments?post=25738"}],"wp:featuredmedia":[{"embeddable":true,"href":"https:\/\/grappa.no\/no\/wp-json\/wp\/v2\/media\/27197"}],"wp:attachment":[{"href":"https:\/\/grappa.no\/no\/wp-json\/wp\/v2\/media?parent=25738"}],"wp:term":[{"taxonomy":"product_brand","embeddable":true,"href":"https:\/\/grappa.no\/no\/wp-json\/wp\/v2\/product_brand?post=25738"},{"taxonomy":"product_cat","embeddable":true,"href":"https:\/\/grappa.no\/no\/wp-json\/wp\/v2\/product_cat?post=25738"},{"taxonomy":"product_tag","embeddable":true,"href":"https:\/\/grappa.no\/no\/wp-json\/wp\/v2\/product_tag?post=25738"}],"curies":[{"name":"wp","href":"https:\/\/api.w.org\/{rel}","templated":true}]}}