{"id":25083,"date":"2009-06-08T00:00:00","date_gmt":"2009-06-07T23:00:00","guid":{"rendered":"http:\/\/www.grappa.no\/albums\/uncategorized\/anne-marie-giortz-pa-egne-vegne\/"},"modified":"2018-10-12T06:22:01","modified_gmt":"2018-10-12T05:22:01","slug":"anne-marie-giortz-pa-egne-vegne","status":"publish","type":"product","link":"https:\/\/grappa.no\/no\/albums\/grappa\/anne-marie-giortz-pa-egne-vegne\/","title":{"rendered":"Anne-Marie Gi\u00f8rtz: P\u00e5 egne vegne"},"content":{"rendered":"<p><\/p>\n<p>&quot;Poesi med tr\u00f8kk&quot;<\/p>\n<p>\u00abPoesi med tr\u00f8kk.\u00bb Slik beskriver VGs anmelder Carl-Petter Opsahl Anne-Marie Gi\u00f8rtz sin plate \u00abP\u00e5 egne veier\u00bb. Med musikalske tolkninger av en rekke norske og engelske dikt er \u00abP\u00e5 egne veier\u00bb utvilsomt hennes sterkeste album gjennom en lang og variert karriere. <\/p>\n<p>Anne-Marie Gi\u00f8rtz har deltatt p\u00e5 en rekke jazzfestivaler b\u00e5de her hjemme og i utlandet, turnert i hele Skandinavia, undervist i sang ved flere norske utdanningsinstitusjoner og fremf\u00f8rt hundrevis av revyforestillinger. P\u00e5 platen \u00abP\u00e5 egne vegne\u00bb har Gi\u00f8rtz samlet inn og satt musikk til tekster hun har et n\u00e6rt forhold til \u2013 alt fra fem av Shakespeares sonetter i norsk oversettelse, til dikt og poesi fra forfattere som Astrid Hjerten\u00e6s Andersen, Bodil Malmsten, Aksel Sandemose, Unni Lindell og Dagny Juel. Med seg har hun ektemann og gitarist Eivind Aarset, som tidligere har samarbeidet med artister som Nils Petter Molv\u00e6r, Jan Eggum, Bj\u00f8rn Eidsv\u00e5g, Arild Andersen, Lillebj\u00f8rn Nilsen og Ketil Bj\u00f8rnstad, samt trommeslager Peter Baden, som p\u00e5 sin side har jobbet med artister som Mari Boine og Hanne Hukkelberg. Sammen har de skapt en fengende og groovy plate, med en vakker og klinkende klar stemme i front. <\/p>\n<p>\u00abP\u00e5 egne veier\u00bb var med rette en stor publikumssuksess, og for Dagsavisens Roar Helgheim er albumet Gi\u00f8rtz sitt \u00absterkaste, vakraste og mest personlege album\u00bb.<\/p>\n<p><!--more--><\/p>\n<h4><\/h4>\n<\/p>\n<h4><\/h4>\n<p><h4><\/h4>\n<\/p>\n<p><\/p>","protected":false},"excerpt":{"rendered":"<p>Med \u00abP\u00e5 egne vegne\u00bb har Anne-Marie Gi\u00f8rtz gitt ut sitt sterkeste, vakreste og mest personlige album.<\/p>\n","protected":false},"featured_media":27022,"comment_status":"closed","ping_status":"open","template":"","meta":[],"product_brand":[],"product_cat":[6],"product_tag":[],"class_list":{"0":"post-25083","1":"product","2":"type-product","3":"status-publish","4":"has-post-thumbnail","6":"product_cat-grappa","7":"product_shipping_class-cddvd-shipping","8":"uni_artist_tag-anne-marie-giortz","9":"uni_artist_tag-eivind-aarset","10":"uni_main_artist_tag-anne-marie-giortz","11":"uni_artist_genre-jazz","12":"uni_artist_genre-singersongwriter","14":"first","15":"instock","16":"taxable","17":"shipping-taxable","18":"purchasable","19":"product-type-simple"},"_links":{"self":[{"href":"https:\/\/grappa.no\/no\/wp-json\/wp\/v2\/product\/25083","targetHints":{"allow":["GET"]}}],"collection":[{"href":"https:\/\/grappa.no\/no\/wp-json\/wp\/v2\/product"}],"about":[{"href":"https:\/\/grappa.no\/no\/wp-json\/wp\/v2\/types\/product"}],"replies":[{"embeddable":true,"href":"https:\/\/grappa.no\/no\/wp-json\/wp\/v2\/comments?post=25083"}],"wp:featuredmedia":[{"embeddable":true,"href":"https:\/\/grappa.no\/no\/wp-json\/wp\/v2\/media\/27022"}],"wp:attachment":[{"href":"https:\/\/grappa.no\/no\/wp-json\/wp\/v2\/media?parent=25083"}],"wp:term":[{"taxonomy":"product_brand","embeddable":true,"href":"https:\/\/grappa.no\/no\/wp-json\/wp\/v2\/product_brand?post=25083"},{"taxonomy":"product_cat","embeddable":true,"href":"https:\/\/grappa.no\/no\/wp-json\/wp\/v2\/product_cat?post=25083"},{"taxonomy":"product_tag","embeddable":true,"href":"https:\/\/grappa.no\/no\/wp-json\/wp\/v2\/product_tag?post=25083"}],"curies":[{"name":"wp","href":"https:\/\/api.w.org\/{rel}","templated":true}]}}