{"id":17605,"date":"2008-03-10T00:00:00","date_gmt":"2008-03-09T23:00:00","guid":{"rendered":"http:\/\/www.grappa.no\/no\/albums\/ukategorisert\/rite-2\/"},"modified":"2016-08-16T08:35:50","modified_gmt":"2016-08-16T07:35:50","slug":"rite","status":"publish","type":"product","link":"https:\/\/grappa.no\/no\/albums\/grappa\/rite\/","title":{"rendered":"Rite"},"content":{"rendered":"<p><\/p>\n<p>Tekst og musikk: Unni L\u00f8vlid<\/p>\n<p>Unni L\u00f8vlid er tilbake med nytt album, tre \u00e5r etter forrige soloalbum fra 2005, Vita, som ble spilt inn i Emanuel Vigelands mausoleum. Det har tatt fire \u00e5r \u00e5 fullf\u00f8re arbeidet og denne gangen har L\u00f8vlid skrevet all tekst og musikk selv. Unni L\u00f8vlid er en allsidig musiker og kunstner, og har erfaring fra mange forskjellige prosjekter og sjangre som ligger et sted mellom norsk folkemusikk, samtidsmusikk og elektronika. Musikken p\u00e5 Rite er i landskapet elektronika\/samtidsmusikk\/world.<\/p>\n<p>\u2013 L\u00f8vlid\u2019s voice is pure and direct, completely at ease with all the changing moods. (Fiona Talkington, BBC)<\/p>\n<p><!--more--><\/p>\n<h4><\/h4>\n<\/p>\n<h4><\/h4>\n<p><h4><\/h4>\n<\/p>\n<p><\/p>","protected":false},"excerpt":{"rendered":"<p>\u2013 Sterkt fascinerende og genresprengende. [5\/6 Svein Andersen \/ Aftenposten]<\/p>\n","protected":false},"featured_media":26998,"comment_status":"closed","ping_status":"open","template":"","meta":[],"product_brand":[],"product_cat":[6],"product_tag":[],"class_list":{"0":"post-17605","1":"product","2":"type-product","3":"status-publish","4":"has-post-thumbnail","6":"product_cat-grappa","7":"product_shipping_class-cddvd-shipping","8":"uni_artist_tag-den-norske-operas-barnekor","9":"uni_artist_tag-frode-haltli","10":"uni_artist_tag-hakon-kornstad","11":"uni_artist_tag-helge-andreas-norbakken","12":"uni_artist_tag-helge-sten","13":"uni_artist_tag-hild-sofie-tafjord","14":"uni_artist_tag-ingar-hunskaar","15":"uni_artist_tag-lene-grenager","16":"uni_artist_tag-ragnhild-furebotten","17":"uni_artist_tag-unni-lovlid","18":"uni_main_artist_tag-unni-lovlid","19":"uni_artist_genre-contemporary-music","20":"uni_artist_genre-electronic","21":"uni_artist_genre-folk-music","22":"uni_artist_genre-world-music","24":"first","25":"instock","26":"taxable","27":"shipping-taxable","28":"purchasable","29":"product-type-simple"},"_links":{"self":[{"href":"https:\/\/grappa.no\/no\/wp-json\/wp\/v2\/product\/17605","targetHints":{"allow":["GET"]}}],"collection":[{"href":"https:\/\/grappa.no\/no\/wp-json\/wp\/v2\/product"}],"about":[{"href":"https:\/\/grappa.no\/no\/wp-json\/wp\/v2\/types\/product"}],"replies":[{"embeddable":true,"href":"https:\/\/grappa.no\/no\/wp-json\/wp\/v2\/comments?post=17605"}],"wp:featuredmedia":[{"embeddable":true,"href":"https:\/\/grappa.no\/no\/wp-json\/wp\/v2\/media\/26998"}],"wp:attachment":[{"href":"https:\/\/grappa.no\/no\/wp-json\/wp\/v2\/media?parent=17605"}],"wp:term":[{"taxonomy":"product_brand","embeddable":true,"href":"https:\/\/grappa.no\/no\/wp-json\/wp\/v2\/product_brand?post=17605"},{"taxonomy":"product_cat","embeddable":true,"href":"https:\/\/grappa.no\/no\/wp-json\/wp\/v2\/product_cat?post=17605"},{"taxonomy":"product_tag","embeddable":true,"href":"https:\/\/grappa.no\/no\/wp-json\/wp\/v2\/product_tag?post=17605"}],"curies":[{"name":"wp","href":"https:\/\/api.w.org\/{rel}","templated":true}]}}