{"id":17603,"date":"2010-04-12T00:00:00","date_gmt":"2010-04-11T23:00:00","guid":{"rendered":"http:\/\/www.grappa.no\/no\/albums\/ukategorisert\/gitarkameratene-kanon-2-cd-2\/"},"modified":"2024-01-30T10:20:54","modified_gmt":"2024-01-30T09:20:54","slug":"gitarkameratene-kanon-2-cd","status":"publish","type":"product","link":"https:\/\/grappa.no\/no\/albums\/grappa\/gitarkameratene-kanon-2-cd\/","title":{"rendered":"Gitarkameratene &#8211; KANON! (2 CD)"},"content":{"rendered":"<p><\/p>\n<p>Gitarkameratene er samlet igjen!<\/p>\n<p>N\u00e5 kommer KANON! \u2013 en dobbelt-CD som inneholder historiske opptak fra en Grieghallen i 1990. Du f\u00e5r h\u00f8re Gitarkameratene i sitt livs beste form, og en konsert spekket med h\u00f8ydepunkt etter h\u00f8ydepunkt. Dette er et historisk konsertopptak vi unner alle musikkelskere \u00e5 h\u00f8re, og det er samtidig en dokumentasjon av fire enest\u00e5ende norske musikeres h\u00f8yt skattede bidrag til den norske visetradisjonen. Det er mange, mange rundt om i landet som vil glede seg til et gjenh\u00f8r med kanskje den st\u00f8rste visesuksessen i moderne tid. Fire av v\u00e5re mest betydelige visekunstnere dukket opp som et ensemble i 1988 \u2013 for over 20 \u00e5r siden. Ingen hadde trodd den gang at dette skulle bli s\u00e5 stort. N\u00e5 er de tilbake og endelig f\u00e5r vi se de fire store sammen igjen p\u00e5 samme scene! En gang gitarkamerat &#8211; alltid gitarkamerat!<\/p>\n<p><!--more--><\/p>\n<p>Gitarkameratene er samlet igjen!<\/p>\n<h4>Gitarkameratene<\/h4>\n<p>Gitarkameratene best\u00e5r av de fire visesangerne Jan Eggum, Halvdan Sivertsen, \u00d8ystein Sunde og Lillebj\u00f8rn Nilsen. Sunde, Sivertsen og Nilsen kom tilfeldigvis sammen under en festival i Sarpsborg sommeren 1987. De havnet p\u00e5 samme scene, og etter den vellykkede spontankonserten ble de enige om \u00e5 gj\u00f8re noe mer. De ble enige om \u00e5 inkludere Eggum, og gruppen ble formelt stiftet i 1988. De gav ut to plater og holdt en rekke konserter frem til 1994. Etter sitt andre album Typisk norsk, ble de k\u00e5ret til \u00c5rets spellemann under Spellemannprisen 1990 og vant i tillegg klassen Visesang for albumet. Gitarkameratene ble gjenforent i 2003, dog kun for \u00e5 spille inn en sang til albumet Gull i fra gr\u00f8nne skoger (Spinner), som er en hyllest til Vidar Sandbeck.<\/p>\n<h4>Etterlengtet comeback<\/h4>\n<p>Det er mange, mange rundt om i landet som vil glede seg til et gjenh\u00f8r med kanskje den st\u00f8rste visesuksessen i moderne tid. Fire av v\u00e5re mest betydelige visekunstnere dukket opp som et ensemble i 1988 \u2013 for over 20 \u00e5r siden! Ingen hadde trodd den gang at dette skulle bli s\u00e5 stort. Gitarkameratene turnerte hele tre runder i Norge, og for hver runde \u00f8kte populariteten til det helt utrolige! Men s\u00e5 ble det stille&#8230; N\u00e5 er de tilbake og endelig f\u00e5r vi se de fire store sammen igjen p\u00e5 samme scene!<\/p>\n<h4>En gang gitarkamerat &#8211; alltid gitarkamerat!<\/h4>\n<p>F\u00f8lgende inskripsjon st\u00e5r trykt p\u00e5 hver eneste soloplate enkeltmedlemmene har laget etter 1988: &quot;En gang gitarkamerat \u2013 alltid gitarkamerat!&quot;<\/p>\n<p><\/p>","protected":false},"excerpt":{"rendered":"<p>Hjertelig gjenh\u00f8r med hele Norges gitarkamerater!<\/p>\n","protected":false},"featured_media":27043,"comment_status":"closed","ping_status":"closed","template":"","meta":[],"product_brand":[],"product_cat":[6],"product_tag":[],"class_list":{"0":"post-17603","1":"product","2":"type-product","3":"status-publish","4":"has-post-thumbnail","6":"product_cat-grappa","7":"product_shipping_class-cddvd-shipping","8":"uni_artist_tag-c-perkins","9":"uni_artist_tag-gitarkameratene","10":"uni_artist_tag-halvdan-sivertsen","11":"uni_artist_tag-jan-eggum","12":"uni_artist_tag-jan-erik-kongshaug","13":"uni_artist_tag-johan-nicolaisen","14":"uni_artist_tag-lillebjorn-nilsen","15":"uni_artist_tag-oystein-sunde","16":"uni_artist_tag-rodney-dillard","17":"uni_artist_tag-trad","18":"uni_artist_tag-w-martin","19":"uni_main_artist_tag-gitarkameratene","20":"uni_artist_genre-norwegian","21":"uni_artist_genre-pop","22":"uni_artist_genre-rock","23":"uni_artist_genre-singersongwriter","25":"first","26":"outofstock","27":"taxable","28":"shipping-taxable","29":"purchasable","30":"product-type-simple"},"_links":{"self":[{"href":"https:\/\/grappa.no\/no\/wp-json\/wp\/v2\/product\/17603","targetHints":{"allow":["GET"]}}],"collection":[{"href":"https:\/\/grappa.no\/no\/wp-json\/wp\/v2\/product"}],"about":[{"href":"https:\/\/grappa.no\/no\/wp-json\/wp\/v2\/types\/product"}],"replies":[{"embeddable":true,"href":"https:\/\/grappa.no\/no\/wp-json\/wp\/v2\/comments?post=17603"}],"wp:featuredmedia":[{"embeddable":true,"href":"https:\/\/grappa.no\/no\/wp-json\/wp\/v2\/media\/27043"}],"wp:attachment":[{"href":"https:\/\/grappa.no\/no\/wp-json\/wp\/v2\/media?parent=17603"}],"wp:term":[{"taxonomy":"product_brand","embeddable":true,"href":"https:\/\/grappa.no\/no\/wp-json\/wp\/v2\/product_brand?post=17603"},{"taxonomy":"product_cat","embeddable":true,"href":"https:\/\/grappa.no\/no\/wp-json\/wp\/v2\/product_cat?post=17603"},{"taxonomy":"product_tag","embeddable":true,"href":"https:\/\/grappa.no\/no\/wp-json\/wp\/v2\/product_tag?post=17603"}],"curies":[{"name":"wp","href":"https:\/\/api.w.org\/{rel}","templated":true}]}}