{"id":17560,"date":"1993-05-10T00:00:00","date_gmt":"1993-05-09T23:00:00","guid":{"rendered":"http:\/\/www.grappa.no\/no\/albums\/ukategorisert\/min-kvedarlund-2\/"},"modified":"2016-11-18T16:35:35","modified_gmt":"2016-11-18T15:35:35","slug":"min-kvedarlund","status":"publish","type":"product","link":"https:\/\/grappa.no\/no\/albums\/heilo\/min-kvedarlund\/","title":{"rendered":"Min kvedarlund"},"content":{"rendered":"<p><\/p>\n<p>Klassiker fra Kirsten Br\u00e5ten Berg<\/p>\n<p>Min kvedarlund er Kirsten Br\u00e5ten Bergs andre soloutgivelse og er blitt st\u00e5ende som en av klassikerne innen norsk folkemusikk. Albumet ble m\u00f8tt med lovord fra kritikerne og ga Br\u00e5ten Berg Spellemannprisen i klassen Folkemusikk\/gammeldans. Her har Br\u00e5ten Berg samlet sanger og stev, de fleste av dem med r\u00f8tter i musikktradisjonene fra Setesdal. Vi f\u00e5r h\u00f8re b\u00e5nsuller, gjeterviser, skjemteviser og drikkeviser. Br\u00e5ten Bergs vokalprestasjoner har hovedrollen p\u00e5 albumet, med f\u00f8lge av en rekke dyktige musikere, deriblant Hallvard T. Bj\u00f8rgum p\u00e5 hardangerfele, Lars Klevstrand p\u00e5 gitar og Jon Christensen p\u00e5 perkusjon. Min kvedarlund ble gitt ut som LP i 1988 og kom som CD i 1993. CD-utgivelsen inneholder sporene fra LP-utgivelsen i tillegg til l\u00e5ter fra fire tidligere LP-utgivelser: Slinkombas (1979), Kirsten Br\u00e5ten Berg (1980), Slinkombas og bas igjen (1982) og SetesDalarna (1984).<\/p>\n<p><!--more--><\/p>\n<p>En klassiker innen norsk folkemusikk!<\/p>\n<h4>Sanger og stev<\/h4>\n<p>Her har Br\u00e5ten Berg samlet sanger og stev, de fleste av dem med r\u00f8tter i musikktradisjonene fra Setesdal. Vi f\u00e5r blant annet h\u00f8re b\u00e5nsuller, gjeterviser, skjemteviser og drikkeviser og f\u00e5r et unikt innblikk i de varierte sangtradisjonene som finnes i den norske folkemusikken.<\/p>\n<h4>Kjennskap til tradisjonen<\/h4>\n<p>Br\u00e5ten Bergs tiln\u00e6rming til disse folketonene er preget av en omfattende kunnskap til materialets opphav og til tradisjonelle fremf\u00f8ringsm\u00e5ter. Likes\u00e5 fremf\u00f8rer hun dem med en usedvanlig musikalitet og med sin s\u00e6regne stemme formidler hun stemninger med en nerve som f\u00e5 andre er i stand til. Det er ingen tvil om at dette er toner Br\u00e5ten Berg kjenner godt og er glad i. Br\u00e5ten Bergs vokalprestasjoner har hovedrollen p\u00e5 albumet, men f\u00e5r ogs\u00e5 f\u00f8lge av en rekke dyktige musikere, deriblant Hallvard T. Bj\u00f8rgum p\u00e5 hardangerfele, Lars Klevstrand p\u00e5 gitar og Jon Christensen p\u00e5 perkusjon.<\/p>\n<h4>Tidligere utgivelser<\/h4>\n<p>Min kvedarlund ble gitt ut som LP i 1988 og kom som CD i 1993. CD-utgivelsen inneholder sporene fra LP-utgivelsene i tillegg til l\u00e5ter fra fire tidligere LP-utgivelser: Slinkombas (1979), Kirsten Br\u00e5ten Berg (1980), Slinkombas og bas igjen (1982) og SetesDalarna (1984).<\/p>\n<p><\/p>","protected":false},"excerpt":{"rendered":"<p>Her har Br\u00e5ten Berg samlet sanger og stev, de fleste av dem med r\u00f8tter i musikktradisjonene fra Setesdal.<\/p>\n","protected":false},"featured_media":27224,"comment_status":"closed","ping_status":"open","template":"","meta":[],"product_brand":[],"product_cat":[35],"product_tag":[],"class_list":{"0":"post-17560","1":"product","2":"type-product","3":"status-publish","4":"has-post-thumbnail","6":"product_cat-heilo","7":"product_shipping_class-cddvd-shipping","8":"uni_artist_tag-ale-moller","9":"uni_artist_tag-anders-grothe","10":"uni_artist_tag-carl-morten-iversen","11":"uni_artist_tag-gunnar-jess","12":"uni_artist_tag-gunnar-stubseid","13":"uni_artist_tag-hallvard-kvale","14":"uni_artist_tag-hallvard-t-bjorgum-harding-hank","15":"uni_artist_tag-hans-olav-gorset","16":"uni_artist_tag-johan-halvorsen","17":"uni_artist_tag-jon-christensen","18":"uni_artist_tag-jorgen-naess","19":"uni_artist_tag-kirsten-braten-berg","20":"uni_artist_tag-per-gudmundsson","21":"uni_artist_tag-per-loberg","22":"uni_artist_tag-tellef-kvifte","23":"uni_artist_tag-trad","24":"uni_main_artist_tag-kirsten-braten-berg","25":"uni_artist_genre-folk-music","26":"uni_artist_genre-traditional","28":"first","29":"instock","30":"taxable","31":"shipping-taxable","32":"purchasable","33":"product-type-simple"},"_links":{"self":[{"href":"https:\/\/grappa.no\/no\/wp-json\/wp\/v2\/product\/17560","targetHints":{"allow":["GET"]}}],"collection":[{"href":"https:\/\/grappa.no\/no\/wp-json\/wp\/v2\/product"}],"about":[{"href":"https:\/\/grappa.no\/no\/wp-json\/wp\/v2\/types\/product"}],"replies":[{"embeddable":true,"href":"https:\/\/grappa.no\/no\/wp-json\/wp\/v2\/comments?post=17560"}],"wp:featuredmedia":[{"embeddable":true,"href":"https:\/\/grappa.no\/no\/wp-json\/wp\/v2\/media\/27224"}],"wp:attachment":[{"href":"https:\/\/grappa.no\/no\/wp-json\/wp\/v2\/media?parent=17560"}],"wp:term":[{"taxonomy":"product_brand","embeddable":true,"href":"https:\/\/grappa.no\/no\/wp-json\/wp\/v2\/product_brand?post=17560"},{"taxonomy":"product_cat","embeddable":true,"href":"https:\/\/grappa.no\/no\/wp-json\/wp\/v2\/product_cat?post=17560"},{"taxonomy":"product_tag","embeddable":true,"href":"https:\/\/grappa.no\/no\/wp-json\/wp\/v2\/product_tag?post=17560"}],"curies":[{"name":"wp","href":"https:\/\/api.w.org\/{rel}","templated":true}]}}