{"id":13931,"date":"1997-10-08T00:00:00","date_gmt":"1997-10-07T23:00:00","guid":{"rendered":"http:\/\/www.grappa.no\/albums\/uncategorized\/grimen-2\/"},"modified":"2016-11-18T16:25:21","modified_gmt":"2016-11-18T15:25:21","slug":"grimen","status":"publish","type":"product","link":"https:\/\/grappa.no\/no\/albums\/heilo\/grimen\/","title":{"rendered":"Grimen"},"content":{"rendered":"<p><\/p>\n<p>Gammeldans etter R\u00f8rostradisjonen<\/p>\n<p>Med denne Cd\u00b4en presenterer Sven Nyhus sekstett et utvalg gammeldansmelodier av s\u00e5vel eldre som nyere \u00e5rganger. Selve grunnfjellet i sekstettens repertoar er den r\u00f8rostradisjonen Peder Nyhus (1905-94) sto for. Repertoaret bygger ogs\u00e5 denne gangen p\u00e5 noen av ensemblelederens egne melodier, hvorav flere presenteres for f\u00f8rste gang. Musikerne i sekstetten er i hovedsak ut\u00f8vere med lang erfaring. Sven Nyhus spiller selv fele og hardingfele. Datteren \u00c5shild Breie Nyhus, som her spiller fele, hardingfele og bratsj, har ogs\u00e5 tidligere gjort innspillinger sammen med farens ensemble. Trekkspilleren Tore L\u00f8vgreen har spilt sammen med Sven Nyhus i henimot 30 \u00e5r. De \u00f8vrige musikerne er kjent fra flere andre gammeldansorkestre. Disse er Oddvar Fingarsen, trekkspill, Martin Thue, bass og Arne Sigurd Haugen, gitar.<\/p>\n<p><!--more--><\/p>\n<h4><\/h4>\n<\/p>\n<h4><\/h4>\n<p><h4><\/h4>\n<\/p>\n<p><\/p>","protected":false},"excerpt":{"rendered":"<p>Repertoaret bygger ogs\u00e5 denne gangen p\u00e5 noen av ensemblelederens egne melodier, hvorav flere presenteres for f\u00f8rste gang.<\/p>\n","protected":false},"featured_media":27229,"comment_status":"closed","ping_status":"open","template":"","meta":[],"product_brand":[],"product_cat":[35],"product_tag":[],"class_list":{"0":"post-13931","1":"product","2":"type-product","3":"status-publish","4":"has-post-thumbnail","6":"product_cat-heilo","7":"product_shipping_class-cddvd-shipping","8":"uni_artist_tag-sven-nyhus","9":"uni_artist_tag-sven-nyhus-sekstett","10":"uni_artist_tag-trad","11":"uni_main_artist_tag-sven-nyhus-sekstett","12":"uni_artist_genre-folk-music","14":"first","15":"instock","16":"taxable","17":"shipping-taxable","18":"purchasable","19":"product-type-simple"},"_links":{"self":[{"href":"https:\/\/grappa.no\/no\/wp-json\/wp\/v2\/product\/13931","targetHints":{"allow":["GET"]}}],"collection":[{"href":"https:\/\/grappa.no\/no\/wp-json\/wp\/v2\/product"}],"about":[{"href":"https:\/\/grappa.no\/no\/wp-json\/wp\/v2\/types\/product"}],"replies":[{"embeddable":true,"href":"https:\/\/grappa.no\/no\/wp-json\/wp\/v2\/comments?post=13931"}],"wp:featuredmedia":[{"embeddable":true,"href":"https:\/\/grappa.no\/no\/wp-json\/wp\/v2\/media\/27229"}],"wp:attachment":[{"href":"https:\/\/grappa.no\/no\/wp-json\/wp\/v2\/media?parent=13931"}],"wp:term":[{"taxonomy":"product_brand","embeddable":true,"href":"https:\/\/grappa.no\/no\/wp-json\/wp\/v2\/product_brand?post=13931"},{"taxonomy":"product_cat","embeddable":true,"href":"https:\/\/grappa.no\/no\/wp-json\/wp\/v2\/product_cat?post=13931"},{"taxonomy":"product_tag","embeddable":true,"href":"https:\/\/grappa.no\/no\/wp-json\/wp\/v2\/product_tag?post=13931"}],"curies":[{"name":"wp","href":"https:\/\/api.w.org\/{rel}","templated":true}]}}