{"id":13930,"date":"2007-06-18T00:00:00","date_gmt":"2007-06-17T23:00:00","guid":{"rendered":"http:\/\/www.grappa.no\/albums\/uncategorized\/e-du-bol-2\/"},"modified":"2016-11-18T16:25:22","modified_gmt":"2016-11-18T15:25:22","slug":"e-du-bol","status":"publish","type":"product","link":"https:\/\/grappa.no\/no\/albums\/heilo\/e-du-bol\/","title":{"rendered":"E&#8217; du b\u00f8l?"},"content":{"rendered":"<p><\/p>\n<p>&quot;E\u00b4 du lysten?&quot;<\/p>\n<p>Sven Nyhus kvartett og Gl\u00e5mos spellmannslag gikk for f\u00f8rste gang sammen i et studio p\u00e5 \u00abE\u00b4du b\u00f8l?\u00bb, og sammen presenterer de sitt unike uttrykk og sin unike klang i den norske folkemusikken og gammeldansens verden. Det elegante samspillet mellom kvartetten og spellmannslaget skaper et helt unikt lydbilde, og platen, med sine r\u00f8tter godt plantet i R\u00f8ros, viser gjennom de 19 l\u00e5tene en mesterlig formidling av den unike R\u00f8ros-tradisjonen. <\/p>\n<p>I R\u00f8ros-dialekten snakker man gjerne om \u00ableker\u00bb som en samlebetegnelse p\u00e5 de sl\u00e5tter og danser som presenteres p\u00e5 denne platen, hvor polsene er i flertall. Gl\u00e5mos Spellmannslag er blant landets eldste i sitt slag og en av de fremste representantene for den gamle polstradisjonen. Selv er de fra R\u00f8ros og har tradisjonen godt plantet i ryggmargen, men ogs\u00e5 kvartetten, som har r\u00f8tter fra andre steder i landet, klarer \u00e5 formidle tradisjonen som om ogs\u00e5 de hadde vokst opp med musikken. <\/p>\n<p>\u00abE\u00b4du b\u00f8l?\u00bb oversettes enklest til \u00abEr du lysten?\u00bb, et humoristisk sp\u00f8rsm\u00e5l faren til Sven Nyhus, Peder Nyhus (1905-1994), fikk av Gl\u00e5mos spellmannslags f\u00f8rste kvinnelige felespiller, Kristine Wivelstad (1902-1990). Denne lekenheten gjenspeiles i l\u00e5tene p\u00e5 platen, og \u00abE\u00b4du b\u00f8l?\u00bb viser b\u00e5de R\u00f8ros-tradisjonen, Sven Nyhus kvartett og Gl\u00e5mos spellmannslag fra sin aller beste side.<\/p>\n<p><!--more--><\/p>\n<h4><\/h4>\n<\/p>\n<h4><\/h4>\n<p><h4><\/h4>\n<\/p>\n<p><\/p>","protected":false},"excerpt":{"rendered":"<p>En mesterlig presentasjon av R\u00f8ros folkemusikalske tradisjon.<\/p>\n","protected":false},"featured_media":27267,"comment_status":"closed","ping_status":"open","template":"","meta":[],"product_brand":[],"product_cat":[35],"product_tag":[],"class_list":{"0":"post-13930","1":"product","2":"type-product","3":"status-publish","4":"has-post-thumbnail","6":"product_cat-heilo","7":"product_shipping_class-cddvd-shipping","8":"uni_artist_tag-glamos-spellmannslag","9":"uni_artist_tag-jan-erik-kongshaug","10":"uni_artist_tag-sven-nyhus","11":"uni_artist_tag-sven-nyhus-quartet","12":"uni_artist_tag-trad","13":"uni_main_artist_tag-sven-nyhus-quartet","14":"uni_artist_genre-folk-music","16":"first","17":"instock","18":"taxable","19":"shipping-taxable","20":"purchasable","21":"product-type-simple"},"_links":{"self":[{"href":"https:\/\/grappa.no\/no\/wp-json\/wp\/v2\/product\/13930","targetHints":{"allow":["GET"]}}],"collection":[{"href":"https:\/\/grappa.no\/no\/wp-json\/wp\/v2\/product"}],"about":[{"href":"https:\/\/grappa.no\/no\/wp-json\/wp\/v2\/types\/product"}],"replies":[{"embeddable":true,"href":"https:\/\/grappa.no\/no\/wp-json\/wp\/v2\/comments?post=13930"}],"wp:featuredmedia":[{"embeddable":true,"href":"https:\/\/grappa.no\/no\/wp-json\/wp\/v2\/media\/27267"}],"wp:attachment":[{"href":"https:\/\/grappa.no\/no\/wp-json\/wp\/v2\/media?parent=13930"}],"wp:term":[{"taxonomy":"product_brand","embeddable":true,"href":"https:\/\/grappa.no\/no\/wp-json\/wp\/v2\/product_brand?post=13930"},{"taxonomy":"product_cat","embeddable":true,"href":"https:\/\/grappa.no\/no\/wp-json\/wp\/v2\/product_cat?post=13930"},{"taxonomy":"product_tag","embeddable":true,"href":"https:\/\/grappa.no\/no\/wp-json\/wp\/v2\/product_tag?post=13930"}],"curies":[{"name":"wp","href":"https:\/\/api.w.org\/{rel}","templated":true}]}}