{"id":13929,"date":"2005-10-07T00:00:00","date_gmt":"2005-10-06T23:00:00","guid":{"rendered":"http:\/\/www.grappa.no\/albums\/uncategorized\/aminje\/"},"modified":"2016-04-19T19:25:54","modified_gmt":"2016-04-19T18:25:54","slug":"aminje","status":"publish","type":"product","link":"https:\/\/grappa.no\/no\/albums\/heilo\/aminje\/","title":{"rendered":"Aminje"},"content":{"rendered":"<p><\/p>\n<p>Vakker og virtuos folkemusikk<\/p>\n<p>Kraft og historie fr\u00e5 tidlege tider vert blanda saman med eigne uttrykk og historier. Aminje er eit gammalt lokalt uttrykk for \u00e5 kvile minnet. Liv Merete og Sigrid har sine r\u00f8ter i Hornindal kommune, vest i Noreg. B\u00e5e speler b\u00e5de vanleg fele og hardingfele, men Liv Merete er i A-klassen p\u00e5 hardingfele, og Sigrid er i A-klassen p\u00e5 vanleg fele.<br \/>\nDei har markert seg p\u00e5 fleire hald i norsk folkemusikkliv dei siste \u00e5ra. Mellom anna har dei spelt p\u00e5 fleire festivalar b\u00e5de i Noreg og i resten av verda; dei har gjeve ut fleire CD-plater og har vore delaktige i mange prosjekt og samarbeid som viser mangfaldet deira, til d\u00f8mes: Fire feler, fj\u00f8gl, Vestafolk, Sangen Om Gjest m.m.<\/p>\n<p><!--more--><\/p>\n<p>Kraft og historie fr\u00e5 tidlege tider vert blanda saman med eigne uttrykk og historier. Aminje er eit gammalt lokalt uttrykk for \u00e5 kvile minnet.<\/p>\n<h4>Virtuos folkemusikk fra Vestlandet<\/h4>\n<p>Liv Merete Kroken og Sigrid Moldestad har markert seg p\u00e5 fleire hald i norsk folkemusikkliv dei siste \u00e5ra. Dei m\u00f8tte kvarandre som studentar ved Ole Bull Akademiet, Spelemannsskulen (1996-98). Her vart dei glade i \u00e5 spele saman, samstundes som dei utvikla sitt eige solospel. B\u00e5e har sine musikalske r\u00f8ter i Nordfjord, Sogn og Fjordane.<br \/>\nB\u00e5e speler b\u00e5de vanleg fele og hardingfele, men Liv Merete Kroken er i A-klassen p\u00e5 hardingfele, og Sigrid Moldestad er i A-klassen p\u00e5 vanleg fele. Dei har studert felespel hj\u00e5 fleire av dei beste folkemusikkut\u00f8varane i landet, og saman eller kvar for seg har dei vore delaktige i prosjekt og samarbeid som viser mangfaldet deira: palestinske musikarar, kor, rock, joik, pop, teater m.m. Nokre av prosjekta har f\u00e5tt s\u00e6rs god omtale, til d\u00f8mes Fj\u00f8gl (med Unni L\u00f8vlid).<br \/>\nI mai 2001 gav dei saman ut plata Spindel (Grappa\/Heilo). P\u00e5 denne plata leika dei seg med dei same musikarane som p\u00e5 Aminje: Olav Tveitane (gitar\/cisster\/kontrabass), Dagfinn Andersen (tr\u00f8orgel\/piano) og Ivar Kolve (percussion).<\/p>\n<h4><\/h4>\n<p><h4><\/h4>\n<\/p>\n<p><\/p>","protected":false},"excerpt":{"rendered":"<p>&quot;Aminje&quot; er ei vakker og energisk plate som byggjer p\u00e5 ulike motsetnader: fr\u00e5 virtuost solospel, til gnistrande samspel; fr\u00e5 tradisjonelt og gammalt, til utfordrande og nytt.<\/p>\n","protected":false},"featured_media":27248,"comment_status":"closed","ping_status":"open","template":"","meta":[],"product_brand":[],"product_cat":[35],"product_tag":[],"class_list":{"0":"post-13929","1":"product","2":"type-product","3":"status-publish","4":"has-post-thumbnail","6":"product_cat-heilo","7":"product_shipping_class-cddvd-shipping","8":"uni_artist_tag-dagfinn-andersen","9":"uni_artist_tag-ivar-kolve","10":"uni_artist_tag-liv-merete-kroken","11":"uni_artist_tag-olav-tveitane","12":"uni_artist_tag-sandy-denny","13":"uni_artist_tag-sigbjorn-apeland","14":"uni_artist_tag-sigmund-eikas","15":"uni_artist_tag-sigrid-moldestad","16":"uni_artist_tag-spindel","17":"uni_artist_tag-trad","18":"uni_artist_genre-folk-music","20":"first","21":"instock","22":"taxable","23":"shipping-taxable","24":"purchasable","25":"product-type-simple"},"_links":{"self":[{"href":"https:\/\/grappa.no\/no\/wp-json\/wp\/v2\/product\/13929","targetHints":{"allow":["GET"]}}],"collection":[{"href":"https:\/\/grappa.no\/no\/wp-json\/wp\/v2\/product"}],"about":[{"href":"https:\/\/grappa.no\/no\/wp-json\/wp\/v2\/types\/product"}],"replies":[{"embeddable":true,"href":"https:\/\/grappa.no\/no\/wp-json\/wp\/v2\/comments?post=13929"}],"wp:featuredmedia":[{"embeddable":true,"href":"https:\/\/grappa.no\/no\/wp-json\/wp\/v2\/media\/27248"}],"wp:attachment":[{"href":"https:\/\/grappa.no\/no\/wp-json\/wp\/v2\/media?parent=13929"}],"wp:term":[{"taxonomy":"product_brand","embeddable":true,"href":"https:\/\/grappa.no\/no\/wp-json\/wp\/v2\/product_brand?post=13929"},{"taxonomy":"product_cat","embeddable":true,"href":"https:\/\/grappa.no\/no\/wp-json\/wp\/v2\/product_cat?post=13929"},{"taxonomy":"product_tag","embeddable":true,"href":"https:\/\/grappa.no\/no\/wp-json\/wp\/v2\/product_tag?post=13929"}],"curies":[{"name":"wp","href":"https:\/\/api.w.org\/{rel}","templated":true}]}}