{"id":13928,"date":"2001-10-05T00:00:00","date_gmt":"2001-10-04T23:00:00","guid":{"rendered":"http:\/\/www.grappa.no\/albums\/uncategorized\/spindel\/"},"modified":"2016-04-19T19:25:52","modified_gmt":"2016-04-19T18:25:52","slug":"spindel","status":"publish","type":"product","link":"https:\/\/grappa.no\/no\/albums\/heilo\/spindel\/","title":{"rendered":"Spindel"},"content":{"rendered":"<p><\/p>\n<p>Enest\u00e5ende tosomhet<\/p>\n<p>Gjennom studiet \u201dSpelemannsskulen\u201d ved Ole Bull Akademiet i 1996-98 startet Sigrid Moldestad og Liv Merete Kroken ikke bare p\u00e5 en folkemusikalsk og ut\u00f8vende h\u00f8gskoleutdanning sammen, men ogs\u00e5 et vennskap og en egen spilleverden.<br \/>\nDen musikalske leken er fremfor alt utgangspunktet, og som andre musikkstiler har skapt sine \u201djamsessions\u201d, har Liv Merete Kroken og Sigrid Moldestad brukt mange kvelder, nattetimer og dager med to feler, minst 16 strenger, 4 trampende f\u00f8tter, og p\u00e5 veien har det v\u00e6rt mye latter og glede.<br \/>\nNye arrangementer av eldre sl\u00e5tter, nye sl\u00e5tter basert p\u00e5 sm\u00e5 historier og hendelser i egen tid blir resultatet av slikt.<\/p>\n<p><!--more--><\/p>\n<p>Det er det sterke samspillet som sl\u00e5r en f\u00f8rst n\u00e5r en h\u00f8rer og opplever felespillerne Liv Merete Kroken og Sigrid Moldestad sammen.<\/p>\n<h4>Musikalsk lek<\/h4>\n<p>Den musikalske leken er fremfor alt utgangspunktet, og som andre musikkstiler har skapt sine \u201djamsessions\u201d, har Liv Merete Kroken og Sigrid Moldestad brukt mange kvelder, nattetimer og dager med to feler, minst 16 strenger, 4 trampende f\u00f8tter, og p\u00e5 veien har det v\u00e6rt mye latter og glede.<br \/>\nNye arrangementer av eldre sl\u00e5tter, nye sl\u00e5tter basert p\u00e5 sm\u00e5 historier og hendelser i egen tid blir resultatet av slikt.<\/p>\n<h4>Spelekvinner fra Nordfjord<\/h4>\n<p>Begge kommer fra Nordfjord, henholdsvis Breim og Hornindal. Sterke folkemusikkomr\u00e5der med mange spelemenn-og kvinner, og lange tradisjonslinjer bakover. Musikktradisjonen er preget av en frisk stil og et sterkt temperament og dette ligger alltid i bunnen for det Liv Merete Kroken og Sigrid Moldestad gj\u00f8r n\u00e5r de spinner videre i sin egen musikk.<\/p>\n<p>Platetittelen Spindel symboliserer nettopp dette, og ut\u00f8verene lar lytteren m\u00f8te dem som \u00e6rlig, solistiske, tostemte, flerstemte, ustemte?, men fremfor alt samstemte i uttrykk og spilleglede.<\/p>\n<h4><\/h4>\n<\/p>\n<p><\/p>","protected":false},"excerpt":{"rendered":"<p>Liv Merete Kroken og Sigrid Moldestad har brukt mange kvelder, nattetimer og dager med to feler, minst 16 strenger, 4 trampende f\u00f8tter, og p\u00e5 veien har det v\u00e6rt mye latter og glede.<\/p>\n","protected":false},"featured_media":27236,"comment_status":"closed","ping_status":"open","template":"","meta":[],"product_brand":[],"product_cat":[35],"product_tag":[],"class_list":{"0":"post-13928","1":"product","2":"type-product","3":"status-publish","4":"has-post-thumbnail","6":"product_cat-heilo","7":"product_shipping_class-cddvd-shipping","8":"uni_artist_tag-dagfinn-andersen","9":"uni_artist_tag-ivar-kolve","10":"uni_artist_tag-liv-merete-kroken","11":"uni_artist_tag-olav-tveitane","12":"uni_artist_tag-sigrid-moldestad","13":"uni_artist_tag-spindel","14":"uni_artist_tag-tellef-kvifte","15":"uni_artist_tag-trad","16":"uni_artist_genre-folk-music","18":"first","19":"instock","20":"taxable","21":"shipping-taxable","22":"purchasable","23":"product-type-simple"},"_links":{"self":[{"href":"https:\/\/grappa.no\/no\/wp-json\/wp\/v2\/product\/13928","targetHints":{"allow":["GET"]}}],"collection":[{"href":"https:\/\/grappa.no\/no\/wp-json\/wp\/v2\/product"}],"about":[{"href":"https:\/\/grappa.no\/no\/wp-json\/wp\/v2\/types\/product"}],"replies":[{"embeddable":true,"href":"https:\/\/grappa.no\/no\/wp-json\/wp\/v2\/comments?post=13928"}],"wp:featuredmedia":[{"embeddable":true,"href":"https:\/\/grappa.no\/no\/wp-json\/wp\/v2\/media\/27236"}],"wp:attachment":[{"href":"https:\/\/grappa.no\/no\/wp-json\/wp\/v2\/media?parent=13928"}],"wp:term":[{"taxonomy":"product_brand","embeddable":true,"href":"https:\/\/grappa.no\/no\/wp-json\/wp\/v2\/product_brand?post=13928"},{"taxonomy":"product_cat","embeddable":true,"href":"https:\/\/grappa.no\/no\/wp-json\/wp\/v2\/product_cat?post=13928"},{"taxonomy":"product_tag","embeddable":true,"href":"https:\/\/grappa.no\/no\/wp-json\/wp\/v2\/product_tag?post=13928"}],"curies":[{"name":"wp","href":"https:\/\/api.w.org\/{rel}","templated":true}]}}