{"id":13926,"date":"2015-05-22T00:00:00","date_gmt":"2015-05-21T23:00:00","guid":{"rendered":"http:\/\/www.grappa.no\/albums\/uncategorized\/syntax-terrorkester-bydrifter-2\/"},"modified":"2016-09-05T10:46:05","modified_gmt":"2016-09-05T09:46:05","slug":"syntax-terrorkester-bydrifter-2","status":"publish","type":"product","link":"https:\/\/grappa.no\/no\/albums\/grappa\/syntax-terrorkester-bydrifter-2\/","title":{"rendered":"Syntax TerrOrkester: Bydrifter"},"content":{"rendered":"<p><\/p>\n<p>Kultband med byalbum<\/p>\n<p>Det pirrende mystiske Bergensbaserte karm\u00f8ybandet Syntax TerrOrkester har opparbeidet seg velfortjent kultstatus etter tre kritikerroste album med leken kunstgitarrock  med originale og poetiske tekster p\u00e5 kav karm\u00f8ydialekt.\u00a0Deres fjerde album \u00abBydrifter\u00bb er bandets klart beste og mest tilgjengelige utgivelse s\u00e5 langt, men samtidig ogs\u00e5 deres mest  innfallsrike og eksperimentvillige. <\/p>\n<p>Syntax TerrOrkester har hele tiden funnet sine egne rare stier utenfor den opptr\u00e5kkede og preparerte l\u00f8ypa. F\u00f8rstealbumet \u00abFamilien Min Forst\u00e5r Ingenting Av Det\u00bb (2008) ble innspilt live i et akustisk godt bedehus p\u00e5 Karm\u00f8y. \u00abV\u00e5rs\u00e5r\u00bb (2012) ble fremhevet av flere kritikere som et av \u00e5rets mest originale album, p\u00e5 tross av at det egentlig mer var en bokutgivelse fylt med korttekster, essay og kunst, med en vedlagt nedlastningskode til musikken. Omslagene til CD og LP-versjonen av Bydrifter er laget av designer og musiker Kjetil Brandsdal (Drid Machine \/ Noxagt \/ Ultralyd). LP\u00b4en kommer ogs\u00e5 ut i en meget eksklusiv limitert utgave der coveret er i tremateriale (MDF) og coverkunsten er grav\u00e9rt inn i treet med laser.<\/p>\n<p>\u00abBydrifter\u00bb ble i likhet med andrealbumet \u00abLand Her O!\u00bb (2010) innspilt i Duper studio i Bergen, denne gangen med Yngve S\u00e6tre og J\u00f8rgen Tr\u00e6en som produsenter. <\/p>\n<p>Tr\u00e6en ble s\u00e5 ivrig under innspillingen at han meldte seg inn i bandet, som i dag best\u00e5r av av Tarjei Str\u00f8m (DATAROCK \/ Ralph Myerz and TJHB), Ola H\u00f8yer (Cortex), \u00d8yvind Solheim (Ungdomskulen \/ DATAROCK \/ BAERTUR) og l\u00e5tskriver og frontfigur Kunt Kunsten aka Knut Andreas Knutsen (BAERTUR). Albumet har ogs\u00e5 musikalske bidrag fra Ingerlise St\u00f8rksen (Ephemera) og Odd Martin Sk\u00e5lnes (O Martin \/ Aurora Aksnes).<\/p>\n<p><!--more--><\/p>\n<p>Det pirrende mystiske Bergensbaserte karm\u00f8ybandet Syntax TerrOrkester har opparbeidet seg velfortjent kultstatus etter tre kritikerroste album med leken kunstgitarrock  med originale og poetiske tekster p\u00e5 kav karm\u00f8ydialekt.\u00a0Deres fjerde album \u00abBydrifter\u00bb er bandets klart beste og mest tilgjengelige utgivelse s\u00e5 langt, men samtidig ogs\u00e5 deres mest  innfallsrike og eksperimentvillige.<\/p>\n<h4>Rare stier<\/h4>\n<p>Syntax TerrOrkester har spilt over 100 konserter i inn og utland, og har blant annet varmet opp for Holy Fuck, Caribou og Bob Hund. Musikken med tekster p\u00e5 karm\u00f8ydialekt har blitt fremf\u00f8rt i blant annet Berlin, London, Chicago, og San Francisco. I Los Angeles begeistret de Jerry Casale fra Devo, som etter konserten uttalte at dette var ypperlig filmmusikk! Etter en konsert i  London uttalte en ivrig Brian Eno: &quot;I love their sound! When are they back?&quot;<\/p>\n<p>Syntax TerrOrkester har hele tiden funnet sine egne rare stier utenfor den opptr\u00e5kkede og preparerte l\u00f8ypa. F\u00f8rstealbumet \u00abFamilien Min Forst\u00e5r Ingenting Av Det\u00bb (2008) ble innspilt live i et akustisk godt bedehus p\u00e5 Karm\u00f8y. \u00abV\u00e5rs\u00e5r\u00bb (2012) ble fremhevet av flere kritikere som et av \u00e5rets mest originale album, p\u00e5 tross av at det egentlig mer var en bokutgivelse fylt med korttekster, essay og kunst, med en vedlagt nedlastningskode til musikken. Omslagene til CD og LP-versjonen av Bydrifter er laget av designer og musiker Kjetil Brandsdal (Drid Machine \/ Noxagt \/ Ultralyd). LP\u00b4en kommer ogs\u00e5 ut i en meget eksklusiv limitert utgave der coveret er i tremateriale (MDF) og coverkunsten er grav\u00e9rt inn i treet med laser.<\/p>\n<h4>Bydrifter<\/h4>\n<p>\u00abBydrifter\u00bb ble i likhet med andrealbumet \u00abLand Her O!\u00bb (2010) innspilt i Duper studio i Bergen, denne gangen med Yngve S\u00e6tre og J\u00f8rgen Tr\u00e6en som produsenter. <\/p>\n<p>Tr\u00e6en ble s\u00e5 ivrig under innspillingen at han meldte seg inn i bandet, som i dag best\u00e5r av av Tarjei Str\u00f8m (DATAROCK \/ Ralph Myerz and TJHB), Ola H\u00f8yer (Cortex), \u00d8yvind Solheim (Ungdomskulen \/ DATAROCK \/ BAERTUR) og l\u00e5tskriver og frontfigur Kunt Kunsten aka Knut Andreas Knutsen (BAERTUR). Albumet har ogs\u00e5 musikalske bidrag fra Ingerlise St\u00f8rksen (Ephemera) og Odd Martin Sk\u00e5lnes (O Martin \/ Aurora Aksnes).<\/p>\n<h4><\/h4>\n<\/p>\n<p><\/p>","protected":false},"excerpt":{"rendered":"<p>Deres fjerde album \u00abBydrifter\u00bb er bandets klart beste og mest tilgjengelige utgivelse s\u00e5 langt, men samtidig ogs\u00e5 deres mest  innfallsrike og eksperimentvillige.<\/p>\n","protected":false},"featured_media":27176,"comment_status":"closed","ping_status":"open","template":"","meta":[],"product_brand":[],"product_cat":[6],"product_tag":[],"class_list":{"0":"post-13926","1":"product","2":"type-product","3":"status-publish","4":"has-post-thumbnail","6":"product_cat-grappa","7":"product_shipping_class-cddvd-shipping","8":"uni_artist_tag-arne-nordhammer","9":"uni_artist_tag-inger-lise-storksen","10":"uni_artist_tag-iver-sandoy","11":"uni_artist_tag-jorgen-traeen","12":"uni_artist_tag-knut-andreas-knutsen","13":"uni_artist_tag-odd-martin-skalnes","14":"uni_artist_tag-ola-hoyer","15":"uni_artist_tag-oyvind-solheim","16":"uni_artist_tag-syntax-terrorkester","17":"uni_artist_tag-tarjei-strom","18":"uni_artist_tag-yngve-leidulv-saetre","19":"uni_main_artist_tag-syntax-terrorkester","20":"uni_artist_genre-rock","22":"first","23":"instock","24":"taxable","25":"shipping-taxable","26":"purchasable","27":"product-type-simple"},"_links":{"self":[{"href":"https:\/\/grappa.no\/no\/wp-json\/wp\/v2\/product\/13926","targetHints":{"allow":["GET"]}}],"collection":[{"href":"https:\/\/grappa.no\/no\/wp-json\/wp\/v2\/product"}],"about":[{"href":"https:\/\/grappa.no\/no\/wp-json\/wp\/v2\/types\/product"}],"replies":[{"embeddable":true,"href":"https:\/\/grappa.no\/no\/wp-json\/wp\/v2\/comments?post=13926"}],"wp:featuredmedia":[{"embeddable":true,"href":"https:\/\/grappa.no\/no\/wp-json\/wp\/v2\/media\/27176"}],"wp:attachment":[{"href":"https:\/\/grappa.no\/no\/wp-json\/wp\/v2\/media?parent=13926"}],"wp:term":[{"taxonomy":"product_brand","embeddable":true,"href":"https:\/\/grappa.no\/no\/wp-json\/wp\/v2\/product_brand?post=13926"},{"taxonomy":"product_cat","embeddable":true,"href":"https:\/\/grappa.no\/no\/wp-json\/wp\/v2\/product_cat?post=13926"},{"taxonomy":"product_tag","embeddable":true,"href":"https:\/\/grappa.no\/no\/wp-json\/wp\/v2\/product_tag?post=13926"}],"curies":[{"name":"wp","href":"https:\/\/api.w.org\/{rel}","templated":true}]}}