{"id":13904,"date":"2007-08-20T00:00:00","date_gmt":"2007-08-19T23:00:00","guid":{"rendered":"http:\/\/www.grappa.no\/albums\/uncategorized\/trillar-for-to\/"},"modified":"2016-04-19T19:17:38","modified_gmt":"2016-04-19T18:17:38","slug":"trillar-for-to","status":"publish","type":"product","link":"https:\/\/grappa.no\/no\/albums\/heilo\/trillar-for-to\/","title":{"rendered":"Trillar for to"},"content":{"rendered":"<p><\/p>\n<p>Fengende folkemusikk<\/p>\n<p>Duoen Bruvoll\/Halvorsen er etter tre \u00e5r tilbake med oppf\u00f8lgeren til plata \u201cNattsang\u201d fra 2004. \u00a0 Da, som n\u00e5 er det norske middelalderballader og folketoner som er utgangspunktet, men denne gangen har de utvidet konseptet sitt enda litt. For det f\u00f8rste bruker de n\u00e5 ogs\u00e5 egne l\u00e5ter, og for det andre bidrar 40 sangere og musikere til at duoformatet er betraktelig utvidet og resultatet er enda rikere, og varierer fra den lekende \u201dM\u00f8llardottera\u201d via den ettertenksomme \u201dMorgondraumar\u201d til den barokkinspirerte \u201dGravferdsmannen\u201d. Her sveipes det innom eksplosiv blues og vare viser. En variert og gripende plate hvor hvert spor inviterer til intens lytting, deltakelse og snarlig gjenh\u00f8r.<\/p>\n<p><!--more--><\/p>\n<p>For det f\u00f8rste bruker de n\u00e5 ogs\u00e5 egne l\u00e5ter, og for det andre bidrar 40 sangere, blant annet har de med seg sine venner fra det mye omtalte Oslo Fagottkor &#8211; &quot;Norges lekreste homsekor&quot; &#8211; og flere musikere, slik at duoformatet er betraktelig utvidet. Resultatet er enda rikere, og varierer fra den lekende &quot;M\u00f8llardottera&quot; via den ettertenksomme &quot;Morgondraumar&quot; til den barokkinspirerte &quot;Gravferdsmannen&quot;. Her sveipes det innom eksplosiv blues og vare viser. En variert og engasjerende plate hvor hvert spor inviterer til intens lytting, deltakelse og snarlig gjenh\u00f8r.<\/p>\n<h4><\/h4>\n<\/p>\n<h4><\/h4>\n<p><h4><\/h4>\n<\/p>\n<p><\/p>","protected":false},"excerpt":{"rendered":"<p>\u2013 Trillar for to kan anbefales p\u00e5 det varmeste, ikke bare for folkemusikkelskere, men for musikkelskere generelt. [6 Hamar Arbeiderblad]<\/p>\n","protected":false},"featured_media":27263,"comment_status":"closed","ping_status":"open","template":"","meta":[],"product_brand":[],"product_cat":[35],"product_tag":[],"class_list":{"0":"post-13904","1":"product","2":"type-product","3":"status-publish","4":"has-post-thumbnail","6":"product_cat-heilo","7":"product_shipping_class-cddvd-shipping","8":"uni_artist_tag-bruvoll-halvorsen","9":"uni_artist_genre-folk-music","11":"first","12":"instock","13":"taxable","14":"shipping-taxable","15":"purchasable","16":"product-type-simple"},"_links":{"self":[{"href":"https:\/\/grappa.no\/no\/wp-json\/wp\/v2\/product\/13904","targetHints":{"allow":["GET"]}}],"collection":[{"href":"https:\/\/grappa.no\/no\/wp-json\/wp\/v2\/product"}],"about":[{"href":"https:\/\/grappa.no\/no\/wp-json\/wp\/v2\/types\/product"}],"replies":[{"embeddable":true,"href":"https:\/\/grappa.no\/no\/wp-json\/wp\/v2\/comments?post=13904"}],"wp:featuredmedia":[{"embeddable":true,"href":"https:\/\/grappa.no\/no\/wp-json\/wp\/v2\/media\/27263"}],"wp:attachment":[{"href":"https:\/\/grappa.no\/no\/wp-json\/wp\/v2\/media?parent=13904"}],"wp:term":[{"taxonomy":"product_brand","embeddable":true,"href":"https:\/\/grappa.no\/no\/wp-json\/wp\/v2\/product_brand?post=13904"},{"taxonomy":"product_cat","embeddable":true,"href":"https:\/\/grappa.no\/no\/wp-json\/wp\/v2\/product_cat?post=13904"},{"taxonomy":"product_tag","embeddable":true,"href":"https:\/\/grappa.no\/no\/wp-json\/wp\/v2\/product_tag?post=13904"}],"curies":[{"name":"wp","href":"https:\/\/api.w.org\/{rel}","templated":true}]}}