{"id":13871,"date":"2009-02-02T00:00:00","date_gmt":"2009-02-01T23:00:00","guid":{"rendered":"http:\/\/www.grappa.no\/no\/albums\/uncategorized\/black-debbaths-besteti-ar-med-rock-mot-alt-som-er-kult-2\/"},"modified":"2016-11-18T16:35:05","modified_gmt":"2016-11-18T15:35:05","slug":"black-debbaths-beste-ti-ar-med-rock-mot-alt-som-er-kult","status":"publish","type":"product","link":"https:\/\/grappa.no\/no\/albums\/grappa\/black-debbaths-beste-ti-ar-med-rock-mot-alt-som-er-kult\/","title":{"rendered":"Black Debbaths Beste. Ti \u00e5r med rock mot alt som er kult"},"content":{"rendered":"<p><\/p>\n<p>Black Debbaths beste gjennom 10 \u00e5r<\/p>\n<p>Med utgivelsen av Black Debbaths beste \u2013 Ti \u00e5r med rock mot alt som er kult feirer og oppsummerer Black Debbath sin 10 \u00e5r lange karriere. I tillegg markeres jubileet med DVD-utgivelse, stappfull av liveopptak fra hele karrieren, musikkvideoer, tv-opptredener og andre godbiter. Black Debbaths beste inneholder 27 av gruppens h\u00f8ydepunkter, fra debuten \u201dProblemer innad i H\u00f8yre\u201d, til den P3-listede \u201d(Han er en) Gaffeltr\u00f8kk driving mand\u201d fra suksessfilmen Kurt blir grusom. Foruten en lang rekke slagere fra det siste ti\u00e5ret inneholder denne knallsterke samleplaten dessuten flere B-sider som gj\u00f8r utgivelsen komplett.<\/p>\n<p><!--more--><\/p>\n<p>Black Debbath feirer ti \u00e5rs eksistens med samleplate, dvd og turn\u00e9.<\/p>\n<h4>Alt \u2013 og mer!<\/h4>\n<p>CDen Black Debbaths beste inneholder alle gruppas singler, fra debuten \u201dProblemer innad i H\u00f8yre\u201d, til \u201d(Han er en) Gaffeltr\u00f8kk driving mand\u201d fra suksessfilmen \u201dKurt blir grusom\u201d. DVDen er stappfull av liveopptak fra hele karrieren, musikkvideoer, tv-opptredener og masse annet snadder. I anledning utgivelsen av disse godbitene legger bandet ut p\u00e5 en landsomfattende turne, februar og mars 2009.<\/p>\n<h4>Redningen er her<\/h4>\n<p>\u00c5ret er 1999. Norge er et \u00f8deland. F\u00e5 eller ingen gode tungrock-band er \u00e5 oppdrive. Det er i dette vakuum at rockemonsteret Black Debbath stiger opp fra asken. Asken etter tidligere storheter som H\u00f8st, Aunt Mary, Titanic, Popul Wuh, Popul Ace, Road, Electrobugs, Saft, TNT, Equinox, Kjersti &amp; the morningbreads, O-men, Slut Machine og Unit five. \u2013 Endelig!, sa folk. De kunne puste lettet ut. Redningen var kommet. Fulle hus. Braksuksess! \u00c5r med Norgesherred\u00f8mme.<\/p>\n<h4>Solskinnshistorie<\/h4>\n<p>Det har v\u00e6rt en solskinnshistorie fra ende til annen. Debbath er fortsatt p\u00e5 alles lepper. Fortsatt like aktuelle. Nylig leverte de signaturl\u00e5ta til storfilmen &quot;Kurt blir grusom&quot; (&quot;Han er en gaffeltr\u00f8kk-driving man&quot;). Fortsatt like morsomme. Fortsatt de tyngste i klassen. Fortsatt sultne. Fortsatt k\u00e5te. Fortsatt p\u00e5 lag med de svake. Og selv etter fem album er de blant den friskeste frukten i norsk kulturs frukt- og gr\u00f8nt-avdeling. Tiden t\u00e6rer ikke p\u00e5 rockens veteraner. I februar starter feiringen med utgivelsen av s\u00e5vel jubileums-cd som jubileums-dvd. CDen Black Debbaths beste. 10 \u00e5r med rock mot alt som er kult. Med p\u00e5 lasset f\u00e5r man ogs\u00e5 en bonus-cd med b-sider og tidligere uutgitte ting. I det hele; et solid stykke Debbath essens, og meget god valuta for pengene. DVDen Black Debbaths jubileums-dvd. 10 \u00e5r med rock mot alt som er kult serverer h\u00f8ydepunkter fra musikkvideoer, tv-opptredener, liveopptak, intervjuer m.m. To timer med uforglemmelig multimedia.<\/p>\n<p><\/p>","protected":false},"excerpt":{"rendered":"<p>\u2013 &amp;quot;Stonerrockerne&amp;quot; fra B\u00f8ler er en aldri s\u00e5 liten nasjonal skatt. [VG]<\/p>\n","protected":false},"featured_media":27028,"comment_status":"closed","ping_status":"open","template":"","meta":[],"product_brand":[],"product_cat":[6],"product_tag":[],"class_list":{"0":"post-13871","1":"product","2":"type-product","3":"status-publish","4":"has-post-thumbnail","6":"product_cat-grappa","7":"product_shipping_class-cddvd-shipping","8":"uni_artist_tag-aslag-guttormsgaard","9":"uni_artist_tag-biff-malibu-frithjof-jacobsen","10":"uni_artist_tag-bjorn-berger","11":"uni_artist_tag-black-debbath","12":"uni_artist_tag-christer-knudsen","13":"uni_artist_tag-christine-bugjerde","14":"uni_artist_tag-egil-hegerberg","15":"uni_artist_tag-einy-langmoen","16":"uni_artist_tag-elisabeth-cederberg","17":"uni_artist_tag-hans-petter-hp-gundersen","18":"uni_artist_tag-hedvig-mollestad-thomassen","19":"uni_artist_tag-ingrid-margrethe-bolgen-halvorsen","20":"uni_artist_tag-ivar-winther","21":"uni_artist_tag-kristin-karlsson","22":"uni_artist_tag-kristin-skjolaas","23":"uni_artist_tag-lars-lonning","24":"uni_artist_tag-marianne-pentha","25":"uni_artist_tag-marius-kristiansen","26":"uni_artist_tag-monica-lystad","27":"uni_artist_tag-nora-guttormsgaard-wyller","28":"uni_artist_tag-ole-petter-andreassen","29":"uni_artist_tag-per-oystein-lund","30":"uni_artist_tag-ragnhild-christine-quale-hammer","31":"uni_artist_tag-tommy-reite","32":"uni_artist_tag-vanja-eriksen","33":"uni_artist_tag-vibeke-saugestad","34":"uni_main_artist_tag-black-debbath","35":"uni_artist_genre-hard-rock","36":"uni_artist_genre-humor","37":"uni_artist_genre-norwegian","39":"first","40":"instock","41":"taxable","42":"shipping-taxable","43":"purchasable","44":"product-type-simple"},"_links":{"self":[{"href":"https:\/\/grappa.no\/no\/wp-json\/wp\/v2\/product\/13871","targetHints":{"allow":["GET"]}}],"collection":[{"href":"https:\/\/grappa.no\/no\/wp-json\/wp\/v2\/product"}],"about":[{"href":"https:\/\/grappa.no\/no\/wp-json\/wp\/v2\/types\/product"}],"replies":[{"embeddable":true,"href":"https:\/\/grappa.no\/no\/wp-json\/wp\/v2\/comments?post=13871"}],"wp:featuredmedia":[{"embeddable":true,"href":"https:\/\/grappa.no\/no\/wp-json\/wp\/v2\/media\/27028"}],"wp:attachment":[{"href":"https:\/\/grappa.no\/no\/wp-json\/wp\/v2\/media?parent=13871"}],"wp:term":[{"taxonomy":"product_brand","embeddable":true,"href":"https:\/\/grappa.no\/no\/wp-json\/wp\/v2\/product_brand?post=13871"},{"taxonomy":"product_cat","embeddable":true,"href":"https:\/\/grappa.no\/no\/wp-json\/wp\/v2\/product_cat?post=13871"},{"taxonomy":"product_tag","embeddable":true,"href":"https:\/\/grappa.no\/no\/wp-json\/wp\/v2\/product_tag?post=13871"}],"curies":[{"name":"wp","href":"https:\/\/api.w.org\/{rel}","templated":true}]}}