{"id":13838,"date":"2015-11-13T00:00:00","date_gmt":"2015-11-12T23:00:00","guid":{"rendered":"http:\/\/www.grappa.no\/no\/albums\/uncategorized\/annbjorg-lien-drifting-like-a-bird-2\/"},"modified":"2016-07-18T12:18:11","modified_gmt":"2016-07-18T11:18:11","slug":"annbjorg-lien-drifting-like-a-bird","status":"publish","type":"product","link":"https:\/\/grappa.no\/no\/albums\/heilo\/annbjorg-lien-drifting-like-a-bird\/","title":{"rendered":"Annbj\u00f8rg Lien: Drifting like a bird"},"content":{"rendered":"<p><\/p>\n<p>Nordsj\u00f8sanger<\/p>\n<p>Annbj\u00f8rg Lien har med beina plantet i norsk folkemusikk, men med blikket stadig s\u00f8kende utover, n\u00e5dd et publikum langt utenfor de innvidde folkemusikkretser i Norge og internasjonalt. Tre \u00e5r etter det suksessrike world-music albumet Khoom Loy slippes et etterlengtet nytt album fra Annbj\u00f8rg Lien. &#8211; Og ventetiden har ikke v\u00e6rt forgjeves.\u00a0&quot;Drifting Like A Bird&quot;, hennes niende album, er en gjennomarbeidet og inspirert studioversjon av bestillingsverket med samme navn som Annbj\u00f8rg skrev for Nordsj\u00f8festivalen i Farsund i 2013.<\/p>\n<p>Fra omr\u00e5det rundt Nordsj\u00f8bassenget har Annbj\u00f8rg plukket med seg et spennende lag med musikere. De fleste har hun en lang historie med men det er ogs\u00e5 noen nye bekjentskaper her: den irske sangeren og multi-instrumentalisten Cathy Jordan (Dervish), vokalist og performancekunstner Tori Wr\u00e5nes, den svenske cellisten Anders L\u00f8fberg (Nordic, Majorstuen), den svenske gitaristen Roger Tallroth (V\u00e4sen), tangentmann Bj\u00f8rn Ole Rash og trommeslager Rune Arnesen.<\/p>\n<p>Annbj\u00f8rg bidro tidligere i \u00e5r p\u00e5 Ketil Bj\u00f8rnstad og Ole Paus sin suksessplate \u00abFrolandia\u00bb, og har v\u00e6rt p\u00e5 turn\u00e9 i Canada b\u00e5de som soloartist og med String Sisters.<br \/>\n\u2028\u00abDrifting Like a Bird\u00bb er innspilt i Kongshavn Studios utenfor Kristiansand ved Roald R\u00e5sberg, og produsert av Bj\u00f8rn Ole Rasch.<\/p>\n<p><!--more--><\/p>\n<p>Annbj\u00f8rg Lien har med beina plantet i norsk folkemusikk, men med blikket stadig s\u00f8kende utover, n\u00e5dd et publikum langt utenfor de innvidde folkemusikkretser i Norge og internasjonalt. Tre \u00e5r etter det suksessrike world-music albumet Khoom Loy slippes et etterlengtet nytt album fra Annbj\u00f8rg Lien. &#8211; Og ventetiden har ikke v\u00e6rt forgjeves.\u00a0&quot;Drifting Like A Bird&quot;, hennes niende album, er en gjennomarbeidet og inspirert studioversjon av bestillingsverket med samme navn som Annbj\u00f8rg skrev for Nordsj\u00f8festivalen i Farsund i 2013.<\/p>\n<h4>Nordsj\u00f8sanger<\/h4>\n<p>&#8211; Det er en samling med sterke sanger om livet til havs og p\u00e5 land rundt Nordsj\u00f8bassenget.  Annbj\u00f8rg gikk grundig til verks: f\u00f8r hun skrev musikken intervjuet hun seilere og sj\u00f8folk for \u00e5 samle historier og inntrykk. Det er lett \u00e5 h\u00f8re at prosjektet har v\u00e6rt inspirende for komponisten og tekstforfatteren Lien.<\/p>\n<p>Musikalsk spenner albumet vidt: fra folkpop perlen \u00abSette segl\u00bb til drivende instrumentall\u00e5ter, og episke \u00abPeter &amp; Angelos\u00bb.<\/p>\n<h4>Sangeren Annbj\u00f8rg<\/h4>\n<p>Vi har h\u00f8rt Annbj\u00f8rg synge p\u00e5 plater tidligere, men bare en sjelden gang. P\u00e5 \u00abDrifting like a bird\u00bb synger hun p\u00e5 mange av l\u00e5tene. \u00abJeg har v\u00e6rt veldig forn\u00f8yd med \u00e5 v\u00e6re instrumentalist, men etter hvert ble jeg nysgjerrig p\u00e5 hvordan jeg kunne bruke stemmen.\u00bb uttalte hun i et intervju nylig. \u00abJeg har h\u00f8rt en del amerikanske musikere som komper seg selv p\u00e5 fela \u2013 og synger samtidig. Jeg synes det er en god opplevelse n\u00e5r instrumentet kommer s\u00e5 tett inntil stemmen.\u00bb<\/p>\n<p>Annbj\u00f8rg bidro tidligere i \u00e5r p\u00e5 Ketil Bj\u00f8rnstad og Ole Paus sin suksessplate \u00abFrolandia\u00bb, og har v\u00e6rt p\u00e5 turn\u00e9 i Canada b\u00e5de som soloartist og med String Sisters.<\/p>\n<p>\u00abDrifting Like a Bird\u00bb er innspilt i Kongshavn Studios utenfor Kristiansand ved Roald R\u00e5sberg, og produsert av Bj\u00f8rn Ole Rasch.<\/p>\n<h4><\/h4>\n<\/p>\n<p><\/p>","protected":false},"excerpt":{"rendered":"<p>Drifting Like A Bird&quot;, hennes niende album, er en gjennomarbeidet og inspirert studioversjon av bestillingsverket med samme navn som Annbj\u00f8rg skrev for Nordsj\u00f8festivalen i Farsund i 2013.<\/p>\n","protected":false},"featured_media":27326,"comment_status":"closed","ping_status":"open","template":"","meta":[],"product_brand":[],"product_cat":[35],"product_tag":[],"class_list":{"0":"post-13838","1":"product","2":"type-product","3":"status-publish","4":"has-post-thumbnail","6":"product_cat-heilo","7":"product_shipping_class-cddvd-shipping","8":"uni_artist_tag-anders-lofberg","9":"uni_artist_tag-annbjorg-lien","10":"uni_artist_tag-bjorn-ole-rasch","11":"uni_artist_tag-cathy-jordan","12":"uni_artist_tag-roger-tallroth","13":"uni_artist_tag-rune-arnesen","14":"uni_artist_tag-tori-wranes","15":"uni_main_artist_tag-annbjorg-lien","16":"uni_artist_genre-folk-music","17":"uni_artist_genre-singersongwriter","19":"first","20":"instock","21":"taxable","22":"shipping-taxable","23":"purchasable","24":"product-type-simple"},"_links":{"self":[{"href":"https:\/\/grappa.no\/no\/wp-json\/wp\/v2\/product\/13838","targetHints":{"allow":["GET"]}}],"collection":[{"href":"https:\/\/grappa.no\/no\/wp-json\/wp\/v2\/product"}],"about":[{"href":"https:\/\/grappa.no\/no\/wp-json\/wp\/v2\/types\/product"}],"replies":[{"embeddable":true,"href":"https:\/\/grappa.no\/no\/wp-json\/wp\/v2\/comments?post=13838"}],"wp:featuredmedia":[{"embeddable":true,"href":"https:\/\/grappa.no\/no\/wp-json\/wp\/v2\/media\/27326"}],"wp:attachment":[{"href":"https:\/\/grappa.no\/no\/wp-json\/wp\/v2\/media?parent=13838"}],"wp:term":[{"taxonomy":"product_brand","embeddable":true,"href":"https:\/\/grappa.no\/no\/wp-json\/wp\/v2\/product_brand?post=13838"},{"taxonomy":"product_cat","embeddable":true,"href":"https:\/\/grappa.no\/no\/wp-json\/wp\/v2\/product_cat?post=13838"},{"taxonomy":"product_tag","embeddable":true,"href":"https:\/\/grappa.no\/no\/wp-json\/wp\/v2\/product_tag?post=13838"}],"curies":[{"name":"wp","href":"https:\/\/api.w.org\/{rel}","templated":true}]}}