{"id":13836,"date":"2015-08-21T00:00:00","date_gmt":"2015-08-20T23:00:00","guid":{"rendered":"http:\/\/www.grappa.no\/no\/albums\/uncategorized\/seonveh-%c2%96-ketil-hvoslef-music-for-guitar-2\/"},"modified":"2019-02-22T16:05:40","modified_gmt":"2019-02-22T15:05:40","slug":"seonveh-ketil-hvoslef-music-for-guitar","status":"publish","type":"product","link":"https:\/\/grappa.no\/no\/albums\/simax-classics\/seonveh-ketil-hvoslef-music-for-guitar\/","title":{"rendered":"Seonveh \u2013 Ketil Hvoslef: Music for guitar"},"content":{"rendered":"<p><\/p>\n<p>Ketil Hvoslef hylles av norsk stjernelag<\/p>\n<p>Hvoslef er en av Norges mest anerkjente komponister. Han er produktiv, udogmatisk anlagt og hans musikk blir ofte karakterisert som et resultat av evnen til \u00e5 kombinere det enkle med det intrikate. Med rytmisk pregnans og  kompleksitet, i tillegg til en alltid tilstedev\u00e6rende uforutsigbarhet, har hans musikk stor gjennomslagskraft. Hvoslef ble tidlig i sin karriere fascinert av gitarens uttrykk og klangmuligheter. Stein-Erik Olsen studerte hos Hvoslef fra 1973-77 og han har fra den tid fremf\u00f8rt og spilt inn flere av Hvoslefs gitarverk. N\u00e5 st\u00e5r han i spissen for stjernelaget p\u00e5 innspillingen: Strykekvartett under ledelse av Elise B\u00e5tnes, Det Norske Kammerorkester under ledelse av Christian Eggen, samt fl\u00f8ytist og mange\u00e5rig medmusikant Gro Sandvik og gitaristene Nj\u00e5l Vindenes og Egil Haugland. Arne Akselberg og Simon Kiln, begge fra Abbey Road Studios, er lyd- og produksjonsansvarlig.<\/p>\n<p><!--more--><\/p>\n<p>For et \u00e5r siden kom gitaristen Stein-Erik Olsens kritikerroste album \u201dHavana &#8211; Rio &#8211; Moscow\u201d,  der han inviterte Academy of St. Martin in The Fields til musikalsk samarbeid. P\u00e5 sin nye innspilling \u201dSEONVEH\u201d, som er Stein-Erik Olsens tiende CD for Simax Classic, har han med seg cr\u00e8me de la cr\u00e8me av norske musikere i en hyllest til komponisten Ketil Hvoslef.<\/p>\n<h4>Uforutsigbar komponist<\/h4>\n<p>Hvoslef er en av Norges mest anerkjente komponister. Han er produktiv, udogmatisk anlagt og hans musikk blir ofte karakterisert som et resultat av evnen til \u00e5 kombinere det enkle med det intrikate. Med rytmisk pregnans og  kompleksitet, i tillegg til en alltid tilstedev\u00e6rende uforutsigbarhet, har hans musikk stor gjennomslagskraft. Hvoslef ble tidlig i sin karriere fascinert av gitarens uttrykk og klangmuligheter. Stein-Erik Olsen studerte hos Hvoslef fra 1973-77 og han har fra den tid fremf\u00f8rt og spilt inn flere av Hvoslefs gitarverk.<\/p>\n<h4>Verk fra 1966 til 2011<\/h4>\n<p>Solosuiten \u201dSix pieces for six strings\u201d ble skrevet tidlig i Hvoslefs komponistkarriere og er p\u00e5 mange m\u00e5ter innspillingens kuriositet. Tidlig p\u00e5 sekstitallet var Hvoslef mest opptatt av visuell kunst og han sier at han fremdeles visualiserer musiker og instrument n\u00e5r han komponerer. Double Concerto for flute and Guitar (1977), beskriver et kj\u00e6rlighetsforhold mellom gitar og fl\u00f8yte.<br \/>\nI Guitar Quintet (2004) utforsker Hvoslef  den uvanlige besetningen gitar og strykekvartett. Gitaren blir inkorporert i strykekvartettens klangunivers p\u00e5 uts\u00f8kt og ukonvensjonelt vis. SEONVEH (2011) for tre gitarer, er skrevet i n\u00e6rt samarbeid med gitartrioen, et samarbeid Hvoslef beskrev som \u201den dr\u00f8m for en komponist\u201d.  SEONVEH er en fargerik og omfattende komposisjon, der Hvoslef t\u00f8yer grensen for hva som er mulig \u00e5 spille p\u00e5 klassisk gitar. Dette er et ekstraordin\u00e6rt verk for en ekstraordin\u00e6r besetning.<\/p>\n<h4>Fremragende ut\u00f8vere og produksjon<\/h4>\n<p>Stein-Erik Olsen st\u00e5r i spissen for stjernelaget p\u00e5 innspillingen. Med seg har han en strykekvartett under ledelse av Elise B\u00e5tnes, Det Norske Kammerorkester under ledelse av Christian Eggen, samt fl\u00f8ytist og mange\u00e5rig medmusikant Gro Sandvik og gitaristene Nj\u00e5l Vindenes og Egil Haugland. Arne Akselberg og Simon Kiln, begge fra Abbey Road Studios, er lyd- og produksjonsansvarlig.<\/p>\n<p><\/p>","protected":false},"excerpt":{"rendered":"<p>Hvoslef er en av Norges mest anerkjente komponister. Han er produktiv, udogmatisk anlagt og hans musikk blir ofte karakterisert som et resultat av evnen til \u00e5 kombinere det enkle med det intrikate.<\/p>\n","protected":false},"featured_media":27794,"comment_status":"closed","ping_status":"open","template":"","meta":[],"product_brand":[],"product_cat":[180],"product_tag":[],"class_list":{"0":"post-13836","1":"product","2":"type-product","3":"status-publish","4":"has-post-thumbnail","6":"product_cat-simax-classics","7":"product_shipping_class-cddvd-shipping","8":"uni_artist_tag-arne-akselberg","9":"uni_artist_tag-christian-eggen","10":"uni_artist_tag-daniel-dalnoki","11":"uni_artist_tag-egil-haugland","12":"uni_artist_tag-elise-batnes","13":"uni_artist_tag-gro-sandvik","14":"uni_artist_tag-ida-bryhn","15":"uni_artist_tag-ketil-hvoslef","16":"uni_artist_tag-njal-vindenes","17":"uni_artist_tag-simon-kiln","18":"uni_artist_tag-stein-erik-olsen","19":"uni_artist_tag-torunn-stavseng","20":"uni_main_artist_tag-stein-erik-olsen","21":"uni_artist_genre-contemporary-music","22":"uni_artist_genre-orchestral","23":"uni_artist_genre-scandinavian","24":"uni_artist_genre-strings","25":"uni_artist_genre-world-premiere-recording","27":"first","28":"instock","29":"taxable","30":"shipping-taxable","31":"purchasable","32":"product-type-simple"},"_links":{"self":[{"href":"https:\/\/grappa.no\/no\/wp-json\/wp\/v2\/product\/13836","targetHints":{"allow":["GET"]}}],"collection":[{"href":"https:\/\/grappa.no\/no\/wp-json\/wp\/v2\/product"}],"about":[{"href":"https:\/\/grappa.no\/no\/wp-json\/wp\/v2\/types\/product"}],"replies":[{"embeddable":true,"href":"https:\/\/grappa.no\/no\/wp-json\/wp\/v2\/comments?post=13836"}],"wp:featuredmedia":[{"embeddable":true,"href":"https:\/\/grappa.no\/no\/wp-json\/wp\/v2\/media\/27794"}],"wp:attachment":[{"href":"https:\/\/grappa.no\/no\/wp-json\/wp\/v2\/media?parent=13836"}],"wp:term":[{"taxonomy":"product_brand","embeddable":true,"href":"https:\/\/grappa.no\/no\/wp-json\/wp\/v2\/product_brand?post=13836"},{"taxonomy":"product_cat","embeddable":true,"href":"https:\/\/grappa.no\/no\/wp-json\/wp\/v2\/product_cat?post=13836"},{"taxonomy":"product_tag","embeddable":true,"href":"https:\/\/grappa.no\/no\/wp-json\/wp\/v2\/product_tag?post=13836"}],"curies":[{"name":"wp","href":"https:\/\/api.w.org\/{rel}","templated":true}]}}