{"id":13832,"date":"2004-09-20T00:00:00","date_gmt":"2004-09-19T23:00:00","guid":{"rendered":"http:\/\/www.grappa.no\/no\/albums\/uncategorized\/nattsang\/"},"modified":"2016-04-19T19:17:40","modified_gmt":"2016-04-19T18:17:40","slug":"nattsang","status":"publish","type":"product","link":"https:\/\/grappa.no\/no\/albums\/heilo\/nattsang\/","title":{"rendered":"Nattsang"},"content":{"rendered":"<p><\/p>\n<p>Gammel visekultur med nytt musikkuttrykk<\/p>\n<p>Repertoaret p\u00e5 plata kommer fra en \u00e5rhundrelang sangtradisjon som har overlevd p\u00e5 folkemunne. De fleste sangene er middelalderviser, en sjanger som ble popul\u00e6r i Norden p\u00e5 1300-tallet. Den tradisjonelle sangen til Jon Anders Halvorsen ledsages av Tore Bruvolls gitarspill som er inspirert av alt fra afrikanske koraer til norske langeleiker via countrymusikk fra Kentucky og gammel delta-blues. Spillet er preget av frihet, inderlighet og n\u00e6rv\u00e6r. Med sitt finurlige fingerarbeid og kreative stemminger fargerlegger han landskapene i visene p\u00e5 en s\u00e6regen m\u00e5te. Tores gitarspill fletter seg uanstrengt inn i den tradisjonelle sangstilen til Jon Anders. Sangene blir p\u00e5 en fascinerende m\u00e5te en utforskning av b\u00e5de v\u00e5r gamle visekultur og v\u00e5rt n\u00e5tidige musikkuttrykk.<\/p>\n<p><!--more--><\/p>\n<p>Duoen Bruvoll\/Halvorsen er n\u00e5 klare med sin f\u00f8rste cd-utgivelse. &quot;Nattsang&quot; innholder 11 lavm\u00e6lte og melankolske sanger, enkelt og inderlig framf\u00f8rt med sang og gitar. Musikken er hentet fra den rike vokale folkemusikktradisjonen, og bearbeidet av de to musikerne slik at den havner i grenselandet mellom singer\/songwriter tradisjonen og v\u00e5r eldste folkemusikktradisjon. De fleste av sangene er tidligere ukjente selv for folkemusikkpublikumet.<\/p>\n<h4>Dr\u00f8mmesanger bygget p\u00e5 folketradisjon<\/h4>\n<p>Om tittelen Nattsang sier duoen: &quot;\u2026nattsanger oppfatter vi n\u00e6rmest som dr\u00f8mmesanger\u2026sangene best\u00e5r av sm\u00e5 historier som kan likne p\u00e5 handlingene i dr\u00f8mmer\u2026 som hvis en person v\u00e5kner midt i en dr\u00f8m og istedenfor \u00e5 fortelle dr\u00f8mmen, begynner \u00e5 synge den\u2026ja da tror vi at vi ville h\u00f8re en nattsang&quot;. I disse &quot;dr\u00f8mmevisene&quot; m\u00f8ter vi mange personer. Det er unge Stig som faller i krigen, Kirsten som kler seg om til en stalldreng, eller Svein H\u00e5kenson som etter mange \u00e5r i utlandet igjen m\u00f8ter sin s\u00f8ster. Det er sanger om hevnlystne Inger, om den kjempende Rikarodius, den ensomme jegeren, skipper Valivan eller om Jon Remarssons og hans d\u00f8d p\u00e5 havet.<\/p>\n<p>Duoen forteller : &quot;Vi vet ikke om disse skikkelsene  har levd eller  ikke\u2026.men det er heller ikke s\u00e5 viktig\u2026det er akkurat som om noen av historiene kan ha skjedd mange ganger\u2026mens andre historier er s\u00e5 unike at en hendelse kan ha v\u00e6rt nok til at generasjon etter generasjon har latt seg fengsle av dem&#8230;vi har bare hentet fram melodiene og beretningene fra folketradisjonen og pr\u00f8ver \u00e5 gj\u00f8re noe vakkert og meningsfylt ut av dem\u2026.&quot;<\/p>\n<h4><\/h4>\n<p><h4><\/h4>\n<\/p>\n<p><\/p>","protected":false},"excerpt":{"rendered":"<p>&#8230;Sangene besitter en indre kraft. Man finner roen i selskap med disse vakre sangene. Det er godt \u00e5 h\u00f8re p\u00e5\u2026De har gjort musikken lett tilgjengelig for den moderne lytteren som kanskje ikke har folkemusikken som sitt f\u00f8rste valg\u2026 [Aftenposten]<\/p>\n","protected":false},"featured_media":27245,"comment_status":"closed","ping_status":"open","template":"","meta":[],"product_brand":[],"product_cat":[35],"product_tag":[],"class_list":{"0":"post-13832","1":"product","2":"type-product","3":"status-publish","4":"has-post-thumbnail","6":"product_cat-heilo","7":"product_shipping_class-cddvd-shipping","8":"uni_artist_tag-bruvoll-halvorsen","9":"uni_artist_genre-folk-music","11":"first","12":"instock","13":"taxable","14":"shipping-taxable","15":"purchasable","16":"product-type-simple"},"_links":{"self":[{"href":"https:\/\/grappa.no\/no\/wp-json\/wp\/v2\/product\/13832","targetHints":{"allow":["GET"]}}],"collection":[{"href":"https:\/\/grappa.no\/no\/wp-json\/wp\/v2\/product"}],"about":[{"href":"https:\/\/grappa.no\/no\/wp-json\/wp\/v2\/types\/product"}],"replies":[{"embeddable":true,"href":"https:\/\/grappa.no\/no\/wp-json\/wp\/v2\/comments?post=13832"}],"wp:featuredmedia":[{"embeddable":true,"href":"https:\/\/grappa.no\/no\/wp-json\/wp\/v2\/media\/27245"}],"wp:attachment":[{"href":"https:\/\/grappa.no\/no\/wp-json\/wp\/v2\/media?parent=13832"}],"wp:term":[{"taxonomy":"product_brand","embeddable":true,"href":"https:\/\/grappa.no\/no\/wp-json\/wp\/v2\/product_brand?post=13832"},{"taxonomy":"product_cat","embeddable":true,"href":"https:\/\/grappa.no\/no\/wp-json\/wp\/v2\/product_cat?post=13832"},{"taxonomy":"product_tag","embeddable":true,"href":"https:\/\/grappa.no\/no\/wp-json\/wp\/v2\/product_tag?post=13832"}],"curies":[{"name":"wp","href":"https:\/\/api.w.org\/{rel}","templated":true}]}}