{"id":13831,"date":"2009-08-24T00:00:00","date_gmt":"2009-08-23T23:00:00","guid":{"rendered":"http:\/\/www.grappa.no\/no\/albums\/uncategorized\/maros\/"},"modified":"2016-11-18T16:35:25","modified_gmt":"2016-11-18T15:35:25","slug":"maros","status":"publish","type":"product","link":"https:\/\/grappa.no\/no\/albums\/heilo\/maros\/","title":{"rendered":"Maros"},"content":{"rendered":"<p><\/p>\n<p>Et m\u00f8te mellom gammelt og nytt<\/p>\n<p>Eli Storbakkens tredje soloplate Maros dokumenterer vakre og lite kjente norske tradisjoner. Hennes nydelige stemme, satt til tonene av dyktige musikere, evner \u00e5 vekke til live de gamle sangformene p\u00e5 en henrivende m\u00e5te. Storbekken, opprinnelig fra Tolga i Nord-\u00d8sterdalen, er en folkesanger som gjennom en \u00e5rrekke har formidlet den norske folkesangen i inn- og utland, og trallene som er valgt har fulgt henne gjennom alle \u00e5r. Platen best\u00e5r av sanger knyttet til natur, mennesker og dyr &#8211; en reise i et musikalsk landskap hvor fortid og n\u00e5tid m\u00f8tes med ulike stemninger. <\/p>\n<p>P\u00e5 Maros blandes arkivopptak med nyinnspillinger, noe som bringer ekstra autentisitet inn i en moderne folkemusikkplate. Ideen om et slikt m\u00f8te mellom gammelt og nytt hadde Storbekken hatt lenge, og valget falt p\u00e5 noen av hennes favoritter fra barndommen: sangeren Ellen Berglot Fl\u00f8tten (1902-1983) fra Alvdal og felespilleren og sangeren Kjerstina \u00d8verland (1877-1966) fra Tolga. Den gamle folkemusikken hadde en tydelig funksjon tilpasset livet p\u00e5 seteren, men selv om funksjonen er borte lever melodiene fremdeles \u2013 p\u00e5 Maros lever melodiene i aller beste velg\u00e5ende.<\/p>\n<p><!--more--><\/p>\n<p>Maros best\u00e5r av sanger knyttet til natur, mennesker og dyr. En reise i et musikalsk landskap hvor fortid og n\u00e5tid m\u00f8tes med ulike stemninger. Trallene som er valgt er spesielt viktige for Eli Storbekken og har fulgt henne gjennom alle \u00e5r.<\/p>\n<h4>Gammelt m\u00f8ter nytt<\/h4>\n<p>P\u00e5 Maros blandes arkivopptak med nyinnspillinger, noe som bringer ekstra autentisitet inn i en moderne folkemusikkplate. Ideen om et slikt m\u00f8te mellom gammelt og nytt hadde Storbekken hatt lenge, og valget falt p\u00e5 noen av hennes favoritter fra barndommen. Samlet inn av en av de store folkeminnesamlerne, Ole M\u00f8rk Sandvik (1875-1976), er arkivopptakene innspillinger av Ellen Berglot Fl\u00f8tten (1902-1983) fra Alvdal, som var kjent for sine lokkerop og opptr\u00e5dte b\u00e5de i radio og TV, og felespilleren og sangeren Kjerstina \u00d8verland (1877-1966) fra Tolga som med sin vakre stemme ikke sjelden ble brukt n\u00e5r det skulle spilles opp til dans.<\/p>\n<h4>Lokken n\u00e5r over berg og \u00e5ser, fjell og bl\u00e5ner<\/h4>\n<p>Seterlivet utviklet sine s\u00e6regne musikkbehov, og den ekte lokken er en \u00abprovins\u00bb for seg selv. Rop og lokk var til gjensidig vern for mennesker og dyr, men ogs\u00e5 like mye et uttrykk for det som r\u00f8rte seg i hvert enkelt sjeleliv og formidlet menneskets f\u00f8lelser. Lokken er et kjennesignal for buskapen, men samtidig forteller den oss om budeias r\u00f8rende kj\u00e6rlighet til dyra. Lokken har noe av evig ungdom i seg, frisk og ny som en \u00abflyvende sommer\u00bb. Laling (liljing) og gukko (kauk) var den tids kommunikasjon blant folk, ved siden av instrumentene lur og bukkehorn. Det var viktig \u00e5 holde kontakt med andre mennesker i setermarkene, og \u00e5 varsle om rovdyr, komme p\u00e5 bes\u00f8k og g\u00e5 p\u00e5 friing var noen av lalingens funksjoner. Selv om funksjonen er borte, lever melodiene fremdeles. P\u00e5 denne platen lever melodiene i aller beste velg\u00e5ende.<\/p>\n<h4>Maros<\/h4>\n<p>Maros dokumenterer lite kjente norske tradisjoner p\u00e5 en vakker og munter m\u00e5te, og Storbekkens nydelige stemme, satt til tonene av dyktige musikere, presenterer et stort lerret av stemninger. Hun evner p\u00e5 en henrivende m\u00e5te \u00e5 vekke til live de gamle sangformene.<\/p>\n<p><\/p>","protected":false},"excerpt":{"rendered":"<p>Eli Storbakken evner p\u00e5 en henrivende m\u00e5te \u00e5 vekke til live den gamle norske folketradisjonen.<\/p>\n","protected":false},"featured_media":27271,"comment_status":"closed","ping_status":"open","template":"","meta":[],"product_brand":[],"product_cat":[35],"product_tag":[],"class_list":{"0":"post-13831","1":"product","2":"type-product","3":"status-publish","4":"has-post-thumbnail","6":"product_cat-heilo","7":"product_shipping_class-cddvd-shipping","8":"uni_artist_tag-atle-nymo","9":"uni_artist_tag-birger-mistereggen","10":"uni_artist_tag-egil-storbekken","11":"uni_artist_tag-eli-storbekken","12":"uni_artist_tag-georg-buljo","13":"uni_artist_tag-gjermund-silset","14":"uni_artist_tag-lillebror-vasaasen","15":"uni_artist_tag-nils-okland","16":"uni_artist_tag-tore-bruvoll","17":"uni_artist_tag-trad","18":"uni_main_artist_tag-eli-storbekken","19":"uni_artist_genre-folk-music","21":"first","22":"instock","23":"taxable","24":"shipping-taxable","25":"purchasable","26":"product-type-simple"},"_links":{"self":[{"href":"https:\/\/grappa.no\/no\/wp-json\/wp\/v2\/product\/13831","targetHints":{"allow":["GET"]}}],"collection":[{"href":"https:\/\/grappa.no\/no\/wp-json\/wp\/v2\/product"}],"about":[{"href":"https:\/\/grappa.no\/no\/wp-json\/wp\/v2\/types\/product"}],"replies":[{"embeddable":true,"href":"https:\/\/grappa.no\/no\/wp-json\/wp\/v2\/comments?post=13831"}],"wp:featuredmedia":[{"embeddable":true,"href":"https:\/\/grappa.no\/no\/wp-json\/wp\/v2\/media\/27271"}],"wp:attachment":[{"href":"https:\/\/grappa.no\/no\/wp-json\/wp\/v2\/media?parent=13831"}],"wp:term":[{"taxonomy":"product_brand","embeddable":true,"href":"https:\/\/grappa.no\/no\/wp-json\/wp\/v2\/product_brand?post=13831"},{"taxonomy":"product_cat","embeddable":true,"href":"https:\/\/grappa.no\/no\/wp-json\/wp\/v2\/product_cat?post=13831"},{"taxonomy":"product_tag","embeddable":true,"href":"https:\/\/grappa.no\/no\/wp-json\/wp\/v2\/product_tag?post=13831"}],"curies":[{"name":"wp","href":"https:\/\/api.w.org\/{rel}","templated":true}]}}