{"id":13829,"date":"2005-03-28T00:00:00","date_gmt":"2005-03-27T23:00:00","guid":{"rendered":"http:\/\/www.grappa.no\/no\/albums\/uncategorized\/tre-nyhus-2\/"},"modified":"2016-11-18T16:35:15","modified_gmt":"2016-11-18T15:35:15","slug":"tre-nyhus","status":"publish","type":"product","link":"https:\/\/grappa.no\/no\/albums\/heilo\/tre-nyhus\/","title":{"rendered":"Tre Nyhus"},"content":{"rendered":"<p><\/p>\n<p>Nyhus-familien samles for \u00e5 gi ut gamle sl\u00e5tter og nye komposisjoner<\/p>\n<p>Folkemusikkveteran Sven Nyhus og hans d\u00f8tre \u00c5shild Breie Nyhus og Ingrid Breie Nyhus, g\u00e5r p\u00e5 platen Tre Nyhus sammen for \u00e5 gi ut gamle sl\u00e5tter fra deres familietradisjon og nye  komposisjoner av trioens senior. Med en langt over gjennomsnittet musikalsk familie er det ikke overraskende at resultatet er av h\u00f8y kvalitet. <\/p>\n<p>Nyhus senior er selv en prominent formidler av norsk folkemusikk og har v\u00e6rt aktiv som spellemann i hjemtraktene, dannet Gl\u00e5mos spellmannslag og Sven Nyhus kvartett, v\u00e6rt professor ved Norges Musikkh\u00f8gskole, medredakt\u00f8r av sjubindsverket Norsk Folkemusikk og tidligere sjef for Folkemusikkavdelinga i NRK. Hans d\u00f8tre er ikke mindre markante skikkelser i norsk musikkliv. Fiolinst og bratsjist \u00c5shild har bakgrunn i Oslo-filharmonien, Det Norske Kammerorkester, Kringkastingsorkesteret og Trondheim Symfoniorkester, medvirket p\u00e5 plater av blant andre Finn Kalvik, Sissel Kyrkjeb\u00f8, Morten Harket, Marit Larsen og Jan Eggum, samt gitt ut platen Edvard Grieg: Sl\u00e5tter Opus 72 med sin s\u00f8ster. Ingrid er p\u00e5 sin side pianist, hovedsakelig innen klassisk musikk, men ogs\u00e5 samtidsmusikk og folkemusikk. Hun har vunnet en rekke priser, blant annet var hun den f\u00f8rste til \u00e5 motta Den Norske Solistpris i 2005, og har omfattende konsertvirksomhet i Norge og Europa bak seg. <\/p>\n<p>Familiens r\u00f8tter i R\u00f8ros skinner tydelig gjennom p\u00e5 platen, ikke minst i form av valg av sl\u00e5tter, men ogs\u00e5 i form av instrumentering. Felene og zitheren er de tradisjonelle instrumentene i R\u00f8rosomr\u00e5det; kun pianoet er nytt her. Sammen maler Sven og hans d\u00f8tre et vakkert bilde av R\u00f8ros-tradisjonen gjennom improvisasjon og lekenhet, alt bundet sammen av h\u00f8y kvalitet og stor kjennskap til omr\u00e5dets folkemusikalske tradisjoner.<\/p>\n<p><!--more--><\/p>\n<h4><\/h4>\n<\/p>\n<h4><\/h4>\n<p><h4><\/h4>\n<\/p>\n<p><\/p>","protected":false},"excerpt":{"rendered":"<p>Sven Nyhus og hans d\u00f8tre \u00c5shild Breie Nyhus og Ingrid Breie Nyhus maler et vakkert bilde av R\u00f8ros og byens folkemusikalske tradisjon.<\/p>\n","protected":false},"featured_media":27256,"comment_status":"closed","ping_status":"open","template":"","meta":[],"product_brand":[],"product_cat":[35],"product_tag":[],"class_list":{"0":"post-13829","1":"product","2":"type-product","3":"status-publish","4":"has-post-thumbnail","6":"product_cat-heilo","7":"product_shipping_class-cddvd-shipping","8":"uni_artist_tag-ashild-breie-nyhus","9":"uni_artist_tag-ingfrid-breie-nyhus","10":"uni_artist_tag-sven-nyhus","11":"uni_artist_tag-trad","12":"uni_main_artist_tag-sven-nyhus","13":"uni_artist_genre-folk-music","15":"first","16":"instock","17":"taxable","18":"shipping-taxable","19":"purchasable","20":"product-type-simple"},"_links":{"self":[{"href":"https:\/\/grappa.no\/no\/wp-json\/wp\/v2\/product\/13829","targetHints":{"allow":["GET"]}}],"collection":[{"href":"https:\/\/grappa.no\/no\/wp-json\/wp\/v2\/product"}],"about":[{"href":"https:\/\/grappa.no\/no\/wp-json\/wp\/v2\/types\/product"}],"replies":[{"embeddable":true,"href":"https:\/\/grappa.no\/no\/wp-json\/wp\/v2\/comments?post=13829"}],"wp:featuredmedia":[{"embeddable":true,"href":"https:\/\/grappa.no\/no\/wp-json\/wp\/v2\/media\/27256"}],"wp:attachment":[{"href":"https:\/\/grappa.no\/no\/wp-json\/wp\/v2\/media?parent=13829"}],"wp:term":[{"taxonomy":"product_brand","embeddable":true,"href":"https:\/\/grappa.no\/no\/wp-json\/wp\/v2\/product_brand?post=13829"},{"taxonomy":"product_cat","embeddable":true,"href":"https:\/\/grappa.no\/no\/wp-json\/wp\/v2\/product_cat?post=13829"},{"taxonomy":"product_tag","embeddable":true,"href":"https:\/\/grappa.no\/no\/wp-json\/wp\/v2\/product_tag?post=13829"}],"curies":[{"name":"wp","href":"https:\/\/api.w.org\/{rel}","templated":true}]}}