{"id":13827,"date":"1995-08-01T00:00:00","date_gmt":"1995-07-31T23:00:00","guid":{"rendered":"http:\/\/www.grappa.no\/no\/albums\/uncategorized\/folkemusikk-fra-trondelag-2\/"},"modified":"2016-11-18T16:21:25","modified_gmt":"2016-11-18T15:21:25","slug":"folkemusikk-fra-trondelag","status":"publish","type":"product","link":"https:\/\/grappa.no\/no\/albums\/grappa\/folkemusikk-fra-trondelag\/","title":{"rendered":"FOLKEMUSIKK FRA TR\u00d8NDELAG"},"content":{"rendered":"<p><\/p>\n<p>Tr\u00f8ndelags folkemusikk<\/p>\n<p>Tr\u00f8ndelag er som tradisjonsomr\u00e5de sv\u00e6rt sammensatt og dekker en rekke ulike former, genre og typer av folkemusikk. P\u00e5 denne samleplaten presenteres et utvalg av noe av den flotteste musikken Tr\u00f8ndelag har \u00e5 by p\u00e5. Det er utvilsomt den vanlige fela som dominerer innen instrumentalmusikken, noe som gjenspeiles p\u00e5 denne samleplaten. Selv om fela ble s\u00e5 godt som utryddet som en f\u00f8lge av de religi\u00f8se vekkelsene i siste halvdel av 1800-tallet, har de fleste distriktene i Tr\u00f8ndelag hatt en feletradisjon som strekker seg et godt stykke inn i v\u00e5rt \u00e5rhundre. Det er riktig nok ikke bare fela som er representert p\u00e5 denne samleplaten \u2013 ogs\u00e5 viktige instrumenter innen Tr\u00f8ndelags folkemusikalske tradisjon som bukkehorn og Mer\u00e5kerklarinett, samt omr\u00e5dets rike sangtradisjoner, presenteres her.  <\/p>\n<p>\u00abFolkemusikk fr\u00e5 Tr\u00f8ndelag\u00bb viser hvor rik og variert Tr\u00f8ndelags folkemusikalske tradisjon er, og vi f\u00e5r h\u00f8re alt fra pols og springar til vals og reinlender, utf\u00f8rt av noen av de fremste musikerne innen folkemusikken. Samleplaten er en helt essensiell dokumentasjon av et av Norges mest interessante og flotte regionale folkemusikalske uttrykk, og et n\u00f8dvendig tilskudd for enhver interessert i dette landets unike musikalske tradisjon.<\/p>\n<p><!--more--><\/p>\n<h4><\/h4>\n<\/p>\n<h4><\/h4>\n<p><h4><\/h4>\n<\/p>\n<p><\/p>","protected":false},"excerpt":{"rendered":"<p>En helt essensiell dokumentasjon av Tr\u00f8ndelags vakre folkemusikalske uttrykk.<\/p>\n","protected":false},"featured_media":26918,"comment_status":"closed","ping_status":"open","template":"","meta":[],"product_brand":[],"product_cat":[6],"product_tag":[],"class_list":{"0":"post-13827","1":"product","2":"type-product","3":"status-publish","4":"has-post-thumbnail","6":"product_cat-grappa","7":"product_shipping_class-cddvd-shipping","8":"uni_artist_tag-ashild-breie-nyhus","9":"uni_artist_tag-geir-egil-larsen","10":"uni_artist_tag-leiv-solberg","11":"uni_artist_tag-sven-nyhus","12":"uni_artist_tag-trad","13":"uni_main_artist_tag-sven-nyhus","14":"uni_artist_genre-folk-music","16":"first","17":"instock","18":"taxable","19":"shipping-taxable","20":"purchasable","21":"product-type-simple"},"_links":{"self":[{"href":"https:\/\/grappa.no\/no\/wp-json\/wp\/v2\/product\/13827","targetHints":{"allow":["GET"]}}],"collection":[{"href":"https:\/\/grappa.no\/no\/wp-json\/wp\/v2\/product"}],"about":[{"href":"https:\/\/grappa.no\/no\/wp-json\/wp\/v2\/types\/product"}],"replies":[{"embeddable":true,"href":"https:\/\/grappa.no\/no\/wp-json\/wp\/v2\/comments?post=13827"}],"wp:featuredmedia":[{"embeddable":true,"href":"https:\/\/grappa.no\/no\/wp-json\/wp\/v2\/media\/26918"}],"wp:attachment":[{"href":"https:\/\/grappa.no\/no\/wp-json\/wp\/v2\/media?parent=13827"}],"wp:term":[{"taxonomy":"product_brand","embeddable":true,"href":"https:\/\/grappa.no\/no\/wp-json\/wp\/v2\/product_brand?post=13827"},{"taxonomy":"product_cat","embeddable":true,"href":"https:\/\/grappa.no\/no\/wp-json\/wp\/v2\/product_cat?post=13827"},{"taxonomy":"product_tag","embeddable":true,"href":"https:\/\/grappa.no\/no\/wp-json\/wp\/v2\/product_tag?post=13827"}],"curies":[{"name":"wp","href":"https:\/\/api.w.org\/{rel}","templated":true}]}}