{"id":13826,"date":"2007-03-05T00:00:00","date_gmt":"2007-03-04T23:00:00","guid":{"rendered":"http:\/\/www.grappa.no\/no\/albums\/uncategorized\/alfred-janson-nasjonalsang-2\/"},"modified":"2019-06-05T13:19:02","modified_gmt":"2019-06-05T12:19:02","slug":"alfred-janson-nasjonalsang","status":"publish","type":"product","link":"https:\/\/grappa.no\/no\/albums\/simax-classics\/alfred-janson-nasjonalsang\/","title":{"rendered":"Alfred Janson: Nasjonalsang"},"content":{"rendered":"<p><\/p>\n<p>Alfred Janson: 60 \u00e5r i det norske musikkmilj\u00f8et<\/p>\n<p>Janson er en udogmatisk komponist som p\u00e5 personlig vis har smeltet sammen elementer fra europeisk avantgardisme, senromantikk, jazz og norsk folkemusikk til helhetlige og klanglig fascinerende verker. Han nyter stor anerkjennelse som samtidskomponist b\u00e5de i Norge og internasjonalt. Jansons verker er ofte ledsaget av et politisk engasjement i verkkommentarene, omkring temaer som har beholdt sin aktualitet &#8211; som i Valse Triste (1972) \u00ab(&#8230;) den, som alle lange, litt ondskapsfulle nordmenn, er god p\u00e5 bunnen, og at det viktigste idag ikke er \u00e5 v\u00e6re trist, men \u00e5 valse opp her hjemme istedenfor \u00e5 bli valset ned i Bru\u0308ssel. NEI TIL EEC.\u00bb<br \/>\nNasjonalsang (1988) er tilegnet Norges Statsbaner. \u00abEn stor del av livet har jeg tilbragt p\u00e5 tog. Iallefall kjennes det s\u00e5nn. Og toget har etterhvert blitt ikke bare et fremkomstmiddel, men en mental tilstand, hvor dr\u00f8mmer og tanker og musikalske id\u00e9er str\u00f8mmer p\u00e5 i takt med hjulene p\u00e5 skinnene (f\u00f8r de ble helsveisa) og landskapet som driver forbi.\u00bb I Nasjonalsang er Jansons komi-musikalske talent p\u00e5tagelig, men verket har ogs\u00e5 alvorligere undertoner.<br \/>\nTarantella (1990) henspiller p\u00e5 den desperate, ville dansen fra S\u00f8r-Italia som ble danset overalt i middelalderen &#8211; i gatene og p\u00e5 plassene &#8211; i et fors\u00f8k p\u00e5 \u00e5 danse ut den d\u00f8delige giften de hadde f\u00e5tt i seg etter \u00e5 ha blitt bitt av tarantula-edderkoppen.<\/p>\n<p>Her er sitater<\/p>\n<p><!--more--><\/p>\n<p>Janson er en udogmatisk komponist som p\u00e5 personlig vis har smeltet sammen elementer fra europeisk avantgardisme, senromantikk, jazz og norsk folkemusikk til helhetlige og klanglig fascinerende verker.<\/p>\n<h4>Over 60 \u00e5r i det norske musikkmilj\u00f8et<\/h4>\n<p>Jansons verker er ofte ledsaget av et politisk engasjement i verkkommentarene, omkring temaer som har beholdt sin aktualitet &#8211; som i (1972) \u00ab(&#8230;) den, som alle lange, litt ondskapsfulle nordmenn, er god p\u00e5 bunnen, og at det viktigste idag ikke er \u00e5 v\u00e6re trist, men \u00e5 valse opp her hjemme istedenfor \u00e5 bli valset ned i Bru\u0308ssel. NEI TIL EEC.\u00bb<\/p>\n<h4>Nasjonalsang<\/h4>\n<p>Nasjonalsang (1988) er tilegnet Norges Statsbaner. \u00abEn stor del av livet har jeg tilbragt p\u00e5 tog. Iallefall kjennes det s\u00e5nn. Og toget har etterhvert blitt ikke bare et fremkomstmiddel, men en mental tilstand, hvor dr\u00f8mmer og tanker og musikalske id\u00e9er str\u00f8mmer p\u00e5 i takt med hjulene p\u00e5 skinnene (f\u00f8r de ble helsveisa) og landskapet som driver forbi.\u00bb Motivene i verket er avledet fra to kilder &#8211; tonalt fordreide brokker av v\u00e5r nasjonalsang som kjemper mot drivende rytmiske motiver om oppmerksomheten, samt et lydb\u00e5ndopptak med kurauting, grisegrynt, ulvehyl og ugleskrik som introduseres mot slutten av verket. I Nasjonalsang er Jansons komi-musikalske talent p\u00e5tagelig, men verket har ogs\u00e5 alvorligere undertoner.<\/p>\n<h4>Tarantella<\/h4>\n<p>Tarantella (1990) henspiller p\u00e5 den desperate, ville dansen fra S\u00f8r-Italia som ble danset overalt i middelalderen &#8211; i gatene og p\u00e5 plassene &#8211; i et fors\u00f8k p\u00e5 \u00e5 danse ut den d\u00f8delige giften de hadde f\u00e5tt i seg etter \u00e5 ha blitt bitt av tarantula-edderkoppen. Verket ble skrevet til \u00e5pningen av Samtidsmuseet i 1990, der musikerne spilte og beveget seg gjennom hele bygningen, fra forskjellige steder til konsertpodiet, f\u00f8r de igjen danset og spilte seg fra hverandre ut i omgivelsene.<\/p>\n<p><\/p>","protected":false},"excerpt":{"rendered":"<p>Jansons verker er ofte ledsaget av et politisk engasjement i verkkommentarene, omkring temaer som har beholdt sin aktualitet.<\/p>\n","protected":false},"featured_media":27520,"comment_status":"closed","ping_status":"open","template":"","meta":[],"product_brand":[],"product_cat":[180],"product_tag":[],"class_list":{"0":"post-13826","1":"product","2":"type-product","3":"status-publish","4":"has-post-thumbnail","6":"product_cat-simax-classics","7":"product_shipping_class-cddvd-shipping","8":"uni_artist_tag-alfred-janson","9":"uni_artist_tag-christian-eggen","10":"uni_artist_tag-norwegian-radio-orchestra","11":"uni_main_artist_tag-norwegian-radio-orchestra","12":"uni_artist_genre-contemporary-music","14":"first","15":"instock","16":"taxable","17":"shipping-taxable","18":"purchasable","19":"product-type-simple"},"_links":{"self":[{"href":"https:\/\/grappa.no\/no\/wp-json\/wp\/v2\/product\/13826","targetHints":{"allow":["GET"]}}],"collection":[{"href":"https:\/\/grappa.no\/no\/wp-json\/wp\/v2\/product"}],"about":[{"href":"https:\/\/grappa.no\/no\/wp-json\/wp\/v2\/types\/product"}],"replies":[{"embeddable":true,"href":"https:\/\/grappa.no\/no\/wp-json\/wp\/v2\/comments?post=13826"}],"wp:featuredmedia":[{"embeddable":true,"href":"https:\/\/grappa.no\/no\/wp-json\/wp\/v2\/media\/27520"}],"wp:attachment":[{"href":"https:\/\/grappa.no\/no\/wp-json\/wp\/v2\/media?parent=13826"}],"wp:term":[{"taxonomy":"product_brand","embeddable":true,"href":"https:\/\/grappa.no\/no\/wp-json\/wp\/v2\/product_brand?post=13826"},{"taxonomy":"product_cat","embeddable":true,"href":"https:\/\/grappa.no\/no\/wp-json\/wp\/v2\/product_cat?post=13826"},{"taxonomy":"product_tag","embeddable":true,"href":"https:\/\/grappa.no\/no\/wp-json\/wp\/v2\/product_tag?post=13826"}],"curies":[{"name":"wp","href":"https:\/\/api.w.org\/{rel}","templated":true}]}}