{"id":13824,"date":"2007-02-05T00:00:00","date_gmt":"2007-02-04T23:00:00","guid":{"rendered":"http:\/\/www.grappa.no\/no\/albums\/uncategorized\/chromos-2\/"},"modified":"2016-11-18T16:34:44","modified_gmt":"2016-11-18T15:34:44","slug":"chromos","status":"publish","type":"product","link":"https:\/\/grappa.no\/no\/albums\/simax-classics\/chromos\/","title":{"rendered":"Chromos"},"content":{"rendered":"<p><\/p>\n<p>Fargespill<\/p>\n<p>Et viktig fellestrekk for komponistene p\u00e5 denne utgivelsen er bakgrunnen som profesjonelle, ut\u00f8vende musikere. Jostein Stalheim er en uts\u00f8kt akkordionspiller, Ivar Lunde Jr. var i mange \u00e5r solooboist i Den Norske Opera, Edvard Hagerup Bull begynte som pianist og tok senere utdannelse som organist, Olav Berg har i mange \u00e5r jobbet som trompetist, og Knut Vaage begynte som jazzpianist.<br \/>\nStalheim kan sies \u00e5 v\u00e6re en moderne eksponent for Haydn-eleganse. Hidden Music (2003) er skrevet i en slags rondoform med et stadig tilbakevendende tema. Chromos (1999) av Lunde Jr. har et impresjonistisk preg over seg. Bagatelles (1999) av Hagerup Bull er typisk for denne komponistens modne stil og musikken er, som tittelen tilsier, lett i sin natur. Bergs Moments (1984) er en slags improvisasjon, med en lidenskaplig avslutning som absolutt appellerer til f\u00f8lelsene. I likhet med Hidden Music, er Vaages Fortuna (1996) skrevet og urfremf\u00f8rt i n\u00e6rt samarbeid med ut\u00f8verne p\u00e5 denne utgivelsen. Verket representerer en slags seri\u00f8s lekenhet.<\/p>\n<p><!--more--><\/p>\n<p>Musikkmilj\u00f8et rundt Bergen er kjent for en dynamikk og bredde som er helt spesiell. Ogs\u00e5 innenfor den seri\u00f8se nye musikken foreg\u00e5r det sv\u00e6rt spennende ting her. Musikken p\u00e5 denne utgivelsen bringer frem nyskrevne verker for fl\u00f8yte og klaver, av komponister av ulike generasjoner.<\/p>\n<h4>Alvorlig moro&#8230;<\/h4>\n<p>Stalheim kan sies \u00e5 v\u00e6re en moderne eksponent for Haydn-eleganse. Hidden Music (2003) er skrevet i en slags rondoform med et stadig tilbakevendende tema. Chromos (1999) av Lunde Jr. har et impresjonistisk preg over seg. Bagatelles (1999) av Hagerup Bull er typisk for denne komponistens modne stil og musikken er, som tittelen tilsier, lett i sin natur. Bergs Moments (1984) er en slags improvisasjon, med en lidenskaplig avslutning som absolutt appellerer til f\u00f8lelsene. I likhet med Hidden Music, er Vaages Fortuna (1996) skrevet og urfremf\u00f8rt i<br \/>\nn\u00e6rt samarbeid med ut\u00f8verne p\u00e5 denne utgivelsen. Verket representerer en slags seri\u00f8s lekenhet. Den f\u00f8rste av verkets fem satser er et slags puslespill der fl\u00f8yten og pianoet fyller hverandres tomrom. Et fantasifullt verk med mange uttrykk og underfundigheter.<\/p>\n<h4>&#8230;med r\u00f8tter i Bergen<\/h4>\n<p>Gro Sandvik var fra 1967-2005 solofl\u00f8ytist i Bergen Filharmoniske Orkester. Hun er medlem av Bergen Bl\u00e5sekvintett &#8211; et ledende kammerensemble med utstrakt internasjonal virksomhet, og med mange utgivelser p\u00e5 CD. Sandvik er professor i fl\u00f8yte ved Griegakademiet, Universitet i Bergen. Dette \u00e5ret underviser hun ogs\u00e5 ved The University of Iowa, School of Music. Einar R\u00f8ttingen er professor i piano ved Griegakademiet. Nylig ble hans innspilling av Grieg&#8217;s Ballade valgt til &#8216;Recording of the year&#8217; av The Grieg Society i London. R\u00f8ttingen brenner ogs\u00e5 for ny musikk, og har en rekke CD-utgivelser bak seg som har h\u00f8stet internasjonal anerkjennelse.<\/p>\n<h4><\/h4>\n<\/p>\n<p><\/p>","protected":false},"excerpt":{"rendered":"<p>Et viktig fellestrekk for komponistene p\u00e5 denne utgivelsen er bakgrunnen som profesjonelle, ut\u00f8vende musikere.<\/p>\n","protected":false},"featured_media":27519,"comment_status":"closed","ping_status":"open","template":"","meta":[],"product_brand":[],"product_cat":[180],"product_tag":[],"class_list":{"0":"post-13824","1":"product","2":"type-product","3":"status-publish","4":"has-post-thumbnail","6":"product_cat-simax-classics","7":"product_shipping_class-cddvd-shipping","8":"uni_artist_tag-edvard-hagerup-bull","9":"uni_artist_tag-einar-rottingen","10":"uni_artist_tag-gro-sandvik","11":"uni_artist_tag-ivar-lunde-jr","12":"uni_artist_tag-jostein-stalheim","13":"uni_artist_tag-knut-vaage","14":"uni_artist_tag-olav-berg","15":"uni_main_artist_tag-einar-rottingen","16":"uni_artist_genre-chamber-music","17":"uni_artist_genre-contemporary-music","19":"first","20":"instock","21":"taxable","22":"shipping-taxable","23":"purchasable","24":"product-type-simple"},"_links":{"self":[{"href":"https:\/\/grappa.no\/no\/wp-json\/wp\/v2\/product\/13824","targetHints":{"allow":["GET"]}}],"collection":[{"href":"https:\/\/grappa.no\/no\/wp-json\/wp\/v2\/product"}],"about":[{"href":"https:\/\/grappa.no\/no\/wp-json\/wp\/v2\/types\/product"}],"replies":[{"embeddable":true,"href":"https:\/\/grappa.no\/no\/wp-json\/wp\/v2\/comments?post=13824"}],"wp:featuredmedia":[{"embeddable":true,"href":"https:\/\/grappa.no\/no\/wp-json\/wp\/v2\/media\/27519"}],"wp:attachment":[{"href":"https:\/\/grappa.no\/no\/wp-json\/wp\/v2\/media?parent=13824"}],"wp:term":[{"taxonomy":"product_brand","embeddable":true,"href":"https:\/\/grappa.no\/no\/wp-json\/wp\/v2\/product_brand?post=13824"},{"taxonomy":"product_cat","embeddable":true,"href":"https:\/\/grappa.no\/no\/wp-json\/wp\/v2\/product_cat?post=13824"},{"taxonomy":"product_tag","embeddable":true,"href":"https:\/\/grappa.no\/no\/wp-json\/wp\/v2\/product_tag?post=13824"}],"curies":[{"name":"wp","href":"https:\/\/api.w.org\/{rel}","templated":true}]}}