{"id":13823,"date":"2007-04-30T00:00:00","date_gmt":"2007-04-29T23:00:00","guid":{"rendered":"http:\/\/www.grappa.no\/no\/albums\/uncategorized\/pebbles-2\/"},"modified":"2020-03-11T16:54:07","modified_gmt":"2020-03-11T15:54:07","slug":"pebbles","status":"publish","type":"product","link":"https:\/\/grappa.no\/no\/albums\/simax-classics\/pebbles\/","title":{"rendered":"Pebbles"},"content":{"rendered":"<p><\/p>\n<p>Religi\u00f8se folketoner for trompet og orgel<\/p>\n<p>En glimrende inngangsport for den som kunne tenke seg god musikk \u00e5 lytte til, men ikke n\u00f8dvendigvis er s\u00e5 kjent med klassisk musikk. For kjenneren er det glitrende spill og verdenspremierer \u00e5 glede seg over. Cantus X ble skrevet i 2002 av Egil Hovland (f. 1924), som i mange ti\u00e5r har v\u00e6rt blant Norges mest avholdte komponister. I stykket siteres salmetonen \u00abMed Jesus vil eg fara\u00bb, og verket f\u00e5r sin CDpremiere p\u00e5 denne utgivelsen. Elegi skrev Rolf Wallin (f. 1957) til minne om sin s\u00f8ster, og dette uts\u00f8kte stykket har etablert seg i det norske standardrepertoaret. Bj\u00f8rn Morten Christophersen (f. 1976) har arbeidet mye med musikk til forskjellige medier, blant annet film og TV.<br \/>\nDe tre kjente svenske religi\u00f8se folketonene gj\u00f8r seg spesielt godt i dette arrangementet for trompet og orgel av Bjarne Volle. Albrechtsberger (1736\u20131809) er nok f\u00f8rst og fremst kjent som l\u00e6reren til Beethoven og Hummel, men han er ogs\u00e5 opphavsmannen bak denne tiltalende Concertino i Ess-dur. Italieneren Viviani (1638\u20131692) har en rik produksjon av b\u00e5de operaer, oratorier og instrumentalverker. Sonate prima i C-dur er en blanding av resitativ og fanfare, og den var sikkert tenkt for sakrale sammenhenger og store katedraler.<\/p>\n<p><!--more--><\/p>\n<p>P\u00e5 denne platen spiller Jonas og Inger-Lise musikk som de liker, kort og godt, og de er ikke fremmede for \u00e5 improvisere over de skrevne notene. Resultatet er en glimrende inngangsport for den som kunne tenke seg god musikk \u00e5 lytte til, men ikke n\u00f8dvendigvis er s\u00e5 kjent med klassisk musikk. For kjenneren er det glitrende spill og verdenspremierer \u00e5 glede seg over.<\/p>\n<h4><\/h4>\n<\/p>\n<h4><\/h4>\n<p><h4><\/h4>\n<\/p>\n<p><\/p>","protected":false},"excerpt":{"rendered":"<p>En skinnende klar og fl\u00f8yelsmyk trompet-tone sammen med det store orgelet. Folketoner, nye og vakre norske stykker samt friske sonater fra barokken i nydelige fremf\u00f8relser. Pebbles er en veldig stemningsfull og tilgjengelig \u2018klassisk-plate\u2019.<\/p>\n","protected":false},"featured_media":27518,"comment_status":"closed","ping_status":"open","template":"","meta":[],"product_brand":[],"product_cat":[180],"product_tag":[],"class_list":{"0":"post-13823","1":"product","2":"type-product","3":"status-publish","4":"has-post-thumbnail","6":"product_cat-simax-classics","7":"product_shipping_class-cddvd-shipping","8":"uni_artist_tag-bjorn-morten-christophersen","9":"uni_artist_tag-egil-hovland","10":"uni_artist_tag-erik-gard-amundsen","11":"uni_artist_tag-inger-lise-ulsrud","12":"uni_artist_tag-johann-georg-albrechtsberger","13":"uni_artist_tag-jonas-haltia","14":"uni_artist_tag-rolf-wallin","15":"uni_artist_tag-trad","16":"uni_main_artist_tag-jonas-haltia","17":"uni_artist_genre-classical","18":"uni_artist_genre-easy-listening","19":"uni_artist_genre-organ","21":"first","22":"instock","23":"taxable","24":"shipping-taxable","25":"purchasable","26":"product-type-simple"},"_links":{"self":[{"href":"https:\/\/grappa.no\/no\/wp-json\/wp\/v2\/product\/13823","targetHints":{"allow":["GET"]}}],"collection":[{"href":"https:\/\/grappa.no\/no\/wp-json\/wp\/v2\/product"}],"about":[{"href":"https:\/\/grappa.no\/no\/wp-json\/wp\/v2\/types\/product"}],"replies":[{"embeddable":true,"href":"https:\/\/grappa.no\/no\/wp-json\/wp\/v2\/comments?post=13823"}],"wp:featuredmedia":[{"embeddable":true,"href":"https:\/\/grappa.no\/no\/wp-json\/wp\/v2\/media\/27518"}],"wp:attachment":[{"href":"https:\/\/grappa.no\/no\/wp-json\/wp\/v2\/media?parent=13823"}],"wp:term":[{"taxonomy":"product_brand","embeddable":true,"href":"https:\/\/grappa.no\/no\/wp-json\/wp\/v2\/product_brand?post=13823"},{"taxonomy":"product_cat","embeddable":true,"href":"https:\/\/grappa.no\/no\/wp-json\/wp\/v2\/product_cat?post=13823"},{"taxonomy":"product_tag","embeddable":true,"href":"https:\/\/grappa.no\/no\/wp-json\/wp\/v2\/product_tag?post=13823"}],"curies":[{"name":"wp","href":"https:\/\/api.w.org\/{rel}","templated":true}]}}