{"id":13822,"date":"2005-08-08T00:00:00","date_gmt":"2005-08-07T23:00:00","guid":{"rendered":"http:\/\/www.grappa.no\/no\/albums\/uncategorized\/arietta-variations-2\/"},"modified":"2016-11-18T16:34:40","modified_gmt":"2016-11-18T15:34:40","slug":"arietta-variations","status":"publish","type":"product","link":"https:\/\/grappa.no\/no\/albums\/simax-classics\/arietta-variations\/","title":{"rendered":"Arietta &amp; Variations"},"content":{"rendered":"<p><\/p>\n<p>Griegs fiolinsonate i flott arrangement for fl\u00f8yte<\/p>\n<p>Edvard Grieg giftet seg med sin Nina i K\u00f8benhavn i 1867 og flyttet kort tid etter til Kristiania. Sonate nr. 2 i G-dur, op. 13 for fiolin og klaver er komponert under hvetebr\u00f8dsdagene, og b\u00e6rer preg av lykke og optimisme.<br \/>\nFl\u00f8ytistene savner verker av de store romantiske komponistene i sitt repertoar. Sonater av blant andre Dvorak, Frank og Faur\u00e9 har tidligere blitt utgitt for fl\u00f8yte og klaver. Griegs 1. fiolinsonate, Op.8 likes\u00e5. P\u00e5 denne CD-utgivelsen har Per \u00d8ien tillatt seg \u00e5 omarrangere sonaten for fl\u00f8yte og klaver.<\/p>\n<p>Per Olav \u00d8ien (f.1937) kan vise til mer enn 45 \u00e5rs aktivitet som solist,  orkester- og kammermusiker og pedagog. Siden 1985 har han v\u00e6rt professor ved Norges musikkh\u00f8gskole (NMH). Som solist og orkestermusiker har han spilt med flere av verdens ledende dirigenter, som Sir John Barbirolli, Leopold Stokowski, Kirill Kondrashin, Herbert Blomstedt,  Arvid og Mariss Janssons og Esa-Pekka Salonen.<br \/>\nSom kammermusiker var Per \u00d8ien i 20 \u00e5r aktiv i Den Norske Bl\u00e5sekvintett.  Med dette ensemble og som solist har han opptr\u00e5dt i de fleste europeiske land, Canada og USA. Under studieopphold med Marcel Moyse i 1964 traff  Per \u00d8ien og Robert Aitken hverandre for f\u00f8rste gang og utviklet et varig vennskaps- og samarbeidsb\u00e5nd. I \u00e5renes l\u00f8p har de gitt en rekke konserter og innspillinger sammen, b\u00e5de i Canada og Norge. <\/p>\n<p>Geir Henning Braaten (f. 1944) har i mange \u00e5r v\u00e6rt  en av Norges mest aktive og ledende pianister. Han er en ettertraktet solist og kammermusiker og har i alle \u00e5r hatt regelmessige<br \/>\nengasjementer med de norske symfoniorkestrene og i radio og TV. Han har turnert for Rikskonsertene over hele Norge, og dessuten gitt konserter i de fleste land i Europa,<br \/>\ni USA og Midt-\u00d8sten, samt flere land i Asia, bl.a. Hong Kong,  Japan, Korea og Taiwan.<\/p>\n<p>Robert Morris Aitken (f. 1939), en av verdens fremste fl\u00f8ytister, er f\u00f8dt og bosatt i Canada.<br \/>\nAitken har et meget stort og variert repertoar, og er blant verdens ledende eksperter p\u00e5 samtidsmusikk.<\/p>\n<p><!--more--><\/p>\n<p>Den tyske pianisten Walter Gieseking var en fremragende Grieg-tolker som ogs\u00e5 gjorde seg bemerket som komponist av klaververker, sanger og kammermusikk. I 1938 komponerte han Variasjoner over et tema av Edvard Grieg, som best\u00e5r av 7 variasjoner over Arietta fra Griegs Lyriske Stykker. Dette er virtuos, vakker og krevende musikk. For fl\u00f8ytister over hele verden er Friedrich Kuhlaus navn synonymt med duetter for to fl\u00f8yter, som spilles overalt der fl\u00f8ytister treffes. Verkene p\u00e5 denne utgivelsen viser Kuhlaus fargerike instrumentbehandling og harmonikk, hans alltid suverene bruk av kontrapunktikk, hans sikre formsans og melodi\u00f8se og virtuose stil.<\/p>\n<h4>Virtuos og vakker musikk<\/h4>\n<p>Per Olav \u00d8ien (f.1937) kan vise til mer enn 45 \u00e5rs aktivitet som solist,  orkester- og kammermusiker og pedagog. Siden 1985 har han v\u00e6rt professor ved Norges musikkh\u00f8gskole (NMH). Som solist og orkestermusiker har han spilt med flere av verdens ledende dirigenter, som Sir John Barbirolli, Leopold Stokowski, Kirill Kondrashin, Herbert Blomstedt,  Arvid og Mariss Janssons og Esa-Pekka Salonen.<br \/>\nSom kammermusiker var Per \u00d8ien i 20 \u00e5r aktiv i Den Norske Bl\u00e5sekvintett.  Med dette ensemble og som solist har han opptr\u00e5dt i de fleste europeiske land, Canada og USA. Under studieopphold med Marcel Moyse i 1964 traff  Per \u00d8ien og Robert Aitken hverandre for f\u00f8rste gang og utviklet et varig vennskaps- og samarbeidsb\u00e5nd. I \u00e5renes l\u00f8p har de gitt en rekke konserter og innspillinger sammen, b\u00e5de i Canada og Norge. <\/p>\n<p>Geir Henning Braaten (f. 1944) har i mange \u00e5r v\u00e6rt  en av Norges mest aktive og ledende pianister. Han er en ettertraktet solist og kammermusiker og har i alle \u00e5r hatt regelmessige<br \/>\nengasjementer med de norske symfoniorkestrene og i radio og TV. Han har turnert for Rikskonsertene over hele Norge, og dessuten gitt konserter i de fleste land i Europa,<br \/>\ni USA og Midt-\u00d8sten, samt flere land i Asia, bl.a. Hong Kong,  Japan, Korea og Taiwan.<\/p>\n<p>Robert Morris Aitken (f. 1939), en av verdens fremste fl\u00f8ytister, er f\u00f8dt og bosatt i Canada.<br \/>\nAitken har et meget stort og variert repertoar, og er blant verdens ledende eksperter p\u00e5 samtidsmusikk.<\/p>\n<h4><\/h4>\n<p><h4><\/h4>\n<\/p>\n<p><\/p>","protected":false},"excerpt":{"rendered":"<p>P\u00e5 denne CD-utgivelsen har Per \u00d8ien arranger Griegs G-dur-sonate for fl\u00f8yte og klaver.<\/p>\n","protected":false},"featured_media":27514,"comment_status":"closed","ping_status":"open","template":"","meta":[],"product_brand":[],"product_cat":[180],"product_tag":[],"class_list":{"0":"post-13822","1":"product","2":"type-product","3":"status-publish","4":"has-post-thumbnail","6":"product_cat-simax-classics","7":"product_shipping_class-cddvd-shipping","8":"uni_artist_tag-edvard-grieg","9":"uni_artist_tag-fredich-kuhlau","10":"uni_artist_tag-geir-henning-braaten","11":"uni_artist_tag-per-oien","12":"uni_artist_tag-walter-gieseking","13":"uni_main_artist_tag-per-oien","14":"uni_artist_genre-chamber-music","15":"uni_artist_genre-winds","17":"first","18":"instock","19":"taxable","20":"shipping-taxable","21":"purchasable","22":"product-type-simple"},"_links":{"self":[{"href":"https:\/\/grappa.no\/no\/wp-json\/wp\/v2\/product\/13822","targetHints":{"allow":["GET"]}}],"collection":[{"href":"https:\/\/grappa.no\/no\/wp-json\/wp\/v2\/product"}],"about":[{"href":"https:\/\/grappa.no\/no\/wp-json\/wp\/v2\/types\/product"}],"replies":[{"embeddable":true,"href":"https:\/\/grappa.no\/no\/wp-json\/wp\/v2\/comments?post=13822"}],"wp:featuredmedia":[{"embeddable":true,"href":"https:\/\/grappa.no\/no\/wp-json\/wp\/v2\/media\/27514"}],"wp:attachment":[{"href":"https:\/\/grappa.no\/no\/wp-json\/wp\/v2\/media?parent=13822"}],"wp:term":[{"taxonomy":"product_brand","embeddable":true,"href":"https:\/\/grappa.no\/no\/wp-json\/wp\/v2\/product_brand?post=13822"},{"taxonomy":"product_cat","embeddable":true,"href":"https:\/\/grappa.no\/no\/wp-json\/wp\/v2\/product_cat?post=13822"},{"taxonomy":"product_tag","embeddable":true,"href":"https:\/\/grappa.no\/no\/wp-json\/wp\/v2\/product_tag?post=13822"}],"curies":[{"name":"wp","href":"https:\/\/api.w.org\/{rel}","templated":true}]}}