{"id":13821,"date":"2004-04-19T00:00:00","date_gmt":"2004-04-18T23:00:00","guid":{"rendered":"http:\/\/www.grappa.no\/no\/albums\/uncategorized\/quietude-%c2%96-norwegian-moods-2\/"},"modified":"2016-11-18T16:34:37","modified_gmt":"2016-11-18T15:34:37","slug":"quietude-norwegian-moods","status":"publish","type":"product","link":"https:\/\/grappa.no\/no\/albums\/simax-classics\/quietude-norwegian-moods\/","title":{"rendered":"quietude \u2013 Norwegian moods"},"content":{"rendered":"<p><\/p>\n<p>Det norske tonelynnet<\/p>\n<p>At det finnes et s\u00e6regent tonelynne i norsk musikk er alment kjent, b\u00e5de ute og hjemme. Ole Bull tok den unge Edvard Grieg for seg og lot ham forst\u00e5 at bare ved \u00e5 utvikle en sterk norsk tonef\u00f8lelse, kunne han bli ber\u00f8mt. R\u00e5det fulgte Edvard, og ber\u00f8mt ble han. Men var det bare Grieg som fant dette norske tonelynnet?<\/p>\n<p>P\u00e5 Quietude &#8211; norske stemninger spiller Gj\u00f8vik Sinfonietta, anf\u00f8rt av sin leder Atle Sponberg, s\u00e5 godt som ukjent norsk musikk for kammerorkester fra den romantiske gullalder &#8211; musikk som urettmessig har m\u00e5ttet leve i skyggen av mer profilerte st\u00f8rrelser. For kjenner du musikken til Sigurd Islandsmoen, Iver Holter eller Bjarne Brustad? Her finnes den, sammen med mer kjente stykker av Halvorsen, Svendsen og Bull.<\/p>\n<p>Det er ikke tilfeldig at det er musikkmilj\u00f8et nettopp p\u00e5 Gj\u00f8vik som tar tak i disse ukjente mesterverkene. Rolf B\u00e6kkelunds navn er ul\u00f8selig knyttet til hele dette milj\u00f8et, og det var ogs\u00e5 han som etablerte Gj\u00f8vik Sinfonietta i 1990. Gjennom m\u00e5lrettet og gener\u00f8st arbeid i mer enn 40 \u00e5r har tanken om at kultur er like livsn\u00f8dvendig som mat og bolig kommet inn i ryggmargen p\u00e5 hele den lokale befolkningen. Slikt blir det resultater av.<\/p>\n<p>Sart og smektende vakkert, storsl\u00e5tt og imponerende; denne platen inneholder alle fargene vi finner p\u00e5 den norske romantiske musikkpaletten. Atle Sponberg er i sitt ess som solist i denne musikken, og Gj\u00f8vik Sinfonietta fremst\u00e5r som et fullblods kammerorkester av ypperste rang. Quietude bibringer den s\u00e6rnorske stemningen som hele verden kjenner oss igjen p\u00e5, men i musikk de f\u00e6rreste har h\u00f8rt f\u00f8r. Det er bare \u00e5 rydde plass for de nye klassikerne.<\/p>\n<p><!--more--><\/p>\n<p>At det finnes et s\u00e6regent tonelynne i norsk musikk er alment kjent, b\u00e5de ute og hjemme. Ole Bull tok den unge Edvard Grieg for seg og lot ham forst\u00e5 at bare ved \u00e5 utvikle en sterk norsk tonef\u00f8lelse, kunne han bli ber\u00f8mt. R\u00e5det fulgte Edvard, og ber\u00f8mt ble han. Men var det bare Grieg som fant dette norske tonelynnet?<\/p>\n<h4>Musikkmilj\u00f8et p\u00e5 Gj\u00f8vik<\/h4>\n<p>Det er ikke tilfeldig at det er musikkmilj\u00f8et nettopp p\u00e5 Gj\u00f8vik som tar tak i disse ukjente mesterverkene. Rolf B\u00e6kkelunds navn er ul\u00f8selig knyttet til hele dette milj\u00f8et, og det var ogs\u00e5 han som etablerte Gj\u00f8vik Sinfonietta i 1990. Gjennom m\u00e5lrettet og gener\u00f8st arbeid i mer enn 40 \u00e5r har tanken om at kultur er like livsn\u00f8dvendig som mat og bolig kommet inn i ryggmargen p\u00e5 hele den lokale befolkningen. Slikt blir det resultater av.<\/p>\n<h4>S\u00e6rnorske stemninger<\/h4>\n<p>Sart og smektende vakkert, storsl\u00e5tt og imponerende; denne platen inneholder alle fargene vi finner p\u00e5 den norske romantiske musikkpaletten. Atle Sponberg er i sitt ess som solist i denne musikken, og Gj\u00f8vik Sinfonietta fremst\u00e5r som et fullblods kammerorkester av ypperste rang. Quietude bibringer den s\u00e6rnorske stemningen som hele verden kjenner oss igjen p\u00e5, men i musikk de f\u00e6rreste har h\u00f8rt f\u00f8r. Det er bare \u00e5 rydde plass for de nye klassikerne.<\/p>\n<h4><\/h4>\n<\/p>\n<p><\/p>","protected":false},"excerpt":{"rendered":"<p>Det er bare \u00e5 rydde plass for de nye klassikerne.<\/p>\n","protected":false},"featured_media":27509,"comment_status":"closed","ping_status":"open","template":"","meta":[],"product_brand":[],"product_cat":[180],"product_tag":[],"class_list":{"0":"post-13821","1":"product","2":"type-product","3":"status-publish","4":"has-post-thumbnail","6":"product_cat-simax-classics","7":"product_shipping_class-cddvd-shipping","8":"uni_artist_tag-agathe-backer-grondahl","9":"uni_artist_tag-atle-sponberg","10":"uni_artist_tag-bjarne-brustad","11":"uni_artist_tag-carl-gustav-sparre-olsen","12":"uni_artist_tag-gjovik-sinfonietta","13":"uni_artist_tag-halfdan-kjerulf","14":"uni_artist_tag-iver-holter","15":"uni_artist_tag-johan-halvorsen","16":"uni_artist_tag-johan-svendsen","17":"uni_artist_tag-jorn-pedersen","18":"uni_artist_tag-leif-solberg","19":"uni_artist_tag-ole-bull","20":"uni_artist_tag-rikard-nordraak","21":"uni_artist_tag-sigurd-islandsmoen","22":"uni_artist_tag-sigurd-lie","23":"uni_main_artist_tag-atle-sponberg","24":"uni_artist_genre-easy-listening","25":"uni_artist_genre-norwegian","26":"uni_artist_genre-strings","27":"uni_artist_genre-world-premiere-recording","29":"first","30":"instock","31":"taxable","32":"shipping-taxable","33":"purchasable","34":"product-type-simple"},"_links":{"self":[{"href":"https:\/\/grappa.no\/no\/wp-json\/wp\/v2\/product\/13821","targetHints":{"allow":["GET"]}}],"collection":[{"href":"https:\/\/grappa.no\/no\/wp-json\/wp\/v2\/product"}],"about":[{"href":"https:\/\/grappa.no\/no\/wp-json\/wp\/v2\/types\/product"}],"replies":[{"embeddable":true,"href":"https:\/\/grappa.no\/no\/wp-json\/wp\/v2\/comments?post=13821"}],"wp:featuredmedia":[{"embeddable":true,"href":"https:\/\/grappa.no\/no\/wp-json\/wp\/v2\/media\/27509"}],"wp:attachment":[{"href":"https:\/\/grappa.no\/no\/wp-json\/wp\/v2\/media?parent=13821"}],"wp:term":[{"taxonomy":"product_brand","embeddable":true,"href":"https:\/\/grappa.no\/no\/wp-json\/wp\/v2\/product_brand?post=13821"},{"taxonomy":"product_cat","embeddable":true,"href":"https:\/\/grappa.no\/no\/wp-json\/wp\/v2\/product_cat?post=13821"},{"taxonomy":"product_tag","embeddable":true,"href":"https:\/\/grappa.no\/no\/wp-json\/wp\/v2\/product_tag?post=13821"}],"curies":[{"name":"wp","href":"https:\/\/api.w.org\/{rel}","templated":true}]}}