{"id":13819,"date":"2001-08-30T00:00:00","date_gmt":"2001-08-29T23:00:00","guid":{"rendered":"http:\/\/www.grappa.no\/no\/albums\/uncategorized\/oboe-concertos-by-corigliano-kverndokk-and-denisov-2\/"},"modified":"2016-11-18T16:34:34","modified_gmt":"2016-11-18T15:34:34","slug":"oboe-concertos-by-corigliano-kverndokk-and-denisov","status":"publish","type":"product","link":"https:\/\/grappa.no\/no\/albums\/simax-classics\/oboe-concertos-by-corigliano-kverndokk-and-denisov\/","title":{"rendered":"Oboe Concertos by Corigliano, Kverndokk and Denisov"},"content":{"rendered":"<p><\/p>\n<p>Konserter for obo og orkester<\/p>\n<p>Det er liveinnspillinger fra forskjellige konserter som er med p\u00e5 denne utgivelsen, alt sammen tatt opp i Grieghallen i Bergen. Med denne utgivelsen manifesterer orkesteret sin posisjon som en av de viktigste m\u00e5lb\u00e6rere for ny musikk i Norge, og orkesterets solo-oboist Steinar Hannevold st\u00e5r frem som en fremragende solist.<\/p>\n<p><!--more--><\/p>\n<p>Bergen Filharmoniske orkester presenterer her 3 nye obokonserter, med sin egen oboist Steinar Hannevold som solist. Det er live-innspillinger fra forskjellige konserter som er med p\u00e5 denne utgivelsen, alt sammen tatt opp i Grieghallen i Bergen. Med denne utgivelsen manifesterer orkesteret sin posisjon som en av de viktigste m\u00e5lb\u00e6rere for ny musikk i Norge.<\/p>\n<h4>Tre moderne konserter<\/h4>\n<p>Gisle Kverndokk (1967) studerte med Corigliano i New York som en del av sitt Diplomstudium ved Norges musikkh\u00f8gskole i 1994. Kverndokks musikk har f\u00e5tt et stort publikum gjennom \u00abGeorgs magiske medisin\u00bb, og n\u00e5 senest musikalen \u00abSofies Verden\u00bb. Han har skrevet sin obokonsert spesielt for Steinar Hannevold.<\/p>\n<p>John Corigliano (1931) regnes som en av de viktigste stemmene i \u2019Young America\u2019-generasjonen, tett knyttet opp til 1960-\u00e5renes bevegelse i Amerika.<\/p>\n<p>Edison Denisov ble f\u00f8dt i Tomsk, Sibir, i 1929 og d\u00f8de i Paris i 1996. Han ble en sentral figur rundt den stigende interessen for Vest-Europeisk Ny Musikk som fant sted i etterkrigstidens Sovjetunionen, som en protest mot den offisielle holdningen til vestlige kunstuttrykk. Denisovs rolle som bindeledd mellom \u00d8st og Vest ble viktig; hans musikk ble fremf\u00f8rt av Boulez og Maderna, samtidig som han introduserte komponister som Schnittke og Gubaidulina for det europeiske publikum.<\/p>\n<h4><\/h4>\n<p><h4><\/h4>\n<\/p>\n<p><\/p>","protected":false},"excerpt":{"rendered":"<p>Med denne utgivelsen manifesterer Bergen Filharmoniske Orkester sin posisjon som en av de viktigste m\u00e5lb\u00e6rere for ny musikk i Norge.<\/p>\n","protected":false},"featured_media":27504,"comment_status":"closed","ping_status":"open","template":"","meta":[],"product_brand":[],"product_cat":[180],"product_tag":[],"class_list":{"0":"post-13819","1":"product","2":"type-product","3":"status-publish","4":"has-post-thumbnail","6":"product_cat-simax-classics","7":"product_shipping_class-cddvd-shipping","8":"uni_artist_tag-bergen-philharmonic-orchestra","9":"uni_artist_tag-dmitri-kitajenko","10":"uni_artist_tag-edison-denisov","11":"uni_artist_tag-gisle-kverndokk","12":"uni_artist_tag-john-corigliano","13":"uni_artist_tag-steinar-hannevold","14":"uni_main_artist_tag-bergen-philharmonic-orchestra","15":"uni_artist_genre-concerto","16":"uni_artist_genre-contemporary-music","17":"uni_artist_genre-winds","19":"first","20":"instock","21":"taxable","22":"shipping-taxable","23":"purchasable","24":"product-type-simple"},"_links":{"self":[{"href":"https:\/\/grappa.no\/no\/wp-json\/wp\/v2\/product\/13819","targetHints":{"allow":["GET"]}}],"collection":[{"href":"https:\/\/grappa.no\/no\/wp-json\/wp\/v2\/product"}],"about":[{"href":"https:\/\/grappa.no\/no\/wp-json\/wp\/v2\/types\/product"}],"replies":[{"embeddable":true,"href":"https:\/\/grappa.no\/no\/wp-json\/wp\/v2\/comments?post=13819"}],"wp:featuredmedia":[{"embeddable":true,"href":"https:\/\/grappa.no\/no\/wp-json\/wp\/v2\/media\/27504"}],"wp:attachment":[{"href":"https:\/\/grappa.no\/no\/wp-json\/wp\/v2\/media?parent=13819"}],"wp:term":[{"taxonomy":"product_brand","embeddable":true,"href":"https:\/\/grappa.no\/no\/wp-json\/wp\/v2\/product_brand?post=13819"},{"taxonomy":"product_cat","embeddable":true,"href":"https:\/\/grappa.no\/no\/wp-json\/wp\/v2\/product_cat?post=13819"},{"taxonomy":"product_tag","embeddable":true,"href":"https:\/\/grappa.no\/no\/wp-json\/wp\/v2\/product_tag?post=13819"}],"curies":[{"name":"wp","href":"https:\/\/api.w.org\/{rel}","templated":true}]}}