{"id":13817,"date":"2001-07-26T00:00:00","date_gmt":"2001-07-25T23:00:00","guid":{"rendered":"http:\/\/www.grappa.no\/no\/albums\/uncategorized\/the-voice-of-the-city-%c2%b7-oslo-city-hall-carillon-2\/"},"modified":"2016-11-18T16:34:34","modified_gmt":"2016-11-18T15:34:34","slug":"the-voice-of-the-city-%c2%b7-oslo-city-hall-carillon","status":"publish","type":"product","link":"https:\/\/grappa.no\/no\/albums\/simax-classics\/the-voice-of-the-city-%c2%b7-oslo-city-hall-carillon\/","title":{"rendered":"The Voice of the City \u00b7 Oslo City Hall Carillon"},"content":{"rendered":"<p><\/p>\n<p>Uten sammenligning det instrumentet med har st\u00f8rst rekkevidde i hovedstaden!<\/p>\n<p>N\u00e5 foreligger det en CD med Oslos nye stolthet; det store klokkespillet i Oslo R\u00e5dhus.Det st\u00f8rste klokkespillet i Skandinavia ble avduket under Oslos 1000-\u00e5rs jubileum i 2000, og det er et instrument som har skapt gjenlyd langt ut over landets grenser. Den danske mester-klokkenisten Peter Langberg er solist p\u00e5 denne utgivelsen, og han viser virkelig hva instrumentet er godt for. Her er kjente verker av Edvard Grieg, Erik Satie, Dmitri Sjostakovitsj, Nordraak  og ikke minst v\u00e5r egen jubilant av \u00e5ret Arne Nordheim. Denne utgivelsen er et samarbeid mellom Oslo R\u00e5dhus og Grappa Musikkforlag AS.<\/p>\n<p><!--more--><\/p>\n<p>Uten sammenligning det instrumentet som har st\u00f8rst rekkevidde i hovedstaden!<\/p>\n<h4><\/h4>\n<p>Den danske mester-klokkenisten Peter Langberg er solist p\u00e5 denne utgivelsen, og han viser<br \/>\nvirkelig hva instrumentet er godt for. Her er kjente verker av Edvard Grieg, Erik Satie, Dmitri Sjostakovitsj, Nordraak  og ikke minst v\u00e5r egen jubilant av \u00e5ret Arne Nordheim.<br \/>\nDenne utgivelsen er et samarbeid mellom Oslo R\u00e5dhus og Grappa Musikkforlag AS.<\/p>\n<h4><\/h4>\n<p><h4><\/h4>\n<\/p>\n<p><\/p>","protected":false},"excerpt":{"rendered":"<p class=\"qtranxs-available-languages-message qtranxs-available-languages-message-no\">Post is not available in the requested language<\/p>\n<p>The Danish carillonneur par excellence Peter Langberg  presents a wide repertoire on this recording, ranging from original works written for the carillon to more familiar material.<\/p>\n","protected":false},"featured_media":27505,"comment_status":"closed","ping_status":"open","template":"","meta":[],"product_brand":[],"product_cat":[180],"product_tag":[],"class_list":{"0":"post-13817","1":"product","2":"type-product","3":"status-publish","4":"has-post-thumbnail","6":"product_cat-simax-classics","7":"product_shipping_class-cddvd-shipping","8":"uni_artist_tag-arne-nordheim","9":"uni_artist_tag-dimitri-shostakovich","10":"uni_artist_tag-edvard-grieg","11":"uni_artist_tag-erik-gard-amundsen","12":"uni_artist_tag-erik-satie","13":"uni_artist_tag-peter-langberg","14":"uni_artist_tag-rikard-nordraak","15":"uni_artist_tag-wolfgang-amadeus-mozart","16":"uni_main_artist_tag-peter-langberg","17":"uni_artist_genre-solo","19":"first","20":"instock","21":"taxable","22":"shipping-taxable","23":"purchasable","24":"product-type-simple"},"_links":{"self":[{"href":"https:\/\/grappa.no\/no\/wp-json\/wp\/v2\/product\/13817","targetHints":{"allow":["GET"]}}],"collection":[{"href":"https:\/\/grappa.no\/no\/wp-json\/wp\/v2\/product"}],"about":[{"href":"https:\/\/grappa.no\/no\/wp-json\/wp\/v2\/types\/product"}],"replies":[{"embeddable":true,"href":"https:\/\/grappa.no\/no\/wp-json\/wp\/v2\/comments?post=13817"}],"wp:featuredmedia":[{"embeddable":true,"href":"https:\/\/grappa.no\/no\/wp-json\/wp\/v2\/media\/27505"}],"wp:attachment":[{"href":"https:\/\/grappa.no\/no\/wp-json\/wp\/v2\/media?parent=13817"}],"wp:term":[{"taxonomy":"product_brand","embeddable":true,"href":"https:\/\/grappa.no\/no\/wp-json\/wp\/v2\/product_brand?post=13817"},{"taxonomy":"product_cat","embeddable":true,"href":"https:\/\/grappa.no\/no\/wp-json\/wp\/v2\/product_cat?post=13817"},{"taxonomy":"product_tag","embeddable":true,"href":"https:\/\/grappa.no\/no\/wp-json\/wp\/v2\/product_tag?post=13817"}],"curies":[{"name":"wp","href":"https:\/\/api.w.org\/{rel}","templated":true}]}}