{"id":13816,"date":"1998-03-19T00:00:00","date_gmt":"1998-03-18T23:00:00","guid":{"rendered":"http:\/\/www.grappa.no\/no\/albums\/uncategorized\/norwegian-hymns-2\/"},"modified":"2019-02-22T15:48:54","modified_gmt":"2019-02-22T14:48:54","slug":"norwegian-hymns","status":"publish","type":"product","link":"https:\/\/grappa.no\/no\/albums\/simax-classics\/norwegian-hymns\/","title":{"rendered":"Norwegian Hymns"},"content":{"rendered":"<p><\/p>\n<p>Norske salmer med Kristen Flagstad<\/p>\n<p>P\u00e5 Norwegian Hymns presenterer Kirsten Flagstad en rekke kjente og kj\u00e6re salmer innspilt ved slutten av hennes karriere. I l\u00f8pet av hennes 40 \u00e5r lange karriere sang Flagstad i over \u00e5tti operaer og operetter, og hun er langt p\u00e5 vei kjent som en av de fremste sanglige tolkerne av Richard Wagners h\u00f8ydramatiske sopranpartier. Senere, to \u00e5r f\u00f8r hun ble utnevnt som Den Norske Operas f\u00f8rste sjef i 1958, spilte hun inn n\u00e6rmere 50 salmer i Ris kirke i Oslo til orgelakkompagnement av Sigvart Fotland. Salmene var tenkt brukt i morgenandakter, blant annet kirkekonserter over hele landet til inntekt for veldedige form\u00e5l. P\u00e5 Norwegian Hymns presenteres 16 av de flotteste av dem. <\/p>\n<p>Selv flere \u00e5r etter hennes storhetstid som operasangerinne viste Flagstad at hun fremdeles var en av de fremste sangerinnene, ogs\u00e5 n\u00e5r det gjelder tolkning av salmer. Fra den velkjente \u00abAlltid freidig n\u00e5r du g\u00e5r\u00bb til det vakre avslutningssporet \u00abDen sigende dag som vi nu ser\u00bb maner Flagstad fram fantastisk sakrale stemninger. Norwegian Hymns viser Flagstad fra en annen side en mange kjenner henne, og hennes vakre tolkninger av disse salmene st\u00e5r som en verdig  avslutning p\u00e5 en lang og storsl\u00e5tt karriere.<\/p>\n<p><!--more--><\/p>\n<h4><\/h4>\n<\/p>\n<h4><\/h4>\n<p><h4><\/h4>\n<\/p>\n<p><\/p>","protected":false},"excerpt":{"rendered":"<p>Selv flere \u00e5r etter hennes storhetstid som operasangerinne viste Flagstad at hun fremdeles var en av de fremste sangerinnene, ogs\u00e5 n\u00e5r det gjelder tolkning av salmer.<\/p>\n","protected":false},"featured_media":27832,"comment_status":"closed","ping_status":"open","template":"","meta":[],"product_brand":[],"product_cat":[180],"product_tag":[],"class_list":{"0":"post-13816","1":"product","2":"type-product","3":"status-publish","4":"has-post-thumbnail","6":"product_cat-simax-classics","7":"product_shipping_class-cddvd-shipping","8":"uni_artist_tag-christopher-e-f-weyse","9":"uni_artist_tag-johan-p-e-hartmann","10":"uni_artist_tag-kirsten-flagstad","11":"uni_artist_tag-l-m-lindeman","12":"uni_artist_tag-sigvart-fotland","13":"uni_artist_tag-torstein-gunnarson","14":"uni_artist_tag-trad","15":"uni_main_artist_tag-kirsten-flagstad","16":"uni_artist_genre-historic-recording","17":"uni_artist_genre-religious","19":"first","20":"instock","21":"taxable","22":"shipping-taxable","23":"purchasable","24":"product-type-simple"},"_links":{"self":[{"href":"https:\/\/grappa.no\/no\/wp-json\/wp\/v2\/product\/13816","targetHints":{"allow":["GET"]}}],"collection":[{"href":"https:\/\/grappa.no\/no\/wp-json\/wp\/v2\/product"}],"about":[{"href":"https:\/\/grappa.no\/no\/wp-json\/wp\/v2\/types\/product"}],"replies":[{"embeddable":true,"href":"https:\/\/grappa.no\/no\/wp-json\/wp\/v2\/comments?post=13816"}],"wp:featuredmedia":[{"embeddable":true,"href":"https:\/\/grappa.no\/no\/wp-json\/wp\/v2\/media\/27832"}],"wp:attachment":[{"href":"https:\/\/grappa.no\/no\/wp-json\/wp\/v2\/media?parent=13816"}],"wp:term":[{"taxonomy":"product_brand","embeddable":true,"href":"https:\/\/grappa.no\/no\/wp-json\/wp\/v2\/product_brand?post=13816"},{"taxonomy":"product_cat","embeddable":true,"href":"https:\/\/grappa.no\/no\/wp-json\/wp\/v2\/product_cat?post=13816"},{"taxonomy":"product_tag","embeddable":true,"href":"https:\/\/grappa.no\/no\/wp-json\/wp\/v2\/product_tag?post=13816"}],"curies":[{"name":"wp","href":"https:\/\/api.w.org\/{rel}","templated":true}]}}