{"id":13814,"date":"1997-05-01T00:00:00","date_gmt":"1997-04-30T23:00:00","guid":{"rendered":"http:\/\/www.grappa.no\/no\/albums\/uncategorized\/norwegian-military-music-1850%c2%961920\/"},"modified":"2019-02-22T15:39:49","modified_gmt":"2019-02-22T14:39:49","slug":"norwegian-military-music-1850-1920","status":"publish","type":"product","link":"https:\/\/grappa.no\/no\/albums\/simax-classics\/norwegian-military-music-1850-1920\/","title":{"rendered":"Norwegian Military Music 1850\u20131920"},"content":{"rendered":"<p><\/p>\n<p>Norsk milit\u00e6rmusikk fra perioden 1850-1920<\/p>\n<p>Oslo Brigademusikk, under dirigent Jan Eriksens ledelse, presenterer norsk milit\u00e6rmusikk fra perioden mellom 1850 og 1920. Ikke overraskende er resultatet av h\u00f8y kvalitet, med tanke p\u00e5 at korpset gjennom en \u00e5rrekke har spesialisert seg p\u00e5 fremf\u00f8ringen av norsk musikk for bl\u00e5seorkester fra dette tidsrommet. Uttrykket er ogs\u00e5 autentisk: korpset benytter seg av flere originalinstrumenter fra perioden og de spiller fra originalimanuskriptene med den opprinnelig tenkte besetningen.<\/p>\n<p>P\u00e5 denne platen spiller Oslo Brigademusikk alt fra marsjer til danser og serenader, av en rekke ulike komponister. Representert med flest verker er komponisten Oscar Borg (1851-1930), en sentral skikkelse i Haldens musikkliv, og Adolf Hansen (1852-1911), en av Norges mest produktive underholdningskomponister fra 1800-tallet. Like fullt er verkene av \u00f8vrige komponister som Johannes Hanssen (1874-1967), med sin ragtime-inspirerte \u00abBj\u00f8rnedans\u00bb, Ole Olsen (1850-1927), med sin folketoneinspirerte \u00abRegimentsmarsj\u00bb, og ikke minst Johan Svendsen (1840-1911), en av Norges mest kjente komponister gjennom tidene. <\/p>\n<p>Oslo Brigademusikk presenterer et staselig, majestetisk og elegant musikalsk uttrykk fra en viktig periode i norsk musikkhistorie. Likevel, platen er ikke bare en musikkhistorisk kuriositet \u2013 den er sl\u00e5ende vakker!<\/p>\n<p><!--more--><\/p>\n<h4><\/h4>\n<\/p>\n<h4><\/h4>\n<p><h4><\/h4>\n<\/p>\n<p><\/p>","protected":false},"excerpt":{"rendered":"<p>Oslo Brigademusikk, spesialister i norsk milit\u00e6rmusikk fra perioden mellom 1850 og 1920, presenterer viktig norsk korpshistorie av h\u00f8yeste kvalitet med et sterkt autentisk uttrykk.<\/p>\n","protected":false},"featured_media":27561,"comment_status":"closed","ping_status":"open","template":"","meta":[],"product_brand":[],"product_cat":[180],"product_tag":[],"class_list":{"0":"post-13814","1":"product","2":"type-product","3":"status-publish","4":"has-post-thumbnail","6":"product_cat-simax-classics","7":"product_shipping_class-cddvd-shipping","8":"uni_artist_tag-adolf-hansen","9":"uni_artist_tag-frederik-schioldberg","10":"uni_artist_tag-friedrich-august-reissiger","11":"uni_artist_tag-hanna-bergwitz","12":"uni_artist_tag-jan-eriksen","13":"uni_artist_tag-johan-svendsen","14":"uni_artist_tag-johannes-hanssen","15":"uni_artist_tag-jorn-pedersen","16":"uni_artist_tag-ole-olsen","17":"uni_artist_tag-oscar-borg","18":"uni_artist_tag-oslo-brigade-orchestra","19":"uni_main_artist_tag-oslo-brigade-orchestra","20":"uni_artist_genre-brass","21":"uni_artist_genre-world-premiere-recording","23":"first","24":"instock","25":"taxable","26":"shipping-taxable","27":"purchasable","28":"product-type-simple"},"_links":{"self":[{"href":"https:\/\/grappa.no\/no\/wp-json\/wp\/v2\/product\/13814","targetHints":{"allow":["GET"]}}],"collection":[{"href":"https:\/\/grappa.no\/no\/wp-json\/wp\/v2\/product"}],"about":[{"href":"https:\/\/grappa.no\/no\/wp-json\/wp\/v2\/types\/product"}],"replies":[{"embeddable":true,"href":"https:\/\/grappa.no\/no\/wp-json\/wp\/v2\/comments?post=13814"}],"wp:featuredmedia":[{"embeddable":true,"href":"https:\/\/grappa.no\/no\/wp-json\/wp\/v2\/media\/27561"}],"wp:attachment":[{"href":"https:\/\/grappa.no\/no\/wp-json\/wp\/v2\/media?parent=13814"}],"wp:term":[{"taxonomy":"product_brand","embeddable":true,"href":"https:\/\/grappa.no\/no\/wp-json\/wp\/v2\/product_brand?post=13814"},{"taxonomy":"product_cat","embeddable":true,"href":"https:\/\/grappa.no\/no\/wp-json\/wp\/v2\/product_cat?post=13814"},{"taxonomy":"product_tag","embeddable":true,"href":"https:\/\/grappa.no\/no\/wp-json\/wp\/v2\/product_tag?post=13814"}],"curies":[{"name":"wp","href":"https:\/\/api.w.org\/{rel}","templated":true}]}}