{"id":13812,"date":"1992-01-08T00:00:00","date_gmt":"1992-01-07T23:00:00","guid":{"rendered":"http:\/\/www.grappa.no\/no\/albums\/uncategorized\/grieg-songs-op-676025-2\/"},"modified":"2025-01-03T14:57:34","modified_gmt":"2025-01-03T13:57:34","slug":"grieg-songs-op-67-60-25","status":"publish","type":"product","link":"https:\/\/grappa.no\/no\/albums\/simax-classics\/grieg-songs-op-67-60-25\/","title":{"rendered":"Grieg Songs Op 67\/60\/25"},"content":{"rendered":"<p><\/p>\n<p>Str\u00e5lende Grieg fra Ellen Westberg Andersen<\/p>\n<p>Den prisvinnende sopranen Ellen Westberg Andersen presenterer sammen med en av Norges mest etablerte pianister, Jens Harald Bratlie, noen av Griegs flotteste tonesettinger av dikt p\u00e5 denne platen. Sammen klarer de p\u00e5 mesterlig vis \u00e5 vekke til live dybden som befinner seg i Griegs vellykkede giftem\u00e5l mellom dikt og musikk. Med disse sangene viser Grieg at han utvilsomt var en mester i sin genre, fra de seks Ibsensangene, det siste samarbeidet mellom Grieg og Ibsen i 1876, via sanger til dikt av Vilhelm Krag, til en av de vakreste sangsyklusene noen gang skrevet for den kvinnelige stemmen: Haugtussa, skrevet av Arne Garborg.<\/p>\n<p>Westberg Andersen og Bratlie klarer p\u00e5 str\u00e5lende vis \u00e5 formidle noen av de flotteste sangene fra den norske romantiske tradisjonen, ikke overraskende med tanke p\u00e5 dere bakgrunn. Westberg Andersen debuterte i Oslo i 1978 etter studier ved musikkh\u00f8gskoler i L\u00fcbeck og \u00c5rhus, og har sunget ved flere tyske operascener, blant annet i Dortmund, L\u00fcbeck og ved St\u00e4dtische Freiburg. Hennes merittliste er betydelig og favner blant annet over rollene som Musette i \u00abLa Boh\u00e8me\u00bb, Margaretha i \u00abFaust\u00bb og som Susanna i \u00abFigaros Bryllup\u00bb ved Den Norske Opera i \u00e5rene 1985-1990, samt en rekke andre betydelige roller i flere kjente operaer. Hun fikk Possehl-prisen i 1978 og Edvard Grieg-prisen i 1984. Den prisvinnende pianisten Bratlie er p\u00e5 sin side professor i klaver ved Norges Musikkh\u00f8gskole, og har v\u00e6rt fast solist med norske orkestre, inkludert turneer til London, Los Angeles, Moskva og Leningrad.<\/p>\n<p><!--more--><\/p>\n<h4><\/h4>\n<h4><\/h4>\n<h4><\/h4>\n<p><\/p>","protected":false},"excerpt":{"rendered":"<p>Sjelden Griegs sanger v\u00e6rt tolket s\u00e5 inderlig som her \u2013 av Ellen Westberg Andersen.<\/p>\n","protected":false},"featured_media":27544,"comment_status":"closed","ping_status":"closed","template":"","meta":[],"product_brand":[],"product_cat":[180],"product_tag":[],"class_list":{"0":"post-13812","1":"product","2":"type-product","3":"status-publish","4":"has-post-thumbnail","6":"product_cat-simax-classics","7":"product_shipping_class-cddvd-shipping","8":"uni_artist_tag-edvard-grieg","9":"uni_artist_tag-ellen-westberg-andersen","10":"uni_artist_tag-jens-harald-bratlie","11":"uni_main_artist_tag-ellen-westberg-andersen","12":"uni_artist_genre-lieder","13":"uni_artist_genre-norwegian","15":"first","16":"outofstock","17":"sale","18":"taxable","19":"shipping-taxable","20":"purchasable","21":"product-type-simple"},"_links":{"self":[{"href":"https:\/\/grappa.no\/no\/wp-json\/wp\/v2\/product\/13812","targetHints":{"allow":["GET"]}}],"collection":[{"href":"https:\/\/grappa.no\/no\/wp-json\/wp\/v2\/product"}],"about":[{"href":"https:\/\/grappa.no\/no\/wp-json\/wp\/v2\/types\/product"}],"replies":[{"embeddable":true,"href":"https:\/\/grappa.no\/no\/wp-json\/wp\/v2\/comments?post=13812"}],"wp:featuredmedia":[{"embeddable":true,"href":"https:\/\/grappa.no\/no\/wp-json\/wp\/v2\/media\/27544"}],"wp:attachment":[{"href":"https:\/\/grappa.no\/no\/wp-json\/wp\/v2\/media?parent=13812"}],"wp:term":[{"taxonomy":"product_brand","embeddable":true,"href":"https:\/\/grappa.no\/no\/wp-json\/wp\/v2\/product_brand?post=13812"},{"taxonomy":"product_cat","embeddable":true,"href":"https:\/\/grappa.no\/no\/wp-json\/wp\/v2\/product_cat?post=13812"},{"taxonomy":"product_tag","embeddable":true,"href":"https:\/\/grappa.no\/no\/wp-json\/wp\/v2\/product_tag?post=13812"}],"curies":[{"name":"wp","href":"https:\/\/api.w.org\/{rel}","templated":true}]}}