{"id":1203,"date":"2015-09-11T00:00:00","date_gmt":"2015-09-10T23:00:00","guid":{"rendered":"http:\/\/www.grappa.no\/albums\/uncategorized\/the-color-beneath\/"},"modified":"2016-04-19T19:25:05","modified_gmt":"2016-04-19T18:25:05","slug":"the-color-beneath","status":"publish","type":"product","link":"https:\/\/grappa.no\/no\/albums\/heilo\/the-color-beneath\/","title":{"rendered":"The Color Beneath"},"content":{"rendered":"<p><\/p>\n<p>Elisabeth Vatn &#8211; The Color Beneath<\/p>\n<p>The Color Beneath av musikeren og komponisten Elisabeth Vatn har blitt til i James Turrells lysinstallasjoner SkySpace og Ganzfeld i Ekebergparken. <\/p>\n<p>I Ekebergparkens gamle vannreservoar laget den amerikanske kunstneren James Turrell i 2013 to stedsspesifikke kunstverk. I Ganzfeld: Double Vision opplever man hvordan kunstnerens bruk av farger virker p\u00e5 v\u00e5r persepsjon. I SkySpace: The color beneath opplever man, i forbindelse med soloppgang og solnedgang, et fantastisk fargespill mellom rommet man sitter i og himmelen over seg. Turrells bakgrunn som kveker er tydelig tilstede i hans SkySpaces. Disse er steder der man m\u00f8tes og hilser lyset velkommen. Albumet kommer ut under Ultima 2015. 10-13. september holder Elisabeth Vatn albumlansering under soloppgang og solnedgangskonserter i James Turrells lysinstallasjoner i Ekebergparken.<\/p>\n<p><!--more--><\/p>\n<p>The Color Beneath av musikeren og komponisten Elisabeth Vatn har blitt til i James Turrells lysinstallasjoner SkySpace og Ganzfeld i Ekebergparken.<\/p>\n<h4>The Color Beneath<\/h4>\n<p>I THE COLOR BENEATH blir lyden av harmonium, sekkepiper, langeleik, hardingfeler og gamle klarinetter et dronefelt som b\u00f8lger rundt og g\u00e5r opp i de stadige skiftende fargespillene. Utholdte droner, langsomme temaer og kontemplerende klanger, lyden av treverk, metall, pedalpumping og belgepust spiller med og p\u00e5 akustikken i rommet. Elisabeth Vatn spilte inn \u00abThe Color Beneath\u00bb sammen med Anders R\u00f8ine live i SkySpace og Ganzfelt h\u00f8sten 2014, og albumet kommer ut under Ultima 2015.<br \/>\n10-13. september holder Elisabeth Vatn albumlansering under soloppgang og solnedgangskonserter i James Turrells lysinstallasjoner i Ekebergparken.<\/p>\n<h4>Elisabeth Vatn<\/h4>\n<p>Elisabeth Vatn er utdannet pianist fra Barratt Due og har hovedfag i etnomusikologi fra Universitetet i Bergen. Ved siden av dette har hun alltid spilt ulike klarinetter og orgler, og har blitt en eksponert ut\u00f8ver p\u00e5 sekkepiper. Hun begynte \u00e5 spille sekkepipe under et opphold i Makedonia i 1993, og er n\u00e5 en av f\u00e5 ut\u00f8vere som bringer tradisjonen med \u00e5 spille svensk\/nordisk sekkepipe videre. Vatn jobber p\u00e5 tvers av ulike stilistiske grenser, fra klassisk musikk, improvisert og rytmisk musikk, til folkemusikk og skriver musikk til egne ensembler. Hun har samarbeidet med mange ut\u00f8vere, artister og poeter, p\u00e5 konserter, festivaler og turneer i Europa, USA og Japan. I  2000 utga hun sammen med Steffen Horn Olivier Messiaens \u00abVisions de l&#8217;Amen\u00bb for to klaver p\u00e5 CD, hun har gitt ut flere utgivelser med folkemusikkstorbandet Chateau Neuf Spelemanslag fra 1994 til 2001. Med bandet Harnihomba ga hun ut CD-en med det samme navnet i 1999. P\u00e5 albumet \u00abTigerlily\u00bb var det f\u00f8rst og fremst Vatns egne sekkepipekomposisjoner som sto i sentrum. Denne tiln\u00e6rmingen til sekkepipene ble f\u00f8rst videre med utgivelsen Elisabeth Vatn \u2013 Piper on the Roof i 2009. Andre prosjekter er blant annet Stave Church Songs \u2013 Martyred Saints and Sister Bells, et bestillingsverk til Unescos kulturminne\u00e5r 2009 som har turnert i alle norske stavkirker. Blant nyere produksjoner kan nevnes &quot;Lux Illuxit &#8211; St.Olavs Officium&quot; som hadde premiere va\u030aren 2014. Den foreliggende CD-en The Color Beneath, som ble spilt inn i Ekeberg Skyspace og Ganzfeld er Vatn\u2019s seneste utgivelse med egne komposisjoner.<\/p>\n<h4>James Turrell<\/h4>\n<p>James Turrell er en amerikansk kunstner som arbeider med lys, farger og rom. Han er verdensledende p\u00e5 sitt omr\u00e5de, med permanente installasjoner i 26 land. Turrell tok en grad i psykologi f\u00f8r han valgte \u00e5 videreutdanne seg som kunstner. Han har brukt store deler av sitt liv til \u00e5 arbeide med lys og rom. Turrells verk har det fellestrekket at de gjerne omslutter publikum slik at de opplever lys- og fargevirkninger kontrollert av kunstneren.<\/p>\n<p><\/p>","protected":false},"excerpt":{"rendered":"<p>I THE COLOR BENEATH blir lyden av harmonium, sekkepiper, langeleik, hardingfeler og gamle klarinetter et dronefelt som b\u00f8lger rundt og g\u00e5r opp i de stadige skiftende fargespillene.<\/p>\n","protected":false},"featured_media":27337,"comment_status":"closed","ping_status":"open","template":"","meta":[],"product_brand":[],"product_cat":[35],"product_tag":[],"class_list":{"0":"post-1203","1":"product","2":"type-product","3":"status-publish","4":"has-post-thumbnail","6":"product_cat-heilo","7":"product_shipping_class-cddvd-shipping","8":"uni_artist_tag-anders-erik-roine","9":"uni_artist_tag-elisabeth-vatn","10":"uni_artist_tag-fridtjof-lindeman","11":"uni_main_artist_tag-elisabeth-vatn","12":"uni_artist_genre-folk-music","13":"uni_artist_genre-world-music","15":"first","16":"instock","17":"taxable","18":"shipping-taxable","19":"purchasable","20":"product-type-simple"},"_links":{"self":[{"href":"https:\/\/grappa.no\/no\/wp-json\/wp\/v2\/product\/1203","targetHints":{"allow":["GET"]}}],"collection":[{"href":"https:\/\/grappa.no\/no\/wp-json\/wp\/v2\/product"}],"about":[{"href":"https:\/\/grappa.no\/no\/wp-json\/wp\/v2\/types\/product"}],"replies":[{"embeddable":true,"href":"https:\/\/grappa.no\/no\/wp-json\/wp\/v2\/comments?post=1203"}],"wp:featuredmedia":[{"embeddable":true,"href":"https:\/\/grappa.no\/no\/wp-json\/wp\/v2\/media\/27337"}],"wp:attachment":[{"href":"https:\/\/grappa.no\/no\/wp-json\/wp\/v2\/media?parent=1203"}],"wp:term":[{"taxonomy":"product_brand","embeddable":true,"href":"https:\/\/grappa.no\/no\/wp-json\/wp\/v2\/product_brand?post=1203"},{"taxonomy":"product_cat","embeddable":true,"href":"https:\/\/grappa.no\/no\/wp-json\/wp\/v2\/product_cat?post=1203"},{"taxonomy":"product_tag","embeddable":true,"href":"https:\/\/grappa.no\/no\/wp-json\/wp\/v2\/product_tag?post=1203"}],"curies":[{"name":"wp","href":"https:\/\/api.w.org\/{rel}","templated":true}]}}