{"id":1202,"date":"2015-10-23T00:00:00","date_gmt":"2015-10-22T23:00:00","guid":{"rendered":"http:\/\/www.grappa.no\/albums\/uncategorized\/sei-det-igjaen\/"},"modified":"2018-03-13T15:32:03","modified_gmt":"2018-03-13T14:32:03","slug":"sei-det-igjaen","status":"publish","type":"product","link":"https:\/\/grappa.no\/no\/albums\/grappa\/sei-det-igjaen\/","title":{"rendered":"Sei det igj\u00e6n"},"content":{"rendered":"<p><\/p>\n<p>Nytt album fra Anders Jektvik<\/p>\n<p>Anders Jektvik mener at hans nye album \u00abSei det igj\u00e6n\u00bb er den beste platen han har laget hittil. Musikken er en blanding av fortellinger og en metaforisk pessimistisk optimisme, med mer utfordrende melodi og tekst enn tidligere. Hitterv\u00e6ringen Jektvik er oppdratt i musikkens \u00e5nd. Han plukker n\u00e5 gitar med uvanlig f\u00f8lelse og snert. Likevel er det stemmen som er hans fremste signatur, der han h\u00f8res ut som en mellomting mellom Leonard Cohen og Chris Rea. Han fikk sitt nasjonale gjennombrudd da han tok andreplass i Norske Talenter i 2012, med l\u00e5tetene \u00abBare saind\u00bb og \u00abT\u00f8v\u00bb. Og mange fikk opp \u00f8rene for den humoristiske siden av ham med l\u00e5ta \u00abRampa (Colan her)\u00bb, der han parodierer en spillejobb sammen med \u00c5ge Aleksandersen, som ble starten p\u00e5 vennskapet med Rockekongen. \u00c5ge kom kort tid etterp\u00e5 med tilsvaret \u00abSangen om Rampa\u00bb p\u00e5 nettversjonen av albumet Sukker og Salt (2014). \u00abSei det igj\u00e6n\u00bb er Anders Jektviks tredje soloalbum, og gis ut p\u00e5 Grappa Musikkforlag.<\/p>\n<p><!--more--><\/p>\n<p>Anders Jektvik slipper sitt tredje soloalbum &quot;Sei det igj\u00e6n&quot;<\/p>\n<h4>Metaforisk pessimistisk optimisme<\/h4>\n<p>&quot;Dette er den beste platen jeg laget hittil. Jeg synes det ble veldig mye fin musikk p\u00e5 denne skiva, og mer utfordrende melodi og tekst enn tidligere. Musikken er en blanding av fortellinger og en metaforisk pessimistisk optimisme&quot; &#8211; Anders Jektvik<\/p>\n<p>Hitterv\u00e6ringen Anders Jektvik (33) er oppdratt i musikkens \u00e5nd, og har l\u00e6rt \u00e5 spille av sin far, og ved \u00e5 h\u00f8re p\u00e5 blant annet Mark Knopfler. Han plukker n\u00e5 gitar med uvanlig f\u00f8lelse og snert. Likevel er det stemmen som er hans fremste signatur, der han h\u00f8res ut som en mellomting mellom Leonard Cohen og  Chris Rea.<\/p>\n<h4>Parodien av rockekongen<\/h4>\n<p>Han fikk sitt nasjonale gjennombrudd da han tok andreplass i Norske Talenter i 2012, med l\u00e5tetene \u00abBare saind\u00bb og \u00abT\u00f8v\u00bb. Og mange fikk opp \u00f8rene for den humoristiske siden av ham med l\u00e5ta \u00abRampa (Colan her)\u00bb, der han parodierer en spillejobb sammen med \u00c5ge Aleksandersen, som ble starten p\u00e5 vennskapet med Rockekongen. \u00c5ge kom kort tid etterp\u00e5 med tilsvaret \u00abSangen om Rampa\u00bb p\u00e5 nettversjonen av albumet Sukker og Salt (2014).<br \/>\nMen bak humoren og skr\u00e5blikket finner du oftest Anders Jektvik i en verden av mer seri\u00f8s melankoli og ettertanke.<\/p>\n<p>Sangene til mannen med den store stemmen handler om alt fra dobbeltmoral (Lakkskoferie) og hverdagsl\u00f8gn (No som ailt e bra) til tro og tvil (Likev\u00e6l ei b\u00f8nn). Samtidig som han ogs\u00e5 viser et stort hjerte for de som sliter, gjennom sanger som \u00abSiste Holdeplass\u00bb, om nedleggingen av rusomsorgen i Trondheim.<br \/>\n\u00abBare Saind\u00bb fra debutalbumet \u00abAill Kjeinne Aill\u00bb er hans st\u00f8rste radiol\u00e5t, og ble i 2013 den nest mest spilte l\u00e5ta p\u00e5 NRK P1, kun sl\u00e5tt av Bj\u00f8rn Eidsv\u00e5g. Begge hans tidligere album har v\u00e6rt blant de mest streamede i Tr\u00f8ndelag.<\/p>\n<p>For intervjuavtaler, sp\u00f8rsm\u00e5l, bilder eller ytterligere informasjon, kontakt:<br \/>\nAtle B\u00f8ckmann, 91538717 \/ 22201899, atle@indianer.nu<br \/>\nGlenn Larsen, 95036062 \/ 22201899, glenn@indianer.nu<\/p>\n<h4><\/h4>\n<\/p>\n<p><\/p>","protected":false},"excerpt":{"rendered":"<p>Musikken er en blanding av fortellinger og en metaforisk pessimistisk optimisme, og Anders Jektvik mener \u00abSei det \u00edgj\u00e6n\u00bb er den beste platen han har laget hittil.<\/p>\n","protected":false},"featured_media":27187,"comment_status":"closed","ping_status":"open","template":"","meta":[],"product_brand":[],"product_cat":[6],"product_tag":[],"class_list":{"0":"post-1202","1":"product","2":"type-product","3":"status-publish","4":"has-post-thumbnail","6":"product_cat-grappa","7":"product_shipping_class-cddvd-shipping","8":"uni_artist_tag-anders-jektvik","9":"uni_artist_tag-cecilia-l-dyroy","10":"uni_artist_tag-ingolf-jektvik","11":"uni_artist_tag-jon-krogstad","12":"uni_artist_tag-ole-jonas-storli","13":"uni_artist_tag-oyvind-smidt","14":"uni_artist_tag-simen-loberg","15":"uni_artist_tag-stian-lundberg","16":"uni_artist_tag-thommas-brodahl","17":"uni_main_artist_tag-anders-jektvik","18":"uni_artist_genre-singersongwriter","20":"first","21":"instock","22":"taxable","23":"shipping-taxable","24":"purchasable","25":"product-type-simple"},"_links":{"self":[{"href":"https:\/\/grappa.no\/no\/wp-json\/wp\/v2\/product\/1202","targetHints":{"allow":["GET"]}}],"collection":[{"href":"https:\/\/grappa.no\/no\/wp-json\/wp\/v2\/product"}],"about":[{"href":"https:\/\/grappa.no\/no\/wp-json\/wp\/v2\/types\/product"}],"replies":[{"embeddable":true,"href":"https:\/\/grappa.no\/no\/wp-json\/wp\/v2\/comments?post=1202"}],"wp:featuredmedia":[{"embeddable":true,"href":"https:\/\/grappa.no\/no\/wp-json\/wp\/v2\/media\/27187"}],"wp:attachment":[{"href":"https:\/\/grappa.no\/no\/wp-json\/wp\/v2\/media?parent=1202"}],"wp:term":[{"taxonomy":"product_brand","embeddable":true,"href":"https:\/\/grappa.no\/no\/wp-json\/wp\/v2\/product_brand?post=1202"},{"taxonomy":"product_cat","embeddable":true,"href":"https:\/\/grappa.no\/no\/wp-json\/wp\/v2\/product_cat?post=1202"},{"taxonomy":"product_tag","embeddable":true,"href":"https:\/\/grappa.no\/no\/wp-json\/wp\/v2\/product_tag?post=1202"}],"curies":[{"name":"wp","href":"https:\/\/api.w.org\/{rel}","templated":true}]}}