{"id":1201,"date":"2015-07-31T00:00:00","date_gmt":"2015-07-30T23:00:00","guid":{"rendered":"http:\/\/www.grappa.no\/albums\/uncategorized\/ketil-bjornstad-bartok-debussy-ravel\/"},"modified":"2025-02-19T10:05:27","modified_gmt":"2025-02-19T09:05:27","slug":"ketil-bjornstad-bartok-debussy-ravel","status":"publish","type":"product","link":"https:\/\/grappa.no\/no\/albums\/grappa\/ketil-bjornstad-bartok-debussy-ravel\/","title":{"rendered":"Ketil Bj\u00f8rnstad: Bartok \/ Debussy \/ Ravel"},"content":{"rendered":"<p><\/p>\n<p>Historisk konsertopptak<\/p>\n<p>Ketil Bj\u00f8rnstad\u00a0m\u00e5 v\u00e6re en av Norges mest produktive kunstnere. Han har en imponerende merittliste og er prisbel\u00f8nt b\u00e5de\u00a0som forfatter og som musiker. Han har et stort publikum b\u00e5de her hjemme og ute i verden. S\u00e5 langt har han rukket \u00e5 utgi mer enn 40 bokutgivelser, og over 60 plater i forskjellige sjangere.<\/p>\n<p>Denne utgivelsen tar oss med tilbake til begynnelsen av hans karriere. Allerede som seksten\u00e5ring debuterte Bj\u00f8rnstad som pianist med Filharmonien i Universitetets Aula, og det er et historisk opptak av nettopp denne konserten som n\u00e5 foreligger p\u00e5 CD. Det var en konsert som selvsagt var en viktig milesten i Bj\u00f8rnstads karriere, men ogs\u00e5 en konsert som vekket oppsikt i sin samtid. Det er en spennende og modig ung ut\u00f8ver som her gir oss tolkninger av musikken til Bartok, Debussy og Ravel. \u00abDet var helt forbl\u00f8ffende \u00e5 oppleve en slik innsikt i en krevende materie, her var det\u00a0et sunt og overordentlig sterkt\u00a0instinkt som ryddet veien med selvf\u00f8lgelighetens rett\u00bb skrev Aftenposen i sin anmeldelse av konserten.<\/p>\n<p>Bj\u00f8rnstad selv omtaler konserten i f\u00f8rste bind av det selvbiografiske romanverket &#8220;Verden som var min: Sekstitallet&#8221; (Aschehoug) som ble utgitt tidligere i august:<\/p>\n<p>&#8220;Heldigvis er jeg konsentrert denne gangen. Nerv\u00f8s, som alltid, men ikke altfor mye. Dette\u00a0Steinway-flygelet har akkurat den klangen som de beste instrumentene fra sekstitallet har, og som ikke finnes\u00a050 \u00e5r senere. Det fulltonende, som gj\u00f8r at pianisten kan slappe av. Varmen, selv n\u00e5r man spiller for fullt. Jeg\u00a0befinner meg i en eventyrverden, med nesten 100 musikere rundt meg. Sammen skal vi levendegj\u00f8re noe av\u00a0de siste Bart\u00f3k tenkte, f\u00f8r han d\u00f8de. De siste klangene han h\u00f8rte for sitt indre. Han rakk ikke \u00e5 fullf\u00f8re\u00a0konserten, men de siste taktene er rekonstruert, og jeg har f\u00e5tt instruksjon ogs\u00e5 fra Ilonka Kabos, hun som var\u00a0med p\u00e5 \u00e5 uroppf\u00f8re Bart\u00f3ks konsert for to klaverer og orkester i London. Selv om det bare er en uke siden jeg\u00a0begynte \u00e5 \u00f8ve p\u00e5 andresatsen, f\u00f8ler jeg meg forberedt. Blikkkontakten med \u00d8ivin Fjelstad, han som har gitt\u00a0meg s\u00e5 store opplevelser n\u00e5r jeg har st\u00e5tt ved de bakerste s\u00f8ylene i Aulaen, eller kapret meg en plass lenger\u00a0fremme. Han, som dirigerte Mozarts\u00a0Tryllefl\u00f8yten, den gangen i barndommen. Han har v\u00e6rt der bestandig. N\u00e5\u00a0f\u00f8les det uvirkelig \u00e5 f\u00e5 lov til \u00e5 v\u00e6re p\u00e5 podiet sammen med ham. Samtidig er det ogs\u00e5 s\u00e5 lett: ikke \u00e5 v\u00e6re\u00a0elev lenger. \u00c5 f\u00e5 v\u00e6re resultatet av egne valg. \u00c5 spille med en forunderlig, kortvarig selvsikkerhet. Ikke for \u00e5\u00a0hevne noe, men som for \u00e5 si: Slik lyder denne konserten, i mine \u00f8rer.\u00bb<\/p>\n<p>Opptaket av konserten ble gjort av NRK, men siden originaltapen har g\u00e5tt tapt baserer utgivelsen seg p\u00e5 et restaurert og remastret radiopptak.<\/p>\n<p>Utgivelsen gir oss et spennende m\u00f8te med en ung klassisk ut\u00f8ver som senere skulle velge andre musikalske veier.<\/p>\n<p><!--more--><\/p>\n<p>Ketil Bj\u00f8rnstad\u00a0m\u00e5 v\u00e6re en av Norges mest produktive kunstnere. Han har en imponerende merittliste og er prisbel\u00f8nt b\u00e5de\u00a0som forfatter og som musiker. Han har et stort publikum b\u00e5de her hjemme og ute i verden. S\u00e5 langt har han rukket \u00e5 utgi mer enn 40 bokutgivelser, og over 60 plater i forskjellige sjangere.<\/p>\n<h4>Bj\u00f8rnstad om konserten<\/h4>\n<p>Bj\u00f8rnstad selv omtaler konserten i f\u00f8rste bind av det selvbiografiske romanverket &#8220;Verden som var min: Sekstitallet&#8221; (Aschehoug) som ble utgitt tidligere i august:<\/p>\n<p>&#8220;Heldigvis er jeg konsentrert denne gangen. Nerv\u00f8s, som alltid, men ikke altfor mye. Dette\u00a0Steinway-flygelet har akkurat den klangen som de beste instrumentene fra sekstitallet har, og som ikke finnes\u00a050 \u00e5r senere. Det fulltonende, som gj\u00f8r at pianisten kan slappe av. Varmen, selv n\u00e5r man spiller for fullt. Jeg\u00a0befinner meg i en eventyrverden, med nesten 100 musikere rundt meg. Sammen skal vi levendegj\u00f8re noe av\u00a0de siste Bart\u00f3k tenkte, f\u00f8r han d\u00f8de. De siste klangene han h\u00f8rte for sitt indre. Han rakk ikke \u00e5 fullf\u00f8re\u00a0konserten, men de siste taktene er rekonstruert, og jeg har f\u00e5tt instruksjon ogs\u00e5 fra Ilonka Kabos, hun som var\u00a0med p\u00e5 \u00e5 uroppf\u00f8re Bart\u00f3ks konsert for to klaverer og orkester i London. Selv om det bare er en uke siden jeg\u00a0begynte \u00e5 \u00f8ve p\u00e5 andresatsen, f\u00f8ler jeg meg forberedt. Blikkkontakten med \u00d8ivin Fjelstad, han som har gitt\u00a0meg s\u00e5 store opplevelser n\u00e5r jeg har st\u00e5tt ved de bakerste s\u00f8ylene i Aulaen, eller kapret meg en plass lenger\u00a0fremme. Han, som dirigerte Mozarts\u00a0Tryllefl\u00f8yten, den gangen i barndommen. Han har v\u00e6rt der bestandig. N\u00e5\u00a0f\u00f8les det uvirkelig \u00e5 f\u00e5 lov til \u00e5 v\u00e6re p\u00e5 podiet sammen med ham. Samtidig er det ogs\u00e5 s\u00e5 lett: ikke \u00e5 v\u00e6re\u00a0elev lenger. \u00c5 f\u00e5 v\u00e6re resultatet av egne valg. \u00c5 spille med en forunderlig, kortvarig selvsikkerhet. Ikke for \u00e5\u00a0hevne noe, men som for \u00e5 si: Slik lyder denne konserten, i mine \u00f8rer.\u00bb<\/p>\n<h4>Spennende m\u00f8te<\/h4>\n<p>Opptaket av konserten ble gjort av NRK, men siden originaltapen har g\u00e5tt tapt baserer utgivelsen seg p\u00e5 et restaurert og remastret radiopptak.<\/p>\n<p>Utgivelsen gir oss et spennende m\u00f8te med en ung klassisk ut\u00f8ver som senere skulle velge andre musikalske veier.<\/p>\n<h4><\/h4>\n<p><\/p>","protected":false},"excerpt":{"rendered":"<p>Denne utgivelsen tar oss med tilbake til begynnelsen av Bj\u00f8rnstads karriere. Allerede som seksten\u00e5ring debuterte han som pianist med Filharmonien i Universitetets Aula, og det er et historisk opptak av nettopp denne konserten som n\u00e5 foreligger p\u00e5 CD.<\/p>\n","protected":false},"featured_media":27189,"comment_status":"closed","ping_status":"closed","template":"","meta":[],"product_brand":[],"product_cat":[6],"product_tag":[],"class_list":{"0":"post-1201","1":"product","2":"type-product","3":"status-publish","4":"has-post-thumbnail","6":"product_cat-grappa","7":"product_shipping_class-cddvd-shipping","8":"uni_artist_tag-bela-bartok","9":"uni_artist_tag-claude-debussy","10":"uni_artist_tag-ketil-bjornstad","11":"uni_artist_tag-maurice-ravel","12":"uni_artist_tag-oslo-philharmonic-orchestra","13":"uni_artist_tag-oivin-fjeldstad","14":"uni_main_artist_tag-ketil-bjornstad","15":"uni_artist_genre-classical","17":"first","18":"outofstock","19":"taxable","20":"shipping-taxable","21":"purchasable","22":"product-type-simple"},"_links":{"self":[{"href":"https:\/\/grappa.no\/no\/wp-json\/wp\/v2\/product\/1201","targetHints":{"allow":["GET"]}}],"collection":[{"href":"https:\/\/grappa.no\/no\/wp-json\/wp\/v2\/product"}],"about":[{"href":"https:\/\/grappa.no\/no\/wp-json\/wp\/v2\/types\/product"}],"replies":[{"embeddable":true,"href":"https:\/\/grappa.no\/no\/wp-json\/wp\/v2\/comments?post=1201"}],"wp:featuredmedia":[{"embeddable":true,"href":"https:\/\/grappa.no\/no\/wp-json\/wp\/v2\/media\/27189"}],"wp:attachment":[{"href":"https:\/\/grappa.no\/no\/wp-json\/wp\/v2\/media?parent=1201"}],"wp:term":[{"taxonomy":"product_brand","embeddable":true,"href":"https:\/\/grappa.no\/no\/wp-json\/wp\/v2\/product_brand?post=1201"},{"taxonomy":"product_cat","embeddable":true,"href":"https:\/\/grappa.no\/no\/wp-json\/wp\/v2\/product_cat?post=1201"},{"taxonomy":"product_tag","embeddable":true,"href":"https:\/\/grappa.no\/no\/wp-json\/wp\/v2\/product_tag?post=1201"}],"curies":[{"name":"wp","href":"https:\/\/api.w.org\/{rel}","templated":true}]}}