{"id":1199,"date":"2015-10-30T00:00:00","date_gmt":"2015-10-29T23:00:00","guid":{"rendered":"http:\/\/www.grappa.no\/albums\/uncategorized\/ingrid-andsnes-33-1\/"},"modified":"2019-03-22T09:18:44","modified_gmt":"2019-03-22T08:18:44","slug":"33-1-beethoven-hagen","status":"publish","type":"product","link":"https:\/\/grappa.no\/no\/albums\/simax-classics\/33-1-beethoven-hagen\/","title":{"rendered":"33 + 1 Beethoven | Hagen"},"content":{"rendered":"<p><\/p>\n<p>Ingrid Andsnes CD-debut!<\/p>\n<p>Ingrid Andsnes gj\u00f8r sin solo CD debut \u2013 i musikkhistoriens mest krevende klaverstykke \u2013 med musikk som for henne har blitt synonym med kampen og transformasjonen i hennes eget liv. Ingrids f\u00f8rste m\u00f8te med Diabellivariasjonene som ut\u00f8ver kom rett etter etter en krevende sykdomsperiode: \u00abJeg tror jeg fikk Diabellivariasjonene \u2018kastet etter meg\u2019 fordi jeg trengte akkurat denne musikken akkurat da. Jeg trengte \u00e5 spille musikk som krevde s\u00e5 mye kraft, styrke,\u00a0utholdenhet, bunnl\u00f8se dykk i det musikalske, med store tekniske utfordringer, akkurat da. Grensesprengende musikk som tar det enda et hakk videre der du trodde det var slutt. Jeg m\u00e5tte kjenne p\u00e5 lidenskapen, de store, dype f\u00f8lelsene,\u00a0s\u00e5rbarheten, og ikke minst kraften. Finne igjen de ubrukte musklene, styrken, kj\u00e6rligheten. Man kan si at livet mitt fikk et perfekt soundtrack.\u00bb Komponisten Lars Petter Hagen har skrevet en kadens til Beethovens mesterverk for Ingrid, et florlett innpust som stopper tiden i noen dyrebare minutter.<\/p>\n<p>Ingrid Andsnes (f\u00f8dt 1978, Karm\u00f8y) er en musiker som formidler musikken med en insisterende \u00e6rlighet. Samtidig er hun opptatt av \u00e5 utforske grenser og former i den tradisjonelle klassiske musikken. Ingrid studerte hos Joan Havill ved Guildhall School of Music and Drama i London og, som sin bror Leif Ove, hos Jiri Hlinka ved Barratt Due Musikkinstitutt i Oslo.<\/p>\n<p>Utgivelsen ble lansert i Weill Hall, Carnegie Hall, NYC.<\/p>\n<p><!--more--><\/p>\n<p>Ingrid Andsnes gj\u00f8r sin solo CD debut med musikkhistoriens mest krevende klaverstykke, musikk som har blitt synonym med kampen og transformasjonen i hennes eget liv. 2. november gir hun enda en konsert med Diabelli-variasjonene, releasekonserten for denne utgivelsen, i Carnegie Hall NYC.<\/p>\n<h4>\u00abLivet mitt fikk et perfekt soundtrack\u00bb<\/h4>\n<p>Ingrids f\u00f8rste m\u00f8te med Diabellivariasjonene som ut\u00f8ver kom rett etter etter en krevende sykdomsperiode: \u00abJeg tror jeg fikk Diabellivariasjonene \u2018kastet etter meg\u2019 fordi jeg trengte akkurat denne musikken akkurat da. Jeg trengte \u00e5 spille musikk som krevde s\u00e5 mye kraft, styrke,\u00a0 utholdenhet, bunnl\u00f8se dykk i det musikalske, med store tekniske utfordringer, akkurat da. Grensesprengende musikk som tar det enda et hakk videre der du trodde det var slutt. Jeg m\u00e5tte kjenne p\u00e5 lidenskapen, de store, dype f\u00f8lelsene, s\u00e5rbarheten, og ikke minst kraften. Finne igjen de ubrukte musklene, styrken, kj\u00e6rligheten. Man kan si at livet mitt fikk et perfekt soundtrack.\u00bb<\/p>\n<h4>Diabelli-variasjonene<\/h4>\n<p>Det var forleggeren og &#8216;komponisten&#8217; Anton Diabelli, som i 1819 inviterte Wiens komponister til \u00e5 skrive en variasjon over sin egen lille vals. 50 komponister deltok, blant dem Schubert, Hummel og en 11-\u00e5ring ved navn Franz Liszt. Beethoven takket etter sigende i utgangspunktet nei, men forandret mening og produserte ikke bare 1 variasjon \u2013 men 33. Som variasjonsverk for klaver finner det bare sin like i Bachs Goldberg-variasjoner. De fleste av verdens fremste pianister har alle Diabelli p\u00e5 repertoaret, og Gramophone magazine endte opp med ikke mindre enn 30 relevante innspillinger i sin gjennomgang i september 2015.<\/p>\n<h4>Ingrid Andsnes<\/h4>\n<p>Ingrid Andsnes (f\u00f8dt 1978, Karm\u00f8y) er en musiker som formidler musikken med en insisterende \u00e6rlighet. Samtidig er hun opptatt av \u00e5 utforske grenser og former i den tradisjonelle klassiske musikken. Til denne innspillingen bestilte hun en ny kadens til Beethovens mesterverk av komponisten Lars Petter Hagen, der han lar pianisten bruke e-bow p\u00e5 flygelets strenger. Ingrid studerte hos Joan Havill ved Guildhall School of Music and Drama i London og, som sin bror Leif Ove, hos Jiri Hlinka ved Barratt Due Musikkinstitutt i Oslo. Andsnes har samarbeidet med de aller fremste musikerne i Norge, blant dem Solveig Kringlebotn, H\u00e5vard Gimse, Arve Tellefsen og Det Norske Solistkor. Hun er en popul\u00e6r solo- og kammermusiker p\u00e5 norske festivaler og har mottatt en rekke stipender og legater, blant annet et tre\u00e5rig arbeidsstipend fra Statens Kunstnerstipend.<\/p>\n<p><\/p>","protected":false},"excerpt":{"rendered":"<p>\u2013 Pianisten Ingrid Andsnes ba komponisten Lars Petter Hagen om hjelp til \u00e5 leke med Beethovens \u00abDiabellivariasjoner\u00bb [\u2026] og jeg digger hva de to f\u00e5r til sammen. [\u2026] Hun lykkes til fulle med \u00e5 gripe noe essensielt i hver variasjon, og hun behersker de raske kastene mellom alle verdenene Beethoven tegner. Jeg sitter bare og lengter etter neste variasjon [Magnus Andersson \/ Klassekampen]<\/p>\n","protected":false},"featured_media":27828,"comment_status":"closed","ping_status":"open","template":"","meta":[],"product_brand":[],"product_cat":[180],"product_tag":[],"class_list":{"0":"post-1199","1":"product","2":"type-product","3":"status-publish","4":"has-post-thumbnail","6":"product_cat-simax-classics","7":"product_shipping_class-cddvd-shipping","8":"uni_artist_tag-erik-gard-amundsen","9":"uni_artist_tag-ingrid-andsnes","10":"uni_artist_tag-lars-petter-hagen","11":"uni_artist_tag-ludwig-van-beethoven","12":"uni_main_artist_tag-ingrid-andsnes","13":"uni_artist_genre-classical","14":"uni_artist_genre-contemporary-music","15":"uni_artist_genre-debut","17":"first","18":"instock","19":"taxable","20":"shipping-taxable","21":"purchasable","22":"product-type-simple"},"_links":{"self":[{"href":"https:\/\/grappa.no\/no\/wp-json\/wp\/v2\/product\/1199","targetHints":{"allow":["GET"]}}],"collection":[{"href":"https:\/\/grappa.no\/no\/wp-json\/wp\/v2\/product"}],"about":[{"href":"https:\/\/grappa.no\/no\/wp-json\/wp\/v2\/types\/product"}],"replies":[{"embeddable":true,"href":"https:\/\/grappa.no\/no\/wp-json\/wp\/v2\/comments?post=1199"}],"wp:featuredmedia":[{"embeddable":true,"href":"https:\/\/grappa.no\/no\/wp-json\/wp\/v2\/media\/27828"}],"wp:attachment":[{"href":"https:\/\/grappa.no\/no\/wp-json\/wp\/v2\/media?parent=1199"}],"wp:term":[{"taxonomy":"product_brand","embeddable":true,"href":"https:\/\/grappa.no\/no\/wp-json\/wp\/v2\/product_brand?post=1199"},{"taxonomy":"product_cat","embeddable":true,"href":"https:\/\/grappa.no\/no\/wp-json\/wp\/v2\/product_cat?post=1199"},{"taxonomy":"product_tag","embeddable":true,"href":"https:\/\/grappa.no\/no\/wp-json\/wp\/v2\/product_tag?post=1199"}],"curies":[{"name":"wp","href":"https:\/\/api.w.org\/{rel}","templated":true}]}}