{"id":1192,"date":"2015-10-16T00:00:00","date_gmt":"2015-10-15T23:00:00","guid":{"rendered":"http:\/\/www.grappa.no\/albums\/uncategorized\/livet-er-ei-vise\/"},"modified":"2016-10-14T11:48:08","modified_gmt":"2016-10-14T10:48:08","slug":"livet-er-ei-vise","status":"publish","type":"product","link":"https:\/\/grappa.no\/no\/albums\/grappa\/livet-er-ei-vise\/","title":{"rendered":"Livet er ei vise"},"content":{"rendered":"<p><\/p>\n<p>Maj Britts beste!<\/p>\n<p>Maj Britt Andersen presenterer med &quot;Livet er ei vise&quot; en omfattende samleplate med de beste l\u00e5tene fra hele hennes karriere. Med \u00e5pningsl\u00e5ten &quot;Ballongvisa&quot;, i en nyinnspilt versjon med et nytt arrangement fra Geir Holmsen, settes stemningen p\u00e5 et fantastisk vis, og vi presenteres for en rekke l\u00e5ter fra hele hennes karriere &#8211; fra de suksessfulle barneplatene og Pr\u00f8ysen-hyllester, til den siste sangen Trond Br\u00e6nne rakk \u00e5 skrive for henne: &quot;Gul kjole&quot;.<\/p>\n<p>Fra hennes platedebut som soloartist med &quot;Et lite under&quot; i 1975 har Maj Britt hatt en variert karriere som spenner over teater- og revyforestillinger, storband, Alf Pr\u00f8ysen-tolkninger, julesanger og hun har i over 30 \u00e5r v\u00e6rt en av Norges mest kjente og fremste formidlere av musikk for barn. P\u00e5 denne samlingen gir Maj Britt oss spor fra hele sin 40 \u00e5r lange karriere, inkludert fem nyinnspilte sanger med selveste Kringkastingsorkesteret. Med et musikalsk uttrykk preget av fengende melodier, n\u00e6rhet og munterhet, har stadig nye generasjoner kommet til og f\u00e5tt et n\u00e6rt forhold til Maj Britt og hennes unike musikalske verden.<\/p>\n<p><!--more--><\/p>\n<p>Maj Britt Andersen har siden 1975 mer eller mindre uten stans beriket stadig nye generasjoner med sitt talent. Denne omfattende samlingen med en rekke av hennes beste l\u00e5ter fra begynnelsen og frem til i dag forteller oss hvor viktig hun har v\u00e6rt &#8211; og er.<\/p>\n<h4>En omfattende og variert karriere<\/h4>\n<p>Fra hennes platedebut som soloartist med &quot;Et lite under&quot; i 1975 har Maj Britt hatt en variert karriere som spenner over teater- og revyforestillinger, storband, Alf Pr\u00f8ysen-tolkninger, julesanger og har i over 30 \u00e5r v\u00e6rt en av Norges mest kjente og fremste formidlere av musikk for barn. Hun har gjennom \u00e5rene gitt ut en rekke plater og samarbeidet med akt\u00f8rer som New Jordal Swingers, Nils Petter Molv\u00e6r, Bendik Hofseth, Eivind Aarset, Truls M\u00f8rk og Gjermund Larsen.<\/p>\n<h4>Fra Toten til Oslo<\/h4>\n<p>I 1980 flyttet Maj Britt til Oslo fra tjukkeste Toten, begynte \u00e5 jobbe i barnehage og ble en del av det spennende musikkmilj\u00f8et rundt Club 7. Fra midten av 1980-tallet skulle Maj Britt gi ut en rekke utgivelser med Geir Holmsen og Trond Br\u00e6nne som skulle v\u00e6re med p\u00e5 \u00e5 heve standarden p\u00e5 norske barneplater. Hennes album &quot;Har du h\u00f8rt det?&quot; ble nominert til Spellemannpris og ble ved en feil ropt opp som vinner, noe som f\u00f8rte til en betydelig medieoppmerksomhet. \u00c5ret etter ble det derimot suksess og platen &quot;Folk er rare&quot; gikk av med Spellemannprisen &#8211; og siden den tid har det bare g\u00e5tt oppover.<\/p>\n<h4>Nye versjoner til en ny generasjon<\/h4>\n<p>P\u00e5 denne samlingen gir Maj Britt oss spor fra hele sin 40 \u00e5r lange karriere. I tillegg har hun spilt inn fem av sangene p\u00e5 nytt med selveste Kringkastingsorkesteret. Med et musikalsk uttrykk preget av fengende melodier, n\u00e6rhet og munterhet, har stadig nye generasjoner kommet til og f\u00e5tt et n\u00e6rt forhold til Maj Britt og hennes unike musikalske verden.<\/p>\n<p>Turn\u00e9 blir det ogs\u00e5:<br \/>\n24\/10 \u00d8stre Toten Kulturhus<br \/>\n25\/10 Drammens Teater<br \/>\n28\/10 \u00c5l Kulturhus<br \/>\n31\/10 Fredrikstad Biblioteks Aula (samarbeidskonsert med korps)<br \/>\n4\/11 Fosnav\u00e5g Konserthus<br \/>\n5\/11 F\u00f8rdehuset, F\u00f8rde<br \/>\n13\/11 Gullbring Kulturanlegg, B\u00f8 i Telemark<br \/>\n18.-20\/11 Byscenen, Trondheim m\/ Luftforsvarets Musikkorps<br \/>\n21\/11 Hommelvik m\/ Luftforsvarets Musikkorps<br \/>\n22\/11 Byscenen, Trondheim m\/ Luftforsvarets Musikkorps<br \/>\n29\/11 Kulturkirken Jakob, Oslo<br \/>\n7\/12 Storstua, Stor-Elvdal<br \/>\n8\/12 Elverum Kulturhus<br \/>\n10\/12 Mosj\u00f8en Kulturhus<br \/>\n12\/12 T\u00f8nsberg Domkirke<br \/>\n19\/12 L\u00f8renskog Hus<br \/>\n20\/12 Asker Kulturhus<\/p>\n<p><\/p>","protected":false},"excerpt":{"rendered":"<p>En omfattende samleplate med de beste l\u00e5tene fra hele Maj Britt Andersens karriere.<\/p>\n","protected":false},"featured_media":27181,"comment_status":"closed","ping_status":"open","template":"","meta":[],"product_brand":[],"product_cat":[6],"product_tag":[],"class_list":{"0":"post-1192","1":"product","2":"type-product","3":"status-publish","4":"has-post-thumbnail","6":"product_cat-grappa","7":"product_shipping_class-cddvd-shipping","8":"uni_artist_tag-alfred-janson","9":"uni_artist_tag-andreas-utnem","10":"uni_artist_tag-anneli-m-drecker","11":"uni_artist_tag-arild-solum","12":"uni_artist_tag-arild-stav","13":"uni_artist_tag-arne-i-oian","14":"uni_artist_tag-ase-kari-kjolseth","15":"uni_artist_tag-ashild-breie-nyhus","16":"uni_artist_tag-atle-bakken","17":"uni_artist_tag-bendik-hofseth","18":"uni_artist_tag-benny-borg","19":"uni_artist_tag-berit-vaernes-cardas","20":"uni_artist_tag-bjarne-amdahl","21":"uni_artist_tag-bjorg-vaernes-lewis","22":"uni_artist_tag-bjorn-charles-dreyer","23":"uni_artist_tag-bjorn-kjellemyr","24":"uni_artist_tag-bugge-wesseltoft","25":"uni_artist_tag-carl-anders-sponberg","26":"uni_artist_tag-charlotte-fongen","27":"uni_artist_tag-chen-huang","28":"uni_artist_tag-egil-monn-iversen","29":"uni_artist_tag-eini-langmoen","30":"uni_artist_tag-eivind-aarset","31":"uni_artist_tag-elisabeth-sonstevold","32":"uni_artist_tag-emery-cardas","33":"uni_artist_tag-erik-eikeland","34":"uni_artist_tag-finn-dag-steiro","35":"uni_artist_tag-finn-ludt","36":"uni_artist_tag-frode-alnaes","37":"uni_artist_tag-frode-larsen","38":"uni_artist_tag-geir-holmsen","39":"uni_artist_tag-geir-lovold","40":"uni_artist_tag-gjermund-larsen","41":"uni_artist_tag-gudmund-sevag","42":"uni_artist_tag-gunhild-hindar","43":"uni_artist_tag-hakon-normann","44":"uni_artist_tag-hans-martin-stensland","45":"uni_artist_tag-henninge-landaas","46":"uni_artist_tag-ivar-anton-waagaard","47":"uni_artist_tag-jens-petter-antonsen","48":"uni_artist_tag-jon-balke","49":"uni_artist_tag-jon-christensen","50":"uni_artist_tag-jon-krosby","51":"uni_artist_tag-kersti-wallden","52":"uni_artist_tag-kjell-arne-jorgensen","53":"uni_artist_tag-knut-reiersrud","54":"uni_artist_tag-maj-britt-andersen","55":"uni_artist_tag-morten-halle","56":"uni_artist_tag-natasha-brofsky","57":"uni_artist_tag-neil-macdonald-berge","58":"uni_artist_tag-nils-petter-molvaer","59":"uni_artist_tag-nora-sissel-skreien","60":"uni_artist_tag-nora-taksdal-viken","61":"uni_artist_tag-noralf-glein","62":"uni_artist_tag-norwegian-radio-orchestra","63":"uni_artist_tag-ole-edvard-antonsen","64":"uni_artist_tag-oyvor-volle","65":"uni_artist_tag-paolo-vinaccia","66":"uni_artist_tag-per-hannisdal","67":"uni_artist_tag-reid-gilje","68":"uni_artist_tag-roger-olstad","69":"uni_artist_tag-runa-berg","70":"uni_artist_tag-rune-arnesen","71":"uni_artist_tag-stein-erik-tafjord","72":"uni_artist_tag-steinerskolens-barnekor","73":"uni_artist_tag-stian-carstensen","74":"uni_artist_tag-svenn-erik-kristoffersen","75":"uni_artist_tag-tone-margrethe-wik","76":"uni_artist_tag-tor-erik-langset","77":"uni_artist_tag-torbjorn-sunde","78":"uni_artist_tag-torstein-grythe","79":"uni_artist_tag-trond-braenne","80":"uni_artist_tag-truls-mork","81":"uni_main_artist_tag-maj-britt-andersen","82":"uni_artist_genre-norwegian-lyrics","83":"uni_artist_genre-pop","84":"uni_artist_genre-singersongwriter","86":"first","87":"instock","88":"taxable","89":"shipping-taxable","90":"purchasable","91":"product-type-simple"},"_links":{"self":[{"href":"https:\/\/grappa.no\/no\/wp-json\/wp\/v2\/product\/1192","targetHints":{"allow":["GET"]}}],"collection":[{"href":"https:\/\/grappa.no\/no\/wp-json\/wp\/v2\/product"}],"about":[{"href":"https:\/\/grappa.no\/no\/wp-json\/wp\/v2\/types\/product"}],"replies":[{"embeddable":true,"href":"https:\/\/grappa.no\/no\/wp-json\/wp\/v2\/comments?post=1192"}],"wp:featuredmedia":[{"embeddable":true,"href":"https:\/\/grappa.no\/no\/wp-json\/wp\/v2\/media\/27181"}],"wp:attachment":[{"href":"https:\/\/grappa.no\/no\/wp-json\/wp\/v2\/media?parent=1192"}],"wp:term":[{"taxonomy":"product_brand","embeddable":true,"href":"https:\/\/grappa.no\/no\/wp-json\/wp\/v2\/product_brand?post=1192"},{"taxonomy":"product_cat","embeddable":true,"href":"https:\/\/grappa.no\/no\/wp-json\/wp\/v2\/product_cat?post=1192"},{"taxonomy":"product_tag","embeddable":true,"href":"https:\/\/grappa.no\/no\/wp-json\/wp\/v2\/product_tag?post=1192"}],"curies":[{"name":"wp","href":"https:\/\/api.w.org\/{rel}","templated":true}]}}