{"id":1189,"date":"2015-06-19T00:00:00","date_gmt":"2015-06-18T23:00:00","guid":{"rendered":"http:\/\/www.grappa.no\/albums\/uncategorized\/sigmund-groven-tradition-2\/"},"modified":"2016-04-19T19:24:29","modified_gmt":"2016-04-19T18:24:29","slug":"sigmund-groven-tradition","status":"publish","type":"product","link":"https:\/\/grappa.no\/no\/albums\/grappa\/sigmund-groven-tradition\/","title":{"rendered":"Sigmund Groven &#8211; Tradition"},"content":{"rendered":"<p><\/p>\n<p>Sigmund Groven Collection vol. 2<\/p>\n<p>I 2014 gav Sigmund Groven ut f\u00f8rste album &#8211; i en serie p\u00e5 tre \u2013 med utvalgte innspillinger fra sin 40 \u00e5r lange karriere som plateartist. N\u00e5 kommer andre album i rekken; Tradition. Sigmund Groven har lang fartstid i norsk musikkliv: sin f\u00f8rste radiokonsert hadde han allerede i 1965, f\u00f8rste TV-opptreden i 1966, f\u00f8rste Rikskonsertturn\u00e9 i 1971 og den f\u00f8rste LP-en,\u201dS\u00e5 spiller vi harmonica\u201d, kom i 1975. Dermed kan han markere to jubileer i 2015.<\/p>\n<p>I denne anledningen gir Grappa ut en serie p\u00e5 tre CD-er undert tittelen \u201cSigmund Groven Collection\u201d. \u201cTradition\u201d som er album nummer to, har en folkemusikalsk profil, og inneholder b\u00e5de h\u00f8ydepunkter fra hans lange karriere og i tillegg noen nye og tidligere ikke utgitte innspillinger. \u00abI de rette hender kan det beskjedne munnspillet v\u00e6re et avansert instrument av stor skj\u00f8nnhet. Sigmund Groven, liksom Tommy Reilly og Larry Adler f\u00f8r ham, utnytter til fulle munnspillets store spennvidde og klanglige muligheter. Han er en str\u00e5lende musiker, og framst\u00e5r i dag uten tvil som en av de fineste munnspillut\u00f8verne i verden\u00bb &#8211; Sir George Martin, produsent for The Beatles.\u00a0<\/p>\n<p><!--more--><\/p>\n<p>I 2014 gav Sigmund Groven ut f\u00f8rste album &#8211; i en serie p\u00e5 tre \u2013 med utvalgte innspillinger fra sin 40 \u00e5r lange karriere som plateartist. N\u00e5 kommer andre album i rekken; Tradition.<\/p>\n<h4>Triologi<\/h4>\n<p>I denne anledningen gir Grappa Musikkforlag ut en serie p\u00e5 tre CD-er undert tittelen \u201cSigmund Groven Collection\u201d. \u201cTradition\u201d som er album nummer to, har en folkemusikalsk profil, og inneholder b\u00e5de h\u00f8ydepunkter fra hans lange karriere og I tillegg noen nye og tidligere ikke utgitte innspillinger. <\/p>\n<p>\u201cI de rette hender kan det beskjedne munnspillet v\u00e6re et avansert instrument av stor skj\u00f8nnhet. Sigmund Groven, liksom Tommy Reilly og Larry Adler f\u00f8r ham, utnytter til fulle munnspillets store spennvidde og klanglige muligheter. Han er en str\u00e5lende musiker, og framst\u00e5r I dag uten tvil som en av de fineste munnspillut\u00f8verne I verden\u201d &#8211; Sir George Martin, produsent for The Beatles.<\/p>\n<h4>Viktig musikalsk ambassad\u00f8r<\/h4>\n<p>Sigmund Grovens merittliste viser at han er en viktig musikalsk ambassad\u00f8r for v\u00e5rt land, og han er stadig travelt opptatt med nye oppgaver. Solistoppdrag med Trondheim Symfoniorkester og Kringkastingsorkesteret st\u00e5r p\u00e5 planen for I \u00e5r, I tillegg til konserter I utlandet &#8211; og den 24.juni blir han utnevnt til ridder av f\u00f8rste klasse, av den kongelige St. Olavs orden.  <\/p>\n<p>Sigmund Grovens mange innspillinger har oppn\u00e5dd stor popularitet b\u00e5de her hjemme og I utlandet, og spesielt I Asia. \u201cHarmOrgan\u201d innspilt sammen med organisten Iver Kleive I Blu-ray Surround-lyd, ble I 2012 tildelt prisen for \u201cBest Recording\u201d ved Guangzhou Music Awards I Kina.  Sigmund har i mange \u00e5r turn\u00e9rt over hele verden. I 1990 holdt han egen konsert I New Yorks Carnegie Hall, v\u00e6rt solist med en rekke orkestre I Canada og USA, blant annet symfoniorkestert I Dallas der han ble utnevnt til \u00e6resborger av Texas. I Asia har han hatt turn\u00e9er I Japan med med egne konserter I Casls Hall I Tokyo og Kyoto Konserthus. Under et av hans bes\u00f8k I S\u00f8r-Korea laget den st\u00f8rste TV-kanalen et lengre program om hans musikk, og flere av platene hans har ligget inne p\u00e5 listene der. H\u00f8sten 2015 er han p\u00e5 turn\u00e9 I S\u00f8r-Korea for fjerde \u00e5ret p\u00e5 rad. I det siste har turn\u00e9planen dessuten omfattet b\u00e5de Singapore, Saudi-Arabia og Taiwan. <\/p>\n<p>Sigmund Groven har bl\u00e5st stadig nye hemmeligheter ut av munnspillet i snart 50 \u00e5r! Forbl\u00f8ffende trygg i stil og regi, hele veien.<\/p>\n<h4><\/h4>\n<\/p>\n<p><\/p>","protected":false},"excerpt":{"rendered":"<p>\u201cTradition\u201d som er album nummer to i Sigmund Grovens dobbelt-jubileum, har en folkemusikalsk profil, og inneholder h\u00f8ydepunkter fra hans lange karriere \u2013 i tillegg noen nye og tidligere ikke utgitte innspillinger.<\/p>\n","protected":false},"featured_media":27175,"comment_status":"closed","ping_status":"open","template":"","meta":[],"product_brand":[],"product_cat":[6],"product_tag":[],"class_list":{"0":"post-1189","1":"product","2":"type-product","3":"status-publish","4":"has-post-thumbnail","6":"product_cat-grappa","7":"product_shipping_class-cddvd-shipping","8":"uni_artist_tag-aage-kvalbein","9":"uni_artist_tag-anne-karin-kaasa","10":"uni_artist_tag-anne-vada","11":"uni_artist_tag-arild-erikstad","12":"uni_artist_tag-armon-string-quartet","13":"uni_artist_tag-arne-peter-rognan","14":"uni_artist_tag-arve-tellefsen","15":"uni_artist_tag-audun-kleive","16":"uni_artist_tag-benjamin-britten","17":"uni_artist_tag-bjorn-kjellemyr","18":"uni_artist_tag-david-reilly","19":"uni_artist_tag-eivind-groven","20":"uni_artist_tag-erik-bye","21":"uni_artist_tag-freddy-lindquist","22":"uni_artist_tag-geirr-lystrup","23":"uni_artist_tag-georg-reiss","24":"uni_artist_tag-gjermund-haugen","25":"uni_artist_tag-halldor-krogh","26":"uni_artist_tag-halvor-j-sandsdalen","27":"uni_artist_tag-helge-iberg","28":"uni_artist_tag-henrik-hannisdal","29":"uni_artist_tag-henryk-lysiak","30":"uni_artist_tag-ivar-anton-waagaard","31":"uni_artist_tag-iver-kleive","32":"uni_artist_tag-james-moody","33":"uni_artist_tag-jan-olav-martinsen","34":"uni_artist_tag-jonas-lie","35":"uni_artist_tag-kim-ofstad","36":"uni_artist_tag-kjetil-bjerkestrand","37":"uni_artist_tag-lars-anders-tomter","38":"uni_artist_tag-maurice-arnold","39":"uni_artist_tag-morten-eskesen","40":"uni_artist_tag-morten-lindberg","41":"uni_artist_tag-nils-petter-nyren","42":"uni_artist_tag-norwegian-radio-orchestra","43":"uni_artist_tag-ole-edvard-antonsen","44":"uni_artist_tag-oistein-sommerfeldt","45":"uni_artist_tag-oyvind-bjora","46":"uni_artist_tag-pal-thowsen","47":"uni_artist_tag-per-saemund-bjorkum","48":"uni_artist_tag-petter-brambani","49":"uni_artist_tag-rune-arnesen","50":"uni_artist_tag-sigmund-groven","51":"uni_artist_tag-steinar-larsen","52":"uni_artist_tag-steinar-ofsdal","53":"uni_artist_tag-svein-christiansen","54":"uni_artist_tag-svein-johann-ose","55":"uni_artist_tag-svenn-erik-kristoffersen","56":"uni_artist_tag-terje-venaas","57":"uni_artist_tag-tom-erik-antonsen","58":"uni_artist_tag-tommy-reilly","59":"uni_artist_tag-vilem-tausky","60":"uni_artist_tag-willy-andresen","61":"uni_main_artist_tag-sigmund-groven","62":"uni_artist_genre-collection","63":"uni_artist_genre-traditional","65":"first","66":"instock","67":"taxable","68":"shipping-taxable","69":"purchasable","70":"product-type-simple"},"_links":{"self":[{"href":"https:\/\/grappa.no\/no\/wp-json\/wp\/v2\/product\/1189","targetHints":{"allow":["GET"]}}],"collection":[{"href":"https:\/\/grappa.no\/no\/wp-json\/wp\/v2\/product"}],"about":[{"href":"https:\/\/grappa.no\/no\/wp-json\/wp\/v2\/types\/product"}],"replies":[{"embeddable":true,"href":"https:\/\/grappa.no\/no\/wp-json\/wp\/v2\/comments?post=1189"}],"wp:featuredmedia":[{"embeddable":true,"href":"https:\/\/grappa.no\/no\/wp-json\/wp\/v2\/media\/27175"}],"wp:attachment":[{"href":"https:\/\/grappa.no\/no\/wp-json\/wp\/v2\/media?parent=1189"}],"wp:term":[{"taxonomy":"product_brand","embeddable":true,"href":"https:\/\/grappa.no\/no\/wp-json\/wp\/v2\/product_brand?post=1189"},{"taxonomy":"product_cat","embeddable":true,"href":"https:\/\/grappa.no\/no\/wp-json\/wp\/v2\/product_cat?post=1189"},{"taxonomy":"product_tag","embeddable":true,"href":"https:\/\/grappa.no\/no\/wp-json\/wp\/v2\/product_tag?post=1189"}],"curies":[{"name":"wp","href":"https:\/\/api.w.org\/{rel}","templated":true}]}}