{"id":1188,"date":"2015-09-25T00:00:00","date_gmt":"2015-09-24T23:00:00","guid":{"rendered":"http:\/\/www.grappa.no\/albums\/uncategorized\/goe-busser\/"},"modified":"2016-04-19T19:24:28","modified_gmt":"2016-04-19T18:24:28","slug":"goe-busser","status":"publish","type":"product","link":"https:\/\/grappa.no\/no\/albums\/grappa\/goe-busser\/","title":{"rendered":"Go&#8217;e Busser"},"content":{"rendered":"<p><\/p>\n<p>De Musikalske Dvergene feirer 35\u00e5r som band med \u00e5 gi ut sin \u00e5ttende langspillplate: &quot;Go&#8217;e busser&quot;.<\/p>\n<p>Tittelen henspiller p\u00e5 at samtlige sanger er snekret sammen p\u00e5 bussen grytidlig om morgenen. Alle er signert Helge Gr\u00f8nhaug, noen handler litt om busser, alle er p\u00e5 norsk og vokser ut av ulike hverdager.Musikalsk \u00f8nsket gruppen \u00e5 g\u00e5 i en mer akustisk retning enn p\u00e5 forrige plate. Inspirasjonen kom da br\u00f8drene Gr\u00f8nhaug, mer eller mindre tilfeldig, havnet p\u00e5 en musikkfestival et sted i California like f\u00f8r arbeidet med platen startet. Der fikk da en id\u00e9 om \u00e5 lage en &quot;Peace &amp; Love&quot; plate for n\u00f8kterne personer. De \u00f8vrige medlemmene i bandet, som etter hvert har lang erfaring med br\u00f8drenes eksentriske og til tider motstridende p\u00e5funn, tok dette med knusende ro i trygg forvissning om at ogs\u00e5 dette eksperimentet ville g\u00e5 over av seg selv. Likevel henger det en og annen rest igjen av den opprinnelige ideen til tross for produsentens iherdige fors\u00f8k p\u00e5 \u00e5 sende b\u00e5de den og bussen lenger ut p\u00e5 landet.<\/p>\n<p><!--more--><\/p>\n<p>De Musikalske Dvergene feirer 35\u00e5r som band med \u00e5 gi ut sin \u00e5ttende langspillplate: &quot;Go&#8217;e busser&quot;.Tittelen henspiller p\u00e5 at samtlige sanger er snekret sammen p\u00e5 bussen grytidlig om morgenen. Alle er signert Helge Gr\u00f8nhaug, noen handler litt om busser, alle er p\u00e5 norsk og vokser ut av ulike hverdager.<\/p>\n<h4>\u00abPeace &amp; Love\u00bb<\/h4>\n<p>Musikalsk \u00f8nsket gruppen \u00e5 g\u00e5 i en mer akustisk retning enn p\u00e5 forrige plate. Inspirasjonen kom da br\u00f8drene Gr\u00f8nhaug, mer eller mindre tilfeldig, havnet p\u00e5 en musikkfestival et sted i California like f\u00f8r arbeidet med platen startet. Der fikk da en id\u00e9 om \u00e5 lage en &quot;Peace &amp; Love&quot; plate for n\u00f8kterne personer.  De \u00f8vrige medlemmene i bandet, som etter hvert har lang erfaring med br\u00f8drenes eksentriske og til tider motstridende p\u00e5funn, tok dette med knusende ro i trygg forvissning om at ogs\u00e5 dette eksperimentet ville g\u00e5 over av seg selv.  Likevel henger det en og annen rest igjen av den opprinnelige ideen til tross for produsentens iherdige fors\u00f8k p\u00e5 \u00e5 sende b\u00e5de den og bussen lenger ut p\u00e5 landet.<\/p>\n<h4>De Musikalske Dvergene er:<\/h4>\n<p>Helge Gr\u00f8nhaug (sang,gitar), Arne Gr\u00f8nhaug (gitar, kor), Erling Hjertnes (bass, kor), Tom Harry Halvorsen (tangenter, trekkspill, munnspill, kor),Willy Korneliussen,(trommer).<\/p>\n<h4><\/h4>\n<\/p>\n<p><\/p>","protected":false},"excerpt":{"rendered":"<p>De Musikalske Dvergene feirer 35\u00e5r som band med \u00e5 gi ut sin \u00e5ttende langspillplate: &quot;Go&#8217;e busser&quot;<\/p>\n","protected":false},"featured_media":27178,"comment_status":"closed","ping_status":"open","template":"","meta":[],"product_brand":[],"product_cat":[6],"product_tag":[],"class_list":{"0":"post-1188","1":"product","2":"type-product","3":"status-publish","4":"has-post-thumbnail","6":"product_cat-grappa","7":"product_shipping_class-cddvd-shipping","8":"uni_artist_tag-de-musikalske-dvergene","9":"uni_artist_tag-helge-gronhaug","10":"uni_artist_tag-kristin-bergsvik","11":"uni_artist_tag-ole-reinert-berg-olsen","12":"uni_main_artist_tag-de-musikalske-dvergene","13":"uni_artist_genre-rock","15":"first","16":"instock","17":"taxable","18":"shipping-taxable","19":"purchasable","20":"product-type-simple"},"_links":{"self":[{"href":"https:\/\/grappa.no\/no\/wp-json\/wp\/v2\/product\/1188","targetHints":{"allow":["GET"]}}],"collection":[{"href":"https:\/\/grappa.no\/no\/wp-json\/wp\/v2\/product"}],"about":[{"href":"https:\/\/grappa.no\/no\/wp-json\/wp\/v2\/types\/product"}],"replies":[{"embeddable":true,"href":"https:\/\/grappa.no\/no\/wp-json\/wp\/v2\/comments?post=1188"}],"wp:featuredmedia":[{"embeddable":true,"href":"https:\/\/grappa.no\/no\/wp-json\/wp\/v2\/media\/27178"}],"wp:attachment":[{"href":"https:\/\/grappa.no\/no\/wp-json\/wp\/v2\/media?parent=1188"}],"wp:term":[{"taxonomy":"product_brand","embeddable":true,"href":"https:\/\/grappa.no\/no\/wp-json\/wp\/v2\/product_brand?post=1188"},{"taxonomy":"product_cat","embeddable":true,"href":"https:\/\/grappa.no\/no\/wp-json\/wp\/v2\/product_cat?post=1188"},{"taxonomy":"product_tag","embeddable":true,"href":"https:\/\/grappa.no\/no\/wp-json\/wp\/v2\/product_tag?post=1188"}],"curies":[{"name":"wp","href":"https:\/\/api.w.org\/{rel}","templated":true}]}}