{"id":1187,"date":"2015-05-08T00:00:00","date_gmt":"2015-05-07T23:00:00","guid":{"rendered":"http:\/\/www.grappa.no\/albums\/uncategorized\/hovedoen-social-club-salsa-til-folket\/"},"modified":"2016-05-25T08:41:08","modified_gmt":"2016-05-25T07:41:08","slug":"hovedoen-social-club-salsa-til-folket","status":"publish","type":"product","link":"https:\/\/grappa.no\/no\/albums\/grappa\/hovedoen-social-club-salsa-til-folket\/","title":{"rendered":"Hoved\u00f8en Social Club &#8211; Salsa til folket!"},"content":{"rendered":"<p><\/p>\n<p>Salsa til folket<\/p>\n<p>Hoved\u00f8en Social Club kjennetegnes for \u00e5 lage cubanske versjoner av norsk popul\u00e6rmusikk av ikke helt ny dato. Denne lett usannsynlige fusjonen mellom Havanna og \u00d8nskekonserten\/ Norsktoppen\/ Grand-Prix\/ VG-lista m.m. har gjort at nordboere i alle aldre, farger og fasonger trekker p\u00e5 smileb\u00e5ndet og kjenner det rykker i dansefoten.<br \/>\nOg n\u00e5 har de v\u00e6rt i Urban Sound Studio igjen. Bandleder og arrang\u00f8r Sverre Indris Joner har v\u00e6rt i tenkeboksen og p\u00f8nsket ut hvordan man kan overg\u00e5 sine tidligere eskapader. Denne gangen har de invitert med en rekke gjester som har gjort plata til et overfl\u00f8dighetshorn av fantasifulle arrangementer med rik og stor klang. Det ekstra l\u00f8ftet med fullt storband eller strykeorkester kler bandets nostalgiske sound og repertoar. L\u00e5tlisten denne gang er f\u00f8lgende: Tanta til Beate, Splitter Pine, Rompa Mi, Bysommer, En solskinnsdag, Svake Mennesker, Solskinn og sang, Smak av Honning, Katta V\u00e5r, Kj\u00e6rlighetsvisa, Dum og deilig og Holmenkollmambo.<\/p>\n<p><!--more--><\/p>\n<p>Nytt album fra Hoved\u00f8en Social Club, som sammen med Den Kongelige Norske Marines Musikkorps fyller Karpedammen p\u00e5 Akershus Festning med cubanske rytmer, haltende norskuttale og kjente og kj\u00e6re l\u00e5ter den 11. juni.<\/p>\n<h4>I tenkeboksen<\/h4>\n<p>Og n\u00e5 har de v\u00e6rt i Urban Sound Studio igjen. Bandleder og arrang\u00f8r\u00a0Sverre Indris Joner\u00a0har v\u00e6rt i tenkeboksen og p\u00f8nsket ut hvordan man kan overg\u00e5 sine tidligere eskapader. Denne gangen har de invitert med en rekke gjester som har gjort plata til et overfl\u00f8dighetshorn av fantasifulle arrangementer med rik og stor klang. Det ekstra l\u00f8ftet med fullt storband eller strykeorkester kler bandets nostalgiske sound og repertoar. Til og med nasjonalmarsjen over alle nasjonalmarsjer &#8211; \u201dHolmenkollmarsjen\u201d &#8211; har f\u00e5tt en sexy make-over.<br \/>\nMen de g\u00e5r ogs\u00e5 nye veier, og inviterer rapper Don Martin med i en hyllest til Oslo-sommeren og Lillebj\u00f8rn Nilsen. Og opphavskvinnene\/mennene er over seg av begeistring for \u00e5 bli gjenstand for bearbeidelser:<br \/>\n&quot;Me gusta! La\u00a0vieja t\u00eda\u00a0est\u00e1\u00a0bien cuidado.&quot; Lillebj\u00f8rn Nilsen<br \/>\n&quot;Utrolig elegant versjon \u2013 hvem skulle trodd\u2026&quot; Terje Tranaas, DDE<br \/>\n&quot;Herlig Kj\u00e6mpesjarmerende versjon, og den sordintrompeten setter jo \u00e5sted og stemning s\u00e5 det suser. Avslutningen er s\u00e5 herlig vorspiel at den kunne vart mye lenger for min del. Tommel i v\u00e6ret og jubel herfra&quot; \u00d8ystein Dolmen<\/p>\n<h4>Usannsynlig fusjon<\/h4>\n<p>L\u00e5tlisten denne gang er f\u00f8lgende: Tanta til Beate, Splitter Pine, Rompa Mi, Bysommer, En solskinnsdag, Svake Mennesker, Solskinn og sang, Smak av Honning, Katta V\u00e5r, Kj\u00e6rlighetsvisa, Dum og deilig og Holmenkollmambo<br \/>\n\u00a0<br \/>\nHoved\u00f8en Social Club kjennetegnes for \u00e5 lage cubanske versjoner av norsk popul\u00e6rmusikk av ikke helt ny dato. Denne lett usannsynlige fusjonen mellom Havanna og \u00d8nskekonserten\/ Norsktoppen\/ Grand-Prix\/ VG-lista m.m. har gjort at nordboere i alle aldre, farger og fasonger trekker p\u00e5 smileb\u00e5ndet og kjenner det rykker i dansefoten. Det inneb\u00e6rer gjerne litt frekke, men kj\u00e6rlige ertende l\u00f8sninger. Bandet tilf\u00f8rer alt og litt til av hva man kan \u00f8nske seg fra karibiske musikkformers overskudd av livsglede og polyrytmikk.<br \/>\nUnder Sverre Indris Joners kyndige ledelse f\u00e5r man sl\u00f8ye og kunnskapsrike arrangementer, s\u00f8ml\u00f8st utf\u00f8rt med den h\u00f8yeste state-of-the art av det svingende bandet, og p\u00e5 toppen vokalist Sergio Gonzalez&#8217; ikke helt plettfrie norsk-uttale \u2013 dermed er soundet ikke til \u00e5 ta feil av, og festen i gang!<br \/>\n\u00a0<br \/>\nDen 11. juni er det releasekonsert p\u00e5 Karpedammen p\u00e5 Akershus Festning med selveste Den Kongelige Norske Marines Musikkorps som gjester. F\u00f8r det en f\u00f8r-releasekonsert p\u00e5 Herr Nilsen den 13. mai.<\/p>\n<h4><\/h4>\n<\/p>\n<p><\/p>","protected":false},"excerpt":{"rendered":"<p>L\u00e5tlisten denne gang er f\u00f8lgende: Tanta til Beate, Splitter Pine, Rompa Mi, Bysommer, En solskinnsdag, Svake Mennesker, Solskinn og sang, Smak av Honning, Katta V\u00e5r, Kj\u00e6rlighetsvisa, Dum og deilig og Holmenkollmambo.<\/p>\n","protected":false},"featured_media":27179,"comment_status":"closed","ping_status":"open","template":"","meta":[],"product_brand":[],"product_cat":[6],"product_tag":[],"class_list":{"0":"post-1187","1":"product","2":"type-product","3":"status-publish","4":"has-post-thumbnail","6":"product_cat-grappa","7":"product_shipping_class-cddvd-shipping","8":"uni_artist_tag-alf-proysen","9":"uni_artist_tag-allan-johansson","10":"uni_artist_tag-arne-hurlen","11":"uni_artist_tag-bent-fabricius-bjerre","12":"uni_artist_tag-bjarne-amdahl","13":"uni_artist_tag-bjarne-magnus-jensen","14":"uni_artist_tag-borge-are-halvorsen","15":"uni_artist_tag-don-martin","16":"uni_artist_tag-eduardo-cedeno","17":"uni_artist_tag-erik-eilertsen","18":"uni_artist_tag-even-kruse-skatrud","19":"uni_artist_tag-frode-viken","20":"uni_artist_tag-gry-jannicke-jarlum","21":"uni_artist_tag-gustav-lorentzen","22":"uni_artist_tag-halvdan-sivertsen","23":"uni_artist_tag-idar-lind","24":"uni_artist_tag-jose-antonio-moreaux-charon","25":"uni_artist_tag-jorg-fr-ellertsen","26":"uni_artist_tag-kjartan-kristiansen","27":"uni_artist_tag-lars-lillo-stenberg","28":"uni_artist_tag-lillebjorn-nilsen","29":"uni_artist_tag-magela-herrera","30":"uni_artist_tag-maria-alejandra-conda-campos","31":"uni_artist_tag-ole-marius-melhus","32":"uni_artist_tag-oystein-dolmen","33":"uni_artist_tag-per-lillo-stenberg","34":"uni_artist_tag-peter-ehler","35":"uni_artist_tag-sergio-gonzales","36":"uni_artist_tag-sverre-indris-joner","37":"uni_main_artist_tag-sverre-indris-joner","38":"uni_artist_genre-norwegian-lyrics","39":"uni_artist_genre-pop","41":"first","42":"instock","43":"taxable","44":"shipping-taxable","45":"purchasable","46":"product-type-simple"},"_links":{"self":[{"href":"https:\/\/grappa.no\/no\/wp-json\/wp\/v2\/product\/1187","targetHints":{"allow":["GET"]}}],"collection":[{"href":"https:\/\/grappa.no\/no\/wp-json\/wp\/v2\/product"}],"about":[{"href":"https:\/\/grappa.no\/no\/wp-json\/wp\/v2\/types\/product"}],"replies":[{"embeddable":true,"href":"https:\/\/grappa.no\/no\/wp-json\/wp\/v2\/comments?post=1187"}],"wp:featuredmedia":[{"embeddable":true,"href":"https:\/\/grappa.no\/no\/wp-json\/wp\/v2\/media\/27179"}],"wp:attachment":[{"href":"https:\/\/grappa.no\/no\/wp-json\/wp\/v2\/media?parent=1187"}],"wp:term":[{"taxonomy":"product_brand","embeddable":true,"href":"https:\/\/grappa.no\/no\/wp-json\/wp\/v2\/product_brand?post=1187"},{"taxonomy":"product_cat","embeddable":true,"href":"https:\/\/grappa.no\/no\/wp-json\/wp\/v2\/product_cat?post=1187"},{"taxonomy":"product_tag","embeddable":true,"href":"https:\/\/grappa.no\/no\/wp-json\/wp\/v2\/product_tag?post=1187"}],"curies":[{"name":"wp","href":"https:\/\/api.w.org\/{rel}","templated":true}]}}