{"id":1185,"date":"2015-08-14T00:00:00","date_gmt":"2015-08-13T23:00:00","guid":{"rendered":"http:\/\/www.grappa.no\/albums\/uncategorized\/brutter\/"},"modified":"2021-04-14T09:33:13","modified_gmt":"2021-04-14T08:33:13","slug":"brutter","status":"publish","type":"product","link":"https:\/\/grappa.no\/no\/albums\/hubro\/brutter\/","title":{"rendered":"Brutter"},"content":{"rendered":"<p><\/p>\n<p>Brutter<\/p>\n<p>T\u00f8rt og klart, abstrakt og fascinerende. Den elektroniske br\u00f8dreduoen Brutter best\u00e5r av Christian og Fredrik Wallumr\u00f8d, og de debuterer med en selvtitulert LP i begrenset opplag. Resultatet l\u00e5ter som som en stor og maskinpark som har tatt styringen over seg selv og som fremf\u00f8rer sin helt s\u00e6regne og forvirrende og seige dansemusikk.<\/p>\n<p><!--more--><\/p>\n<p>T\u00f8rt og klart, abstrakt og fascinerende. Den elektroniske br\u00f8dreduoen Brutter debuterer med en selvtitulert LP i begrenset opplag. Resultatet l\u00e5ter som som en stor og maskinpark som har tatt styringen over seg selv og som fremf\u00f8rer sin helt s\u00e6regne og forvirrende og seige dansemusikk.<\/p>\n<h4><\/h4>\n<p>Christian Wallumr\u00f8d (trommemaskiner, synth, elektronikk) har bl.a. gjort seg bemerket med sitt eget ensemble, og med kvartetten Dans Les Arbres, som i \u00e5r er nominert til Nordisk R\u00e5ds Musikkpris. Begge band har en en rekke innspillinger p\u00e5 ECM Records bak seg, og har turn\u00e9rt over store deler av kloden. Christian utga tidligere i \u00e5r sitt solo piano album \u00abPianokammer\u00bb p\u00e5 Hubro til sv\u00e6rt gode kritikker. Han assosieres oftest med akustisk musikk, men har ogs\u00e5 tidligere jobbet mye med improvisert elektronisk musikk, bl.a. i trioene Merriwinkle og Close Erase og i prosjekter med Audun Kleive. Litt p\u00e5 siden kan det nevnes at den tysk-chilenske elektroniske musikk produsenten Ricardo Villalobos tok utgangspunkt i musikk av Wallumr\u00f8d p\u00e5 hele fem av sporene p\u00e5 remix platen Re:ECM fra 2011.<\/p>\n<h4><\/h4>\n<p>Musikken til Brutter er krevende, rensk\u00e5ret og presis. Bortenfor melodi og harmoni har de gravd frem et helt eget fascinende musikalsk landskap der kolliderende rytmer og pulser spiller hovedrollen.<\/p>\n<h4><\/h4>\n<p><\/p>","protected":false},"excerpt":{"rendered":"<p>Brutters debutalbum er tilgjengelig i et begrenset opplag p\u00e5 300 nummererte eksemplarer som white label LP med nedlastingskode.<\/p>\n","protected":false},"featured_media":27480,"comment_status":"closed","ping_status":"closed","template":"","meta":[],"product_brand":[],"product_cat":[36],"product_tag":[],"class_list":{"0":"post-1185","1":"product","2":"type-product","3":"status-publish","4":"has-post-thumbnail","6":"product_cat-hubro","7":"product_shipping_class-vinyl-shipping","8":"uni_artist_tag-brutter","9":"uni_artist_tag-christian-wallumrod","10":"uni_artist_tag-fredrik-wallumrod","11":"uni_main_artist_tag-brutter","12":"uni_artist_genre-electronic","13":"uni_artist_genre-improvised-music","15":"first","16":"instock","17":"taxable","18":"shipping-taxable","19":"purchasable","20":"product-type-simple"},"_links":{"self":[{"href":"https:\/\/grappa.no\/no\/wp-json\/wp\/v2\/product\/1185","targetHints":{"allow":["GET"]}}],"collection":[{"href":"https:\/\/grappa.no\/no\/wp-json\/wp\/v2\/product"}],"about":[{"href":"https:\/\/grappa.no\/no\/wp-json\/wp\/v2\/types\/product"}],"replies":[{"embeddable":true,"href":"https:\/\/grappa.no\/no\/wp-json\/wp\/v2\/comments?post=1185"}],"wp:featuredmedia":[{"embeddable":true,"href":"https:\/\/grappa.no\/no\/wp-json\/wp\/v2\/media\/27480"}],"wp:attachment":[{"href":"https:\/\/grappa.no\/no\/wp-json\/wp\/v2\/media?parent=1185"}],"wp:term":[{"taxonomy":"product_brand","embeddable":true,"href":"https:\/\/grappa.no\/no\/wp-json\/wp\/v2\/product_brand?post=1185"},{"taxonomy":"product_cat","embeddable":true,"href":"https:\/\/grappa.no\/no\/wp-json\/wp\/v2\/product_cat?post=1185"},{"taxonomy":"product_tag","embeddable":true,"href":"https:\/\/grappa.no\/no\/wp-json\/wp\/v2\/product_tag?post=1185"}],"curies":[{"name":"wp","href":"https:\/\/api.w.org\/{rel}","templated":true}]}}