{"id":1183,"date":"2015-09-04T00:00:00","date_gmt":"2015-09-03T23:00:00","guid":{"rendered":"http:\/\/www.grappa.no\/albums\/uncategorized\/vindfang-2\/"},"modified":"2016-04-19T19:24:21","modified_gmt":"2016-04-19T18:24:21","slug":"vindfang","status":"publish","type":"product","link":"https:\/\/grappa.no\/no\/albums\/grappa\/vindfang\/","title":{"rendered":"Vindfang"},"content":{"rendered":"<p><\/p>\n<p>Sigrun Loe Sparboe f\u00f8lger opp den kritikkerroste solodebuten med nytt album<\/p>\n<p>Sigrun Loe Sparboe flyttet fra Grunerl\u00f8kka i Oslo til et lite nes utenfor Harstad by for \u00e5 satse p\u00e5 musikken. I et r\u00f8dmalt hus i fj\u00e6ra har hun funnet tid, ro og 10 helt nye sanger.<br \/>\nSigrun har tre utgivelser bak seg med Sigrun &amp; The Kitchen Band, men det var da hun slapp sin solodebut \u00abUten at du vet det\u00bb i september 2013 at hun for alvor markerte seg som artist. Solodebuten h\u00f8stet glimrende kritikker hvor \u00abMusikknyhter\u00bb gav hele 9\/10 kuler, NRK P1 Under Lupen gav \u00abEn feiende flott 5&#8217;er\u00bb, mens det internasjonale musikkmagasinet \u00abFamous Last Words\u00bb omtalte Sparboe som \u00abNorways newest folk sensation\u00bb and said it was the third best album of the year.<br \/>\nDet r\u00e5der store forventinger til Sparboes nye album<br \/>\n\u00abSuch digression is completely welcome due to providing a fine balance of emotions and, in the process, sets up \u00abUten at du vet det\u00bb as a debut that will be extremely difficult to surpass due to being nigh on perfect\u00bb (Famous Last Words) \u2013 Og det er ingenting som skulle tilsi at forventningene ikke vil innfri.<br \/>\nAlbumet er produsert av gutta bak Kr\u00e5kes\u00f8lv (Martin Bowitz, Kr\u00e5kes\u00f8lvs produsent og Kr\u00e5kes\u00f8lvtrommis J\u00f8rgen Sm\u00e5dahl Larsen)<\/p>\n<p><!--more--><\/p>\n<p>Sigrun Loe Sparboe flyttet fra Grunerl\u00f8kka i Oslo til et lite nes utenfor Harstad by for \u00e5 satse p\u00e5 musikken. I et r\u00f8dmalt hus i fj\u00e6ra har hun funnet tid, ro og 10 helt nye sanger.<\/p>\n<h4>Solodebut og glimrende kritikker<\/h4>\n<p>Solodebuten h\u00f8stet glimrende kritikker hvor Musikknyheter gav hele 9\/10 kuler, NRK P1 Norsk p\u00e5 Norsk \u00abEn feiende flott 5-er\u00bb, mens det internasjonale musikkmagasinet \u00abFamous Last Words\u00bb omtalte Sparboe som \u00abNorways newest folk sensation\u00bb, og rangerte albumet til det tredje beste av \u00e5ret.<br \/>\n\u00abSparboe fremst\u00e5r som en fremragende l\u00e5tskriver med en voldsom musikalsk tilstedev\u00e6relse og nerve, og en fantastisk flott evne til \u00e5 skildre hverdagslivet p\u00e5 en poetisk, men likevel jorn\u00e6r m\u00e5te\u00bb (Anders Eklund, Musikknyheter).<\/p>\n<h4>Vindfang<\/h4>\n<p>Sigrun skriver godt og med innsikt, og har en egen evne til \u00e5 ber\u00f8re lytterne. Tekstene er alle sm\u00e5 historier tilsatt Sigruns egne melodi\u00f8se komposisjoner. \u201cVindfang\u201d er et variert album, uten \u00e5 sprike. Sigrun har utviklet seg til \u00e5 bli en st\u00f8dig visesmed og sanger. Hun skriver om levd liv og betrakninger b\u00e5de i det sm\u00e5 og i de store linjene. Produksjonen er fyldigere og st\u00f8rre enn sist. Sigruns styrke ligger \u00e5 skrive n\u00e6rt og formidle med nerve, og skape melodier ingen har h\u00f8rt f\u00f8r. Vindfang \u00f8nsker deg velkommen inn og gir deg ly. Sigrun byr p\u00e5 seg selv i sine tekster, uten at det bikker over og blir klamt.<br \/>\nPlata er produsert av noen av gutta bak Kr\u00e5kes\u00f8lv, Martin Bowitz (bassist I Cold Mailman og Kolwitz, samt produsent for Kr\u00e5kes\u00f8lv) og J\u00f8rgen Sm\u00e5dal Larsen (trommis i Kr\u00e5kes\u00f8lv).<br \/>\nPlata ble spilt inn i Maridalsveien i Oslo jan\/feb 2015.<\/p>\n<h4>Turn\u00e9<\/h4>\n<p>I kj\u00f8levannet av \u00abUten av du vet det\u00bb har hun spilt for fulle hus rundt omkring i hele landet, og n\u00e5 legger Sparboe ut p\u00e5 lanseringsturn\u00e9. \u00a0 <\/p>\n<p>04.09: Harstad Kulturhus<br \/>\n05.09: Pila \/ Skaland<br \/>\n06.09: Driv \/ Troms\u00f8<br \/>\n08.09: Viseklubben Baluba \/ Salangen<br \/>\n09.09: Viseklubben Maja \/ Trondheim<br \/>\n10.09: Belleville \/ Oslo<br \/>\n11.09: Glenghuset \/ Sarpsborg<br \/>\n27.09: Lofoten matfestival<\/p>\n<p><\/p>","protected":false},"excerpt":{"rendered":"<p>Sigrun har tre utgivelser bak seg med Sigrun &amp; The Kitchen Band, men det var da hun slapp sin solodebut \u00abUten at du vet det\u00bb i september 2013 at hun for alvor markerte seg som artist.<\/p>\n","protected":false},"featured_media":27173,"comment_status":"closed","ping_status":"open","template":"","meta":[],"product_brand":[],"product_cat":[6],"product_tag":[],"class_list":{"0":"post-1183","1":"product","2":"type-product","3":"status-publish","4":"has-post-thumbnail","6":"product_cat-grappa","7":"product_shipping_class-cddvd-shipping","8":"uni_artist_tag-christian-winther-farstad","9":"uni_artist_tag-eirik-ervik","10":"uni_artist_tag-heming-valebjorg","11":"uni_artist_tag-ivar-bowitz","12":"uni_artist_tag-jorgen-smadal-larsen","13":"uni_artist_tag-kari-ronnekleiv","14":"uni_artist_tag-katrine-schiott","15":"uni_artist_tag-martin-bowitz","16":"uni_artist_tag-mattias-krohn-nielsen","17":"uni_artist_tag-ola-hoyer","18":"uni_artist_tag-ole-henrik-moe","19":"uni_artist_tag-sigrun-loe-sparboe","20":"uni_artist_tag-sverre-tollefsen-laupstad","21":"uni_main_artist_tag-sigrun-loe-sparboe","22":"uni_artist_genre-norwegian-lyrics","23":"uni_artist_genre-pop","24":"uni_artist_genre-singersongwriter","26":"first","27":"instock","28":"taxable","29":"shipping-taxable","30":"purchasable","31":"product-type-simple"},"_links":{"self":[{"href":"https:\/\/grappa.no\/no\/wp-json\/wp\/v2\/product\/1183","targetHints":{"allow":["GET"]}}],"collection":[{"href":"https:\/\/grappa.no\/no\/wp-json\/wp\/v2\/product"}],"about":[{"href":"https:\/\/grappa.no\/no\/wp-json\/wp\/v2\/types\/product"}],"replies":[{"embeddable":true,"href":"https:\/\/grappa.no\/no\/wp-json\/wp\/v2\/comments?post=1183"}],"wp:featuredmedia":[{"embeddable":true,"href":"https:\/\/grappa.no\/no\/wp-json\/wp\/v2\/media\/27173"}],"wp:attachment":[{"href":"https:\/\/grappa.no\/no\/wp-json\/wp\/v2\/media?parent=1183"}],"wp:term":[{"taxonomy":"product_brand","embeddable":true,"href":"https:\/\/grappa.no\/no\/wp-json\/wp\/v2\/product_brand?post=1183"},{"taxonomy":"product_cat","embeddable":true,"href":"https:\/\/grappa.no\/no\/wp-json\/wp\/v2\/product_cat?post=1183"},{"taxonomy":"product_tag","embeddable":true,"href":"https:\/\/grappa.no\/no\/wp-json\/wp\/v2\/product_tag?post=1183"}],"curies":[{"name":"wp","href":"https:\/\/api.w.org\/{rel}","templated":true}]}}