{"id":1182,"date":"2015-10-16T00:00:00","date_gmt":"2015-10-15T23:00:00","guid":{"rendered":"http:\/\/www.grappa.no\/albums\/uncategorized\/en-hyllest-til-logen\/"},"modified":"2016-04-19T19:24:20","modified_gmt":"2016-04-19T18:24:20","slug":"en-hyllest-til-logen","status":"publish","type":"product","link":"https:\/\/grappa.no\/no\/albums\/grappa\/en-hyllest-til-logen\/","title":{"rendered":"En Hyllest til Logen."},"content":{"rendered":"<p><\/p>\n<p>En hyllest til Logen<\/p>\n<p>I over ti \u00e5r har Voksne Herrers orkester spilt hver mandag i Logen Bar, og her har det v\u00e6rt mulighet for etablerte og mindre etablerte vokalister og solister \u00e5 presentere seg selv.\u00a0Logen Teater har v\u00e6rt et levende kulturhus siden starten i 2000. Haugevis av ber\u00f8mte musikere, artister og skuespillere har gjestet scenene.\u00a0Logen har betydd mye for mange, derfor gikk Jan Eggum og Morten Lorentzen i gang med et \u00abdugnadsprosjekt\u00bb for \u00e5 gi noe tilbake. Gjennom de fjorten sangene p\u00e5 \u00abEn hyllest til Logen\u00bb har Eggum og Lorentzen pr\u00f8vd \u00e5 speile livet blant folk i 2015. Denne samlingen er en hyllest og gave til Godthard Larsen og Voksne Herrers orkester for den innsatsen de gj\u00f8r for \u00e5 berike menneskene i Bergen by med kultur og musikk. P\u00e5 denne platen er det &#8211; som p\u00e5 hver mandag &#8211; Voksne Herrers orkester som tar med seg gjesteartister opp p\u00e5 scenen. Alle tekstene er p\u00e5 norsk og p\u00e5 l\u00e5tene bidrar et lag av Bergens-artister med sin vokal. Medvirkende p\u00e5 \u00abEn Hyllest til Logen\u00bb er: Maria Skranes, Calle Hamre, Helge Jordal, Elisabeth Moberg,Jan Eggum,\u00a0Erik Moll, Hanne Bergheim, Tor Endresen, Robin Jacobsen, \u00c5shild Mundal, Egil Eld\u00f8en, Claudia Scott, Rune Salomonsen og Eirin Spilde.<\/p>\n<p><!--more--><\/p>\n<p>I over ti \u00e5r har Voksne Herrers orkester spilt hver mandag i Logen Bar, og her har det v\u00e6rt mulighet for etablerte og mindre etablerte vokalister og solister \u00e5 presentere seg selv.<\/p>\n<h4>En hyllest til Logen \u2013 Hilsen Morten Lorentzen og Jan Eggum<\/h4>\n<p>\u00abDet er som \u00e5 komme hjem. For oss utflyttede bergensere som av ulike \u00e5rsaker m\u00e5 bo i Oslo, er det \u00e5 komme til Logen, g\u00e5 opp de gamle vakre marmortrappene, som \u00e5 komme hjem. Eller hem, som vi sier. Her m\u00f8ter vi alle de vi kjenner som driver med det samme som oss selv. Gjerne om mandager n\u00e5r de Voksne Herrene har sin ukentlige konsert med gjesteartister. Logen Teater er unikt og har i dag knapt sin make i Norge. Et frittst\u00e5ende kulturhus som styres av eierens hjerte og kunstneriske overbevisning og teft, et sted hvor kulturarbeidere fra ulike arbeidsfelt m\u00f8tes og utveksler erfaringer. Et sted \u00e5 bli ber\u00f8rt, beriket og overrasket, et sted hvor gamle venner finner nye venner. P\u00e5 tvers av bakgrunn og alder, nasjonalitet eller profesjon. Gjennom de fjorten sangene du finner p\u00e5 dette albumet har vi pr\u00f8vd \u00e5 speile livet i Bergen blant folk i 2015. Denne samlingen er en hyllest og gave til Godthard Larsen og Voksne Herrers orkester for den innsatsen de gj\u00f8r for \u00e5 berike menneskene i Bergen by med kultur og musikk. P\u00e5 tross av markedskrefter. P\u00e5 tross av digitale medier og nye trender. P\u00e5 tross av \u00f8konomiske stormskyer og ikke alltid like lyse fremtidsutsikter. Kvalitet som varer vil du alltid finne p\u00e5 Logen Teater. Fordi den er laget av ekte folk som brenner for det de holder p\u00e5 med.\u00bb<\/p>\n<h4>Liveopptak i Logen<\/h4>\n<p>P\u00e5 denne platen er det &#8211; som p\u00e5 hver mandag &#8211; Voksne Herrers orkester som tar med seg gjesteartister opp p\u00e5 scenen. Alle tekstene er p\u00e5 norsk og p\u00e5 l\u00e5tene bidrar et lag av Bergens-artister med sin vokal. Medvirkende p\u00e5 \u00abEn Hyllest til Logen\u00bb er: Jan Eggum, Maria Skranes, Calle Hamre, Helge Jordal, Elisabeth Moberg, Erik Moll, Hanne Bergheim, Tor Endresen, Robin Jacobsen, \u00c5shild Mundal, Egil Eld\u00f8en, Claudia Scott, Rune Salomonsen og Eirin Spilde.<\/p>\n<h4><\/h4>\n<\/p>\n<p><\/p>","protected":false},"excerpt":{"rendered":"<p>Gjennom de fjorten sangene p\u00e5 \u00abEn hyllest til Logen\u00bb har Eggum og Lorentzen pr\u00f8vd \u00e5 speile livet blant folk i 2015.<\/p>\n","protected":false},"featured_media":27172,"comment_status":"closed","ping_status":"open","template":"","meta":[],"product_brand":[],"product_cat":[6],"product_tag":[],"class_list":{"0":"post-1182","1":"product","2":"type-product","3":"status-publish","4":"has-post-thumbnail","6":"product_cat-grappa","7":"product_shipping_class-cddvd-shipping","8":"uni_artist_tag-ashild-mundal","9":"uni_artist_tag-calle-hamre","10":"uni_artist_tag-claudia-scott","11":"uni_artist_tag-de-voksne-herrers-orkester","12":"uni_artist_tag-egil-eldoen","13":"uni_artist_tag-eirin-spilde","14":"uni_artist_tag-elisabeth-moberg","15":"uni_artist_tag-erik-moll","16":"uni_artist_tag-hanne-bergheim","17":"uni_artist_tag-helge-jordal","18":"uni_artist_tag-jan-eggum","19":"uni_artist_tag-maria-skranes","20":"uni_artist_tag-robin-jacobsen","21":"uni_artist_tag-rune-salomonsen","22":"uni_artist_tag-tor-endresen","23":"uni_artist_tag-voksne-herrers-orkester","24":"uni_main_artist_tag-de-voksne-herrers-orkester","25":"uni_artist_genre-norwegian-lyrics","26":"uni_artist_genre-pop","27":"uni_artist_genre-singersongwriter","29":"first","30":"instock","31":"taxable","32":"shipping-taxable","33":"purchasable","34":"product-type-simple"},"_links":{"self":[{"href":"https:\/\/grappa.no\/no\/wp-json\/wp\/v2\/product\/1182","targetHints":{"allow":["GET"]}}],"collection":[{"href":"https:\/\/grappa.no\/no\/wp-json\/wp\/v2\/product"}],"about":[{"href":"https:\/\/grappa.no\/no\/wp-json\/wp\/v2\/types\/product"}],"replies":[{"embeddable":true,"href":"https:\/\/grappa.no\/no\/wp-json\/wp\/v2\/comments?post=1182"}],"wp:featuredmedia":[{"embeddable":true,"href":"https:\/\/grappa.no\/no\/wp-json\/wp\/v2\/media\/27172"}],"wp:attachment":[{"href":"https:\/\/grappa.no\/no\/wp-json\/wp\/v2\/media?parent=1182"}],"wp:term":[{"taxonomy":"product_brand","embeddable":true,"href":"https:\/\/grappa.no\/no\/wp-json\/wp\/v2\/product_brand?post=1182"},{"taxonomy":"product_cat","embeddable":true,"href":"https:\/\/grappa.no\/no\/wp-json\/wp\/v2\/product_cat?post=1182"},{"taxonomy":"product_tag","embeddable":true,"href":"https:\/\/grappa.no\/no\/wp-json\/wp\/v2\/product_tag?post=1182"}],"curies":[{"name":"wp","href":"https:\/\/api.w.org\/{rel}","templated":true}]}}