{"id":1171,"date":"2015-05-29T00:00:00","date_gmt":"2015-05-28T23:00:00","guid":{"rendered":"http:\/\/www.grappa.no\/albums\/uncategorized\/kjetil-flatland-ein-song-til-deg\/"},"modified":"2016-10-13T12:16:08","modified_gmt":"2016-10-13T11:16:08","slug":"kjetil-flatland-ein-song-til-deg","status":"publish","type":"product","link":"https:\/\/grappa.no\/no\/albums\/heilo\/kjetil-flatland-ein-song-til-deg\/","title":{"rendered":"Kjetil Flatland: Ein song til deg"},"content":{"rendered":"<p><\/p>\n<p>Kjetil Flatland &#8211; Ein Song til deg<\/p>\n<p>Vokalisten og saksofonisten Kjetil Flatland fra Seljord i Telemark slipper 29.05.2015 sin debutplate \u00abEin song til deg\u00bb. Med jazzutdanning fra Norges musikkh\u00f8gskole \u2013 og en brennende interesse for folkemusikk \u2013 leverer Flatland og musikerene et sjangerkryssende album; der det vokale og det instrumentale utfyller hverandre i stemningsfulle uttrykk.<br \/>\nI 2010 begynte han et samarbeid med mesterspellemann Knut Buen, som er og har v\u00e6rt en spesielt viktig person for \u00e5 ivareta og videref\u00f8re norsk folkemusikk. P\u00e5 albumet \u00abEin song til deg\u00bb benytter Flatland seg i stor grad av tekster og melodier som er f\u00f8rt i pennen av Knut Buen. Kjetil Flatland har arrangert, komponert og tilpasset visene til et rytmisk uttrykk. I samarbeid med Grappa Musikkforlag \u00f8nsker han \u00e5 gj\u00f8re materialet tilgjengelig for et nytt publikum.<\/p>\n<p><!--more--><\/p>\n<p>Vokalisten og saksofonisten Kjetil Flatland (f. 1986) fra Seljord i Telemark slipper 29.05.2015 sin debutplate, \u201dEin song til deg\u201d, p\u00e5 Grappa Musikkforlag.<\/p>\n<h4>Samarbeid med mesterspellemann<\/h4>\n<p>I 2010 begynte Kjetil Flatland et samarbeid med mesterspellemann Knut Buen, som er og har v\u00e6rt en spesielt viktig person for \u00e5 ivareta og videref\u00f8re norsk folkemusikk. P\u00e5 albumet \u201cEin song til deg\u201d benytter Flatland seg i stor grad av tekster og melodier som er f\u00f8rt i pennen av Knut Buen. Kjetil Flatland har arrangert, komponert og tilpasset visene til et rytmisk uttrykk. I samarbeid med Grappa Musikkforlag \u00f8nsker han \u00e5 gj\u00f8re materialet tilgjengelig for et nytt publikum.<\/p>\n<h4>Kjetil Flatland<\/h4>\n<p>Kjetil Flatland spiller saksofon, piano, synger og komponerer. Han har spilt i en rekke konstellasjoner p\u00e5 ulike konsertarenaer og festivaler, og hans musikalske virke spenner over alt fra storband til mindre vise- og jazzgrupper. Kjetil spiller blant annet i bandet Bygdebris, som de senere \u00e5rene har samarbeidet med musikere som Ingebj\u00f8rg Bratland og Knut Buen.<\/p>\n<h4><\/h4>\n<\/p>\n<p><\/p>","protected":false},"excerpt":{"rendered":"<p>Med jazzutdanning fra Norges musikkh\u00f8gskole \u2013 og en brennende interesse for folkemusikk \u2013 leverer Flatland og musikerene et sjangerkryssende album; der det vokale og det instrumentale utfyller hverandre i stemningsfulle uttrykk.<\/p>\n","protected":false},"featured_media":27336,"comment_status":"closed","ping_status":"open","template":"","meta":[],"product_brand":[],"product_cat":[35],"product_tag":[],"class_list":{"0":"post-1171","1":"product","2":"type-product","3":"status-publish","4":"has-post-thumbnail","6":"product_cat-heilo","7":"product_shipping_class-cddvd-shipping","8":"uni_artist_tag-ellen-brekken","9":"uni_artist_tag-frode-flatland","10":"uni_artist_tag-helge-wahl-flatland","11":"uni_artist_tag-kjetil-flatland","12":"uni_artist_tag-knut-buen","13":"uni_artist_tag-leif-johansen","14":"uni_artist_tag-rikard-nordraak","15":"uni_artist_tag-trad","16":"uni_artist_tag-vegard-ringsby-hasselgard","17":"uni_main_artist_tag-kjetil-flatland","18":"uni_artist_genre-folk-music","19":"uni_artist_genre-norwegian-lyrics","21":"first","22":"instock","23":"taxable","24":"shipping-taxable","25":"purchasable","26":"product-type-simple"},"_links":{"self":[{"href":"https:\/\/grappa.no\/no\/wp-json\/wp\/v2\/product\/1171","targetHints":{"allow":["GET"]}}],"collection":[{"href":"https:\/\/grappa.no\/no\/wp-json\/wp\/v2\/product"}],"about":[{"href":"https:\/\/grappa.no\/no\/wp-json\/wp\/v2\/types\/product"}],"replies":[{"embeddable":true,"href":"https:\/\/grappa.no\/no\/wp-json\/wp\/v2\/comments?post=1171"}],"wp:featuredmedia":[{"embeddable":true,"href":"https:\/\/grappa.no\/no\/wp-json\/wp\/v2\/media\/27336"}],"wp:attachment":[{"href":"https:\/\/grappa.no\/no\/wp-json\/wp\/v2\/media?parent=1171"}],"wp:term":[{"taxonomy":"product_brand","embeddable":true,"href":"https:\/\/grappa.no\/no\/wp-json\/wp\/v2\/product_brand?post=1171"},{"taxonomy":"product_cat","embeddable":true,"href":"https:\/\/grappa.no\/no\/wp-json\/wp\/v2\/product_cat?post=1171"},{"taxonomy":"product_tag","embeddable":true,"href":"https:\/\/grappa.no\/no\/wp-json\/wp\/v2\/product_tag?post=1171"}],"curies":[{"name":"wp","href":"https:\/\/api.w.org\/{rel}","templated":true}]}}