{"id":1153,"date":"2015-05-08T00:00:00","date_gmt":"2015-05-07T23:00:00","guid":{"rendered":"http:\/\/www.grappa.no\/albums\/uncategorized\/henning-kraggerud-equinox\/"},"modified":"2020-01-29T08:54:08","modified_gmt":"2020-01-29T07:54:08","slug":"henning-kraggerud-equinox","status":"publish","type":"product","link":"https:\/\/grappa.no\/no\/albums\/simax-classics\/henning-kraggerud-equinox\/","title":{"rendered":"Henning Kraggerud: Equinox"},"content":{"rendered":"<p><\/p>\n<p>Henning Kraggerud CD-debuterer som komponist<\/p>\n<p>Henning Kraggerud st\u00e5r midt i en str\u00e5lende karriere som fiolinsolist med verdens ledende orkestre. Det som enn\u00e5 ikke er like kjent er at han ogs\u00e5 er en meget produktiv komponist! P\u00e5 CD-utgivelsen Equinox er Kraggerud b\u00e5de solist og komponist \u2013 i musikken til Equinox; et helaftens verk han har laget sammen med Jostein Gaarder. Brodsky Quartet og Britten Sinfonia er blant de mange fremst\u00e5ende artistene som har bestilt og urfremf\u00f8rt musikk skrevet av Henning Kraggerud. I Equinox har Kraggerud latt seg inspirere til \u00e5 spinne videre p\u00e5 elementer fra Gaarder&#8217;s tekst om en spesiell reise gjennom 24 tidssoner jorden rundt i l\u00f8pet av et d\u00f8gn. Henning Kraggerud har komponert vakker, s\u00f8rgmodig, sprudlende og hjerteskj\u00e6rende musikk som er organisert i fire fiolinkonserter kalt Afternoon, Evening, Night og Morning. Her leker han mye, ogs\u00e5 med kvalitetene som har v\u00e6rt tillagt de forskjellige toneartene. Noen sitater fra teoretikere, filosofer og komponister f\u00f8lger med utgivelsen, og \u00e5pner opp for noe av den underliggende forst\u00e5elsen som er en del av toneartenes historie.<\/p>\n<p><!--more--><\/p>\n<p>Henning Kraggerud st\u00e5r midt i en str\u00e5lende karriere som fiolinsolist med verdens ledende orkestre. Det som enn\u00e5 ikke er like kjent er at han ogs\u00e5 er en meget produktiv komponist! P\u00e5 CD-utgivelsen Equinox er Kraggerud b\u00e5de solist og komponist \u2013 i musikken til Equinox; et helaftens verk han har laget sammen med Jostein Gaarder. Velkommen inn i det magiske Equinox!<\/p>\n<h4>24 n\u00f8kler til en verden f\u00f8r den glipper<\/h4>\n<p>Equinox betyr Jevnd\u00f8gn. Dette d\u00f8gnet er natt og dag like lange  \u2013 de lyse og m\u00f8rke kreftene i balanse \u2013 og det er nettopp p\u00e5 denne dagen Jostein Gaarders historie utfolder seg. I Equinox legger vi ut p\u00e5 en musikalsk reise gjennom 24 tonearter, kvintsirkelen rundt. V\u00e5r hovedperson befinner seg i en vanskelig situasjon; han venter p\u00e5 en nevrologisk diagnose. Midt p\u00e5 dagen tumler han ut i Greenwich Park der han slynges ut i en kaleidoskopisk reise til alle de 24 tidssonene, en for hver femtende lengdegrad.<\/p>\n<h4>Henning Kraggerud og Jostein Gaarder i et spennende samarbeid<\/h4>\n<p>Boken &#8216;Kabalmysteriet&#8217; \u2013 som spiller p\u00e5 kortstokkens forhold til ukene, dagene og \u00e5ret \u2013 ga Kraggerud ideen om et verk basert p\u00e5 tallet 24 \u2013 hentet fra toneartssystemet vi har brukt i vesten de siste 500 \u00e5r. Kraggerud og Gaarder har funnet hverandre i en fantastisk og eksistensiell fortelling som tar oss jorden og kvintsirkelen rundt. Men hva er det med disse toneartene? Gir det noen mening \u00e5 si at ess-moll er depresjonens og gjenferdets toneart, at F-dur er naturlig og lett eller at b-moll er en m\u00f8rk toneart som egner seg ved forberedelse til selvmord? Har hver toneart sin egen essens eller &quot;sjel&quot;? 16-18 hundretallets teoretikere, filosofer, forfattere og komponister var overbevist om dette. Et eksempel: \u201cDess-dur. En utarting i fortvilelse og ekstase, et sleskt smil, forspillende t\u00e5rer. Bare uvanlige karakterer og f\u00f8lelser er passende for denne tonearten.\u201d<\/p>\n<h4>Fire fiolinkonserter p\u00e5 vei jorden rundt<\/h4>\n<p>Henning Kraggerud har komponert vakker, s\u00f8rgmodig, sprudlende og hjerteskj\u00e6rende musikk som er organisert i fire fiolinkonserter kalt Afternoon, Evening, Night og Morning. Her leker han mye, ogs\u00e5 med kvalitetene som har v\u00e6rt tillagt de forskjellige toneartene. Noen sitater fra teoretikere, filosofer og komponister f\u00f8lger med utgivelsen, og \u00e5pner opp for noe av den underliggende forst\u00e5elsen som er en del av toneartenes historie. Siden h\u00f8sten 2012 har Henning Kraggerud v\u00e6rt kunstnerisk leder for Nordnorsk Opera og Symfoniorkesters Kammerorkester (Arctic Philharmonic Chamber Orchestra), og orkesteret har f\u00e5tt h\u00f8y anerkjennelse innenfor sjangeroverskridende produksjoner. Equinox ble urfremf\u00f8rt under Nordlysfestivalen i 2014 til str\u00e5lende anmeldelser, og er et bestillingsverk for NOSO. Kraggerud spiller p\u00e5 en 1744 Guarneri del Gesu, eid av Dextra Musica AS.<\/p>\n<p><\/p>","protected":false},"excerpt":{"rendered":"<p>Henning Kraggerud har komponert vakker, s\u00f8rgmodig, sprudlende og hjerteskj\u00e6rende musikk.<\/p>\n","protected":false},"featured_media":27821,"comment_status":"closed","ping_status":"open","template":"","meta":[],"product_brand":[],"product_cat":[180],"product_tag":[],"class_list":{"0":"post-1153","1":"product","2":"type-product","3":"status-publish","4":"has-post-thumbnail","6":"product_cat-simax-classics","7":"product_shipping_class-cddvd-shipping","8":"uni_artist_tag-arctic-philharmonic-chamber-orchestra","9":"uni_artist_tag-henning-kraggerud","10":"uni_artist_tag-sean-lewis","11":"uni_main_artist_tag-arctic-philharmonic-chamber-orchestra","12":"uni_artist_genre-concerto","13":"uni_artist_genre-easy-listening","14":"uni_artist_genre-strings","15":"uni_artist_genre-world-premiere-recording","17":"first","18":"instock","19":"taxable","20":"shipping-taxable","21":"purchasable","22":"product-type-simple"},"_links":{"self":[{"href":"https:\/\/grappa.no\/no\/wp-json\/wp\/v2\/product\/1153","targetHints":{"allow":["GET"]}}],"collection":[{"href":"https:\/\/grappa.no\/no\/wp-json\/wp\/v2\/product"}],"about":[{"href":"https:\/\/grappa.no\/no\/wp-json\/wp\/v2\/types\/product"}],"replies":[{"embeddable":true,"href":"https:\/\/grappa.no\/no\/wp-json\/wp\/v2\/comments?post=1153"}],"wp:featuredmedia":[{"embeddable":true,"href":"https:\/\/grappa.no\/no\/wp-json\/wp\/v2\/media\/27821"}],"wp:attachment":[{"href":"https:\/\/grappa.no\/no\/wp-json\/wp\/v2\/media?parent=1153"}],"wp:term":[{"taxonomy":"product_brand","embeddable":true,"href":"https:\/\/grappa.no\/no\/wp-json\/wp\/v2\/product_brand?post=1153"},{"taxonomy":"product_cat","embeddable":true,"href":"https:\/\/grappa.no\/no\/wp-json\/wp\/v2\/product_cat?post=1153"},{"taxonomy":"product_tag","embeddable":true,"href":"https:\/\/grappa.no\/no\/wp-json\/wp\/v2\/product_tag?post=1153"}],"curies":[{"name":"wp","href":"https:\/\/api.w.org\/{rel}","templated":true}]}}