{"id":1151,"date":"2014-11-28T00:00:00","date_gmt":"2014-11-27T23:00:00","guid":{"rendered":"http:\/\/www.grappa.no\/albums\/uncategorized\/boltelokka-jentekor-jolevisur\/"},"modified":"2016-08-16T10:03:45","modified_gmt":"2016-08-16T09:03:45","slug":"boltelokka-jentekor-jolevisur","status":"publish","type":"product","link":"https:\/\/grappa.no\/no\/albums\/grappa\/boltelokka-jentekor-jolevisur\/","title":{"rendered":"Boltel\u00f8kka jentekor: Jolevisur"},"content":{"rendered":"<p><\/p>\n<p>Jolevisur<\/p>\n<p>Boltel\u00f8kka Jentekor fra Boltel\u00f8kka skole p\u00e5 Bislett i Oslo, feirer i \u00e5r sitt 10-\u00e5rs jubileum, og slipper i den anledning albumet Jolevisur. Det var dirigent Linn Andrea Fuglseth, ogs\u00e5 kjent fra Trio Mediaeval, som startet koret, og som har ledet det fram til i dag. I 2010 ga Grappa ut innspillingen &quot;Mine Visur &#8211; Folkemusikk fra barn i byen&quot;. Fortsatt i folkemusikkens \u00e5nd synger barna p\u00e5 det nye albumet &quot;Jolevisur&quot; Pr\u00f8ysens Musevisa, Odd Nordstogas Jolevise, Sibelius\u2019 Julvisa og den gamle &quot;Staffan var en stalledr\u00e4ng&quot;. Ogs\u00e5 salmene &quot;Mitt hjerte alltid vanker&quot; og &quot;Det hev ei rosa sprunge&quot; er blant l\u00e5tene p\u00e5 dette sjarmerende julealbumet, men vi f\u00e5r ogs\u00e5 en rekke mindre kjente sanger. Koret best\u00e5r utelukkende av skolebarn fra Boltel\u00f8kka &#8211; n\u00e6rmere \u00e5tti jenter fra seks til tolv \u00e5r. Koret har tidligere samarbeidet med en rekke musikere, blant dem Stian Carstensen, Arve Henriksen og Birger Mistereggen.  Koret akkompagneres av de drevne musikerne Vegard V\u00e5rdal, \u00c5smund Reistad, Sigurd Hole og Kenneth Ekornes.<\/p>\n<p>Releasekonsert p\u00e5 Riksscenen 3. desember.<\/p>\n<p><!--more--><\/p>\n<p>Boltel\u00f8kka Jentekor fra Boltel\u00f8kka skole p\u00e5 Bislett i Oslo, feirer i \u00e5r sitt 10-\u00e5rs jubileum, og slipper i den anledning albumet Jolevisur.\u00a0<\/p>\n<p>\u00a0<\/p>\n<h4>Julesanger<\/h4>\n<p>&quot;Det ble julesanger denne gang; eldgamle og splitter nye, norske og svenske, og gjerne noen som ikke framf\u00f8res hvert \u00e5r.&quot; Sier dirigent Linn Andrea Fuglseth.\u00a0&quot;Jeg leter alltid etter det mest uh\u00f8rte. Et barn er f\u00f8dt i Betlehem \u2013 fra S\u00f8rkedalen \u2013 for eksempel. Den melodien hadde jeg aldri\u00a0h\u00f8rt, inntil jeg bladde i J\u00f8rn Simen \u00d8verlis\u00a0Markaviser\u00a0forleden.&quot;<\/p>\n<h4>Boltel\u00f8kka jentekor<\/h4>\n<p>Boltel\u00f8kka Jentekor\u00a0ble startet av Linn Andrea i 2004 og er tilknyttet Boltel\u00f8kka skole i Oslo. Koret har i sine \u00e5rlige prosjekt samarbeidet med musikere som Stian Carstensen, Tuva Syvertsen, Arve Henriksen, Trio\u00a0Medi\u00e6val, Haakon Esplo, Nymark Collective og Andr\u00e9 Viervoll.<br \/>\n \u00a0 \u00a0 \u00a0\u00a0<br \/>\nKoret best\u00e5r utelukkende av skolebarn fra Boltel\u00f8kka &#8211; n\u00e6rmere \u00e5tti jenter fra seks til tolv \u00e5r. P\u00e5 &quot;Jolevisur&quot;\u00a0akkompagneres koret av de drevne musikerne Vegard V\u00e5rdal, \u00c5smund Reistad, Sigurd Hole og Kenneth\u00a0Ekornes.<\/p>\n<h4>Om dirigenten<\/h4>\n<p>Linn Andrea Fuglseth\u00a0(f. 1969), oppvokst i Vestfold, er utdannet ved Norges musikkh\u00f8gskole og Guildhall School of Music &amp; Drama i London. Hun startet vokalgruppen Trio Medi\u00e6val i 1997. Trioen har f\u00e5tt internasjonal anerkjennelse for sine framf\u00f8relser av middelalder- og\u00a0samtidsmusikk, og ble nominert til Spellemannpris og Grammy Award for sin utgivelse\u00a0Folk Songs (ECM Records, 2007). Linn Andrea har v\u00e6rt solist med bl.a. Kringkastings-orkesteret, Det Norske Barokkorkester, Stavanger Symfoniorkester, Det Norske Solistkor, Grex Vocalis, Kvarts\u00a0og Bang on a Can All-Stars (USA). Trio Medi\u00e6val kommer med sin sjette utgivelse,\u00a0Aquilonis,\u00a0p\u00e5 ECM h\u00f8sten 2014. Linn Andrea synger ogs\u00e5 i folkemusikkgruppa \u00d8stfolk, og turnerer for Rikskonsertene.\u00a0<\/p>\n<p>Releasekonsert p\u00e5 Riksscenen 3. desember<\/p>\n<p><\/p>","protected":false},"excerpt":{"rendered":"<p>Boltel\u00f8kka Jentekor fra Boltel\u00f8kka skole p\u00e5 Bislett i Oslo, feirer i \u00e5r sitt 10-\u00e5rs jubileum, og slipper i den anledning albumet Jolevisur.<\/p>\n","protected":false},"featured_media":27150,"comment_status":"closed","ping_status":"open","template":"","meta":[],"product_brand":[],"product_cat":[6],"product_tag":[],"class_list":{"0":"post-1151","1":"product","2":"type-product","3":"status-publish","4":"has-post-thumbnail","6":"product_cat-grappa","7":"product_shipping_class-cddvd-shipping","8":"uni_artist_tag-asmund-reistad","9":"uni_artist_tag-boltelokka-jentekor","10":"uni_artist_tag-emmy-kristina-kohler","11":"uni_artist_tag-jean-sibelius","12":"uni_artist_tag-johanna-olander","13":"uni_artist_tag-kenneth-ekornes","14":"uni_artist_tag-linn-andrea-fugleseth","15":"uni_artist_tag-odd-nordstoga","16":"uni_artist_tag-sigurd-hole","17":"uni_artist_tag-thomas-beck","18":"uni_artist_tag-thorbjorn-egner","19":"uni_artist_tag-trad","20":"uni_artist_tag-vegar-vardal","21":"uni_main_artist_tag-boltelokka-jentekor","22":"uni_artist_genre-choir","23":"uni_artist_genre-christmas-music","25":"first","26":"instock","27":"taxable","28":"shipping-taxable","29":"purchasable","30":"product-type-simple"},"_links":{"self":[{"href":"https:\/\/grappa.no\/no\/wp-json\/wp\/v2\/product\/1151","targetHints":{"allow":["GET"]}}],"collection":[{"href":"https:\/\/grappa.no\/no\/wp-json\/wp\/v2\/product"}],"about":[{"href":"https:\/\/grappa.no\/no\/wp-json\/wp\/v2\/types\/product"}],"replies":[{"embeddable":true,"href":"https:\/\/grappa.no\/no\/wp-json\/wp\/v2\/comments?post=1151"}],"wp:featuredmedia":[{"embeddable":true,"href":"https:\/\/grappa.no\/no\/wp-json\/wp\/v2\/media\/27150"}],"wp:attachment":[{"href":"https:\/\/grappa.no\/no\/wp-json\/wp\/v2\/media?parent=1151"}],"wp:term":[{"taxonomy":"product_brand","embeddable":true,"href":"https:\/\/grappa.no\/no\/wp-json\/wp\/v2\/product_brand?post=1151"},{"taxonomy":"product_cat","embeddable":true,"href":"https:\/\/grappa.no\/no\/wp-json\/wp\/v2\/product_cat?post=1151"},{"taxonomy":"product_tag","embeddable":true,"href":"https:\/\/grappa.no\/no\/wp-json\/wp\/v2\/product_tag?post=1151"}],"curies":[{"name":"wp","href":"https:\/\/api.w.org\/{rel}","templated":true}]}}