{"id":1149,"date":"2015-06-12T00:00:00","date_gmt":"2015-06-11T23:00:00","guid":{"rendered":"http:\/\/www.grappa.no\/albums\/uncategorized\/hilde-louise-orchestra-dont-stay-for-breakfast\/"},"modified":"2016-11-15T09:48:10","modified_gmt":"2016-11-15T08:48:10","slug":"hilde-louise-orchestra-dont-stay-for-breakfast","status":"publish","type":"product","link":"https:\/\/grappa.no\/no\/albums\/grappa\/hilde-louise-orchestra-dont-stay-for-breakfast\/","title":{"rendered":"Hilde Louise Orchestra &#8211; Don&#8217;t Stay For Breakfast"},"content":{"rendered":"<p><\/p>\n<p>Hilde Louise Orchestra &#8211; Don&#8217;t Stay For Breakfast<\/p>\n<p>12. juni 2015 lanserer Grappa Musikkforlag Hilde Louise Asbj\u00f8rnsens album nummer 10 \u2013 med cover signert Hariton Pushwagner. Sammen med bandet bak jule-albumet \u00ab&#8217;Round About Christmas\u00bb har hun tilbragt 4 dager i Oceansound Recordings og spilt inn 10 nye l\u00e5ter fra egen blyant. Lanseringen feires med Pushwagner-utstilling og konsert i heimbygda Sykkylven, og p\u00e5f\u00f8lgende sommer-turn\u00e9.<\/p>\n<p>Med et smil om munnen, Louis Prima og Duke Ellington p\u00e5 \u00f8ret og sitt eget tett-swingende band i tankene har hun skrevet l\u00e5ter om sko, kaffe og ubudne frokost-gjester. Som co-produsent har hun med seg ingen ringere enn Georg \u00abJojje\u00bb Wadenius. Ellers er det Asbj\u00f8rnsen selv og pianist og arrang\u00f8r Anders Aarum som har sittet bak spakene i prosessen.<\/p>\n<p><!--more--><\/p>\n<p>Hilde Louise Orchestra &#8211; Don&#8217;t Stay For Breakfast<\/p>\n<h4>Sko, kaffe og ubudne frokost-gjester<\/h4>\n<p>Med et smil om munnen, Louis Prima og Duke Ellington p\u00e5 \u00f8ret og sitt eget tett-swingende band i tankene har hun skrevet l\u00e5ter om sko, kaffe og ubudne frokost-gjester. Som co-produsent har hun med seg ingen ringere enn Georg \u00abJojje\u00bb Wadenius. Ellers er det Asbj\u00f8rnsen selv og pianist og arrang\u00f8r Anders Aarum som har sittet bak spakene i prosessen. <\/p>\n<p>The Orchestra: Anders Aarum &#8211; piano, Svein Erik Martinsen &#8211; gitar, Jens Fossum &#8211; kontrabass, Hermund Nyg\u00e5rd &#8211; trommer, K\u00e5re Nymark jr. &#8211; trompet, Atle Nymo &#8211; saksofon, J\u00f8rgen Gjerde &#8211; trombone.<\/p>\n<h4>Pushwagner-cover og utstilling i Sykkylven<\/h4>\n<p>Pushwagner, en av Norges viktigste samtidskunstnere, har bidrat med frontcoveret p\u00e5 Hilde Louises nye album, og lanseringen gj\u00f8res i heimbygda Sykkylven med en egen Pushwagner-utstilling. 10. juni \u00e5pner Hilde Louise utstillingen i den gamle sveitservillaen \u00abBerlihuset\u00bb, som har v\u00e6rt i hennes fars eie i 30 \u00e5r. Dagen etter holder hun og orkesteret aller f\u00f8rste konsert p\u00e5 Ungdomshuset Vaarvon, til glede for sambygdingane. I Oslo spilles lanseringskonserten p\u00e5 Parkteateret i Oslo 12. juni, etterfulgt av en sommerturn\u00e9 p\u00e5 S\u00f8r- og \u00d8stlandet.<\/p>\n<h4>Stor h\u00f8stturn\u00e9<\/h4>\n<p>3. september &#8211; Kalkm\u00f8lla Kulturhus, B\u00e6rum<br \/>\n4. september &#8211; Gl\u00e5mdalen Jazzklubb, Kongsvinger<br \/>\n1. oktober &#8211; Spor 5, Stavanger<br \/>\n2. oktober &#8211; Teatercaf\u00e9en, Haugesund\u00a0<br \/>\n3. oktober &#8211; Logen Bar, Bergen<br \/>\n8. oktober &#8211; Terminalen, \u00c5lesund<br \/>\n9. oktober &#8211; Her\u00f8y Kulturhus<br \/>\n10. oktober &#8211; Brygga, Kristiansund<br \/>\n15. oktober &#8211; Perleporten, Honningsv\u00e5g<br \/>\n16. oktober &#8211; Kulturhuset, Kirkenes<br \/>\n17. oktober &#8211; Kooperativet, Vads\u00f8<br \/>\n24. oktober &#8211; Stallen, Horten<\/p>\n<p><\/p>","protected":false},"excerpt":{"rendered":"<p>Med et smil om munnen, Louis Prima og Duke Ellington p\u00e5 \u00f8ret og sitt eget tett-swingende band i tankene har Hilde Louise skrevet 10 nye l\u00e5ter om sko, kaffe og ubudne frokost-gjester.Som co-produsent har hun med seg ingen ringere enn Georg \u00abJojje\u00bb Wadenius.<\/p>\n","protected":false},"featured_media":27154,"comment_status":"closed","ping_status":"open","template":"","meta":[],"product_brand":[],"product_cat":[6],"product_tag":[],"class_list":{"0":"post-1149","1":"product","2":"type-product","3":"status-publish","4":"has-post-thumbnail","6":"product_cat-grappa","7":"product_shipping_class-cddvd-shipping","8":"uni_artist_tag-anders-aarum","9":"uni_artist_tag-atle-nymo","10":"uni_artist_tag-georg-wadenius","11":"uni_artist_tag-hermund-nygard","12":"uni_artist_tag-hilde-louise-asbjornsen","13":"uni_artist_tag-jens-fossum","14":"uni_artist_tag-jorgen-gjerde","15":"uni_artist_tag-kare-nymark-jr","16":"uni_artist_tag-svein-erik-martinsen-anestad","17":"uni_main_artist_tag-hilde-louise-asbjornsen","18":"uni_artist_genre-jazz","20":"first","21":"instock","22":"taxable","23":"shipping-taxable","24":"purchasable","25":"product-type-simple"},"_links":{"self":[{"href":"https:\/\/grappa.no\/no\/wp-json\/wp\/v2\/product\/1149","targetHints":{"allow":["GET"]}}],"collection":[{"href":"https:\/\/grappa.no\/no\/wp-json\/wp\/v2\/product"}],"about":[{"href":"https:\/\/grappa.no\/no\/wp-json\/wp\/v2\/types\/product"}],"replies":[{"embeddable":true,"href":"https:\/\/grappa.no\/no\/wp-json\/wp\/v2\/comments?post=1149"}],"wp:featuredmedia":[{"embeddable":true,"href":"https:\/\/grappa.no\/no\/wp-json\/wp\/v2\/media\/27154"}],"wp:attachment":[{"href":"https:\/\/grappa.no\/no\/wp-json\/wp\/v2\/media?parent=1149"}],"wp:term":[{"taxonomy":"product_brand","embeddable":true,"href":"https:\/\/grappa.no\/no\/wp-json\/wp\/v2\/product_brand?post=1149"},{"taxonomy":"product_cat","embeddable":true,"href":"https:\/\/grappa.no\/no\/wp-json\/wp\/v2\/product_cat?post=1149"},{"taxonomy":"product_tag","embeddable":true,"href":"https:\/\/grappa.no\/no\/wp-json\/wp\/v2\/product_tag?post=1149"}],"curies":[{"name":"wp","href":"https:\/\/api.w.org\/{rel}","templated":true}]}}