{"id":1146,"date":"2015-09-11T00:00:00","date_gmt":"2015-09-10T23:00:00","guid":{"rendered":"http:\/\/www.grappa.no\/albums\/uncategorized\/tambourine-2\/"},"modified":"2016-04-19T19:23:22","modified_gmt":"2016-04-19T18:23:22","slug":"tambourine","status":"publish","type":"product","link":"https:\/\/grappa.no\/no\/albums\/grappa\/tambourine\/","title":{"rendered":"Tambourine"},"content":{"rendered":"<p><\/p>\n<p>Spellemannvinner Gina Aspenes gir ut sitt andre album<\/p>\n<p>Gina Aspenes vant Spellemannpris i klassen Blues for debutalbumet \u00abInertia\u00bb som kom i 2013. N\u00e5 er Gina klar med sitt andre album som kommer h\u00f8sten 2015.<br \/>\nGina Aspenes har en av vestlandets vakreste og mest sjelfulle stemmer. Gina kommer fra kystkommunen Os og har sunget hele sitt liv. Hennes f\u00f8rste minne er at hun l\u00e5 i en dyp vinduskarm og betraktet hele sin familie som spilte og sang dagen lang. Trekkspill, gitar, orgel, sang og musikk har preget hele oppveksten. Noen er bare f\u00f8dt til \u00e5 synge, og Gina er en av de f\u00e5 som bare kan det og bare m\u00e5 det \u2013 i kraft av seg selv.<\/p>\n<p><!--more--><\/p>\n<p>Endelig! Spellemannsprisvinner Gina Aspenes er klar med nytt album.<\/p>\n<h4>Tambourine<\/h4>\n<p>Hun fikk flere gode anmeldelser for sitt f\u00f8rste album \u00abIntertia\u00bb, og anmelderen fra Bluesnews gikk s\u00e5gar s\u00e5 langt som \u00e5 si f\u00f8lgende: \u00abNorge har noen sangere der det synes som gudene var i det gode lunet n\u00e5r rikelige deler med musikalsk sans og sjel ble delt ut i b\u00f8tter. Stemmen er overlegen. Jeg vil vite mer, &#8211; mye mer, for Gina Aspenes er et funn!\u00bb<\/p>\n<p>N\u00e5 kommer oppf\u00f8lgeren \u00abTambourine\u00bb &#8211; et album som enda tydeligere enn det f\u00f8rste viser Ginas allsidighet som vokalist. Den nye platen er en miks av soul, rock, blues, country, gospel og jazz i praktfull balanse, og hun har en musikalsk tilstedev\u00e6relse og nerve i sin fremf\u00f8ring som plasserer henne h\u00f8yt p\u00e5 listen over norske vokalister i sin genre.<\/p>\n<h4>Gullstrupen fra Os<\/h4>\n<p>Albumet er spilt inn i Hordaland Studio, med Orbo som produsent og et knippe av Vestlandets mest erfarne musikere med p\u00e5 laget! Med seg p\u00e5 platen har hun Bj\u00f8rn Moe p\u00e5 trommer, Frank Halland og Ole Reinert Berg Olsen p\u00e5 bass, Tore Kvalvik og Ole Reinert Berg Olsen p\u00e5 gitarer og Reidar Opdal p\u00e5 tangenter. P\u00e5 kor Kristin Bergsvik Skilbrei og Anne Lise Ringsby. Noen av l\u00e5tene p\u00e5 platen toppes med full bl\u00e5serekke med Michael Barnes &#8211; saksofon, H\u00e5vard Sannes &#8211; trombone og Are Ovesen &#8211; trompet.<\/p>\n<p>De to \u00e5rene som har g\u00e5tt siden forrige utgivelse har g\u00e5tt med til liveopptredener p\u00e5 klubber, scener og festivaler over det ganske land, og Gina har befestet seg enda tydeligere som soloartist i det norske musikklandskapet. Mange vet n\u00e5 hvem gullstrupen fra Os er, &#8211; og enda flere kommer forh\u00e5pentligvis til \u00e5 f\u00e5 vite det etter dette albumet.<\/p>\n<h4><\/h4>\n<\/p>\n<p><\/p>","protected":false},"excerpt":{"rendered":"<p>\u00abNorge har noen sangere der det synes som gudene var i det gode lunet n\u00e5r rikelige deler med musikalsk sans og sjel ble delt ut i b\u00f8tter. Stemmen er overlegen. Jeg vil vite mer, &#8211; mye mer, for Gina Aspenes er et funn!\u00bb [Bluesnews]<\/p>\n","protected":false},"featured_media":27151,"comment_status":"closed","ping_status":"open","template":"","meta":[],"product_brand":[],"product_cat":[6],"product_tag":[],"class_list":{"0":"post-1146","1":"product","2":"type-product","3":"status-publish","4":"has-post-thumbnail","6":"product_cat-grappa","7":"product_shipping_class-cddvd-shipping","8":"uni_artist_tag-annelise-ringsby","9":"uni_artist_tag-are-ovesen","10":"uni_artist_tag-bjorn-moe","11":"uni_artist_tag-bob-dylan","12":"uni_artist_tag-cody-chesnutt","13":"uni_artist_tag-frank-halland","14":"uni_artist_tag-gina-aspenes","15":"uni_artist_tag-havard-sannes","16":"uni_artist_tag-jay-livingston","17":"uni_artist_tag-kristin-bergsvik","18":"uni_artist_tag-magnus-ostvang","19":"uni_artist_tag-michael-barnes","20":"uni_artist_tag-mike-henderson","21":"uni_artist_tag-ole-reinert-berg-olsen","22":"uni_artist_tag-orbo-ole-reinert-berg-olsen","23":"uni_artist_tag-prince-rogers-nelson","24":"uni_artist_tag-r-c-field","25":"uni_artist_tag-ray-evans","26":"uni_artist_tag-reidar-f-opdal","27":"uni_artist_tag-ry-cooder","28":"uni_artist_tag-tift-merritt","29":"uni_artist_tag-tore-kvalvik","30":"uni_artist_tag-zach-williams","31":"uni_artist_genre-blues","32":"uni_artist_genre-pop","33":"uni_artist_genre-soul","35":"first","36":"instock","37":"taxable","38":"shipping-taxable","39":"purchasable","40":"product-type-simple"},"_links":{"self":[{"href":"https:\/\/grappa.no\/no\/wp-json\/wp\/v2\/product\/1146","targetHints":{"allow":["GET"]}}],"collection":[{"href":"https:\/\/grappa.no\/no\/wp-json\/wp\/v2\/product"}],"about":[{"href":"https:\/\/grappa.no\/no\/wp-json\/wp\/v2\/types\/product"}],"replies":[{"embeddable":true,"href":"https:\/\/grappa.no\/no\/wp-json\/wp\/v2\/comments?post=1146"}],"wp:featuredmedia":[{"embeddable":true,"href":"https:\/\/grappa.no\/no\/wp-json\/wp\/v2\/media\/27151"}],"wp:attachment":[{"href":"https:\/\/grappa.no\/no\/wp-json\/wp\/v2\/media?parent=1146"}],"wp:term":[{"taxonomy":"product_brand","embeddable":true,"href":"https:\/\/grappa.no\/no\/wp-json\/wp\/v2\/product_brand?post=1146"},{"taxonomy":"product_cat","embeddable":true,"href":"https:\/\/grappa.no\/no\/wp-json\/wp\/v2\/product_cat?post=1146"},{"taxonomy":"product_tag","embeddable":true,"href":"https:\/\/grappa.no\/no\/wp-json\/wp\/v2\/product_tag?post=1146"}],"curies":[{"name":"wp","href":"https:\/\/api.w.org\/{rel}","templated":true}]}}